{"id":548,"date":"2014-11-24T07:30:28","date_gmt":"2014-11-24T06:30:28","guid":{"rendered":"http:\/\/wp.elmasove.com\/product\/caixa-30-ampolles-quintos-damm-devoluci-3-90-al-retornar-l-env-s\/"},"modified":"2023-04-11T09:21:45","modified_gmt":"2023-04-11T07:21:45","slug":"caixa-30-ampolles-quintos-damm-devoluci-3-90-al-retornar-l-env-s","status":"publish","type":"product","link":"https:\/\/tenda.elmasove.com\/es\/tienda\/begudes\/cerveses\/caixa-30-ampolles-quintos-damm-devoluci-3-90-al-retornar-l-env-s\/","title":{"rendered":"Cerveza Quintos \u201cEstrella Damm\u201d (30u x 20cl) \u2013 Retornable"},"content":{"rendered":"<p>Cerveza Quintos Estrella Damm botella de 20 cl. caja 30 unidades retornables. Es la culminaci\u00f3n de la experiencia centenaria de Damm en la elaboraci\u00f3n de cervezas. Cerveza lager de gusto y car\u00e1cter universal, ideal para beber en cualquier momento del d\u00eda. De cuidada elaboraci\u00f3n y gran calidad, fruto de la selecci\u00f3n de sus materias primas. Destaca por su cremosa espuma aromatizada por el l\u00fapulo y su refrescante sabor. Grado alcoh\u00f3lico: 5,4\u00ba.<\/p>","protected":false},"excerpt":{"rendered":"<p>Cerveza Quintos Estrella Damm botella de 20 cl. caja 30 unidades retornables. Es la culminaci\u00f3n de la experiencia centenaria de Damm en la elaboraci\u00f3n de cervezas. Cerveza lager de gusto y car\u00e1cter universal, ideal para beber en cualquier momento del d\u00eda. De cuidada elaboraci\u00f3n y gran calidad, fruto de la selecci\u00f3n de sus materias primas. Destaca por su cremosa espuma aromatizada por el l\u00fapulo y su refrescante sabor. Grado alcoh\u00f3lico: 5,4\u00ba.<\/p>","protected":false},"featured_media":547,"template":"","meta":[],"pwb-brand":[227],"product_brand":[],"product_cat":[172,38,17],"product_tag":[],"class_list":{"0":"post-548","1":"product","2":"type-product","3":"status-publish","4":"has-post-thumbnail","6":"pwb-brand-estrella-damm","7":"product_cat-retornables","8":"product_cat-cerveses","9":"product_cat-begudes","11":"first","12":"instock","13":"taxable","14":"shipping-taxable","15":"purchasable","16":"product-type-simple"},"brands":[{"id":227,"name":"Estrella Damm","slug":"estrella-damm"}],"_links":{"self":[{"href":"https:\/\/tenda.elmasove.com\/es\/wp-json\/wp\/v2\/product\/548","targetHints":{"allow":["GET"]}}],"collection":[{"href":"https:\/\/tenda.elmasove.com\/es\/wp-json\/wp\/v2\/product"}],"about":[{"href":"https:\/\/tenda.elmasove.com\/es\/wp-json\/wp\/v2\/types\/product"}],"wp:featuredmedia":[{"embeddable":true,"href":"https:\/\/tenda.elmasove.com\/es\/wp-json\/wp\/v2\/media\/547"}],"wp:attachment":[{"href":"https:\/\/tenda.elmasove.com\/es\/wp-json\/wp\/v2\/media?parent=548"}],"wp:term":[{"taxonomy":"pwb-brand","embeddable":true,"href":"https:\/\/tenda.elmasove.com\/es\/wp-json\/wp\/v2\/pwb-brand?post=548"},{"taxonomy":"product_brand","embeddable":true,"href":"https:\/\/tenda.elmasove.com\/es\/wp-json\/wp\/v2\/product_brand?post=548"},{"taxonomy":"product_cat","embeddable":true,"href":"https:\/\/tenda.elmasove.com\/es\/wp-json\/wp\/v2\/product_cat?post=548"},{"taxonomy":"product_tag","embeddable":true,"href":"https:\/\/tenda.elmasove.com\/es\/wp-json\/wp\/v2\/product_tag?post=548"}],"curies":[{"name":"wp","href":"https:\/\/api.w.org\/{rel}","templated":true}]}}