{"id":544,"date":"2014-11-24T07:30:28","date_gmt":"2014-11-24T06:30:28","guid":{"rendered":"http:\/\/wp.elmasove.com\/product\/caixa-24-ampolles-mitjanes-sant-miquel-devoluci-3-90-al-retornar-l-env-s\/"},"modified":"2026-03-06T11:00:55","modified_gmt":"2026-03-06T10:00:55","slug":"cervesa-san-miguel-mitjana-retornable","status":"publish","type":"product","link":"https:\/\/tenda.elmasove.com\/es\/tienda\/begudes\/cerveses\/cervesa-san-miguel-mitjana-retornable\/","title":{"rendered":"Cerveza Media \u201cSan Miguel\u201d (24u x 33cl) \u2013 Retornable"},"content":{"rendered":"<p>Cerveza Media San Miguel, botella de 33 cl. caja 24 unidades retornables. Cerveza tipo Pilsen de gran popularidad. De color oro p\u00e1lido, combina la suavidad con un sabor intenso y de l\u00fapulo. Graduaci\u00f3n alcoh\u00f3lica: 5,4 \u00ba.<\/p>","protected":false},"excerpt":{"rendered":"<p>Cerveza Media San Miguel, botella de 33 cl. caja 24 unidades retornables. Cerveza tipo Pilsen de gran popularidad. De color oro p\u00e1lido, combina la suavidad con un sabor intenso y de l\u00fapulo. Graduaci\u00f3n alcoh\u00f3lica: 5,4 \u00ba.<\/p>","protected":false},"featured_media":543,"template":"","meta":[],"pwb-brand":[235],"product_brand":[],"product_cat":[172,38,17],"product_tag":[],"class_list":{"0":"post-544","1":"product","2":"type-product","3":"status-publish","4":"has-post-thumbnail","6":"pwb-brand-san-miguel","7":"product_cat-retornables","8":"product_cat-cerveses","9":"product_cat-begudes","11":"first","12":"instock","13":"taxable","14":"shipping-taxable","15":"purchasable","16":"product-type-simple"},"brands":[{"id":235,"name":"San Miguel","slug":"san-miguel"}],"_links":{"self":[{"href":"https:\/\/tenda.elmasove.com\/es\/wp-json\/wp\/v2\/product\/544","targetHints":{"allow":["GET"]}}],"collection":[{"href":"https:\/\/tenda.elmasove.com\/es\/wp-json\/wp\/v2\/product"}],"about":[{"href":"https:\/\/tenda.elmasove.com\/es\/wp-json\/wp\/v2\/types\/product"}],"wp:featuredmedia":[{"embeddable":true,"href":"https:\/\/tenda.elmasove.com\/es\/wp-json\/wp\/v2\/media\/543"}],"wp:attachment":[{"href":"https:\/\/tenda.elmasove.com\/es\/wp-json\/wp\/v2\/media?parent=544"}],"wp:term":[{"taxonomy":"pwb-brand","embeddable":true,"href":"https:\/\/tenda.elmasove.com\/es\/wp-json\/wp\/v2\/pwb-brand?post=544"},{"taxonomy":"product_brand","embeddable":true,"href":"https:\/\/tenda.elmasove.com\/es\/wp-json\/wp\/v2\/product_brand?post=544"},{"taxonomy":"product_cat","embeddable":true,"href":"https:\/\/tenda.elmasove.com\/es\/wp-json\/wp\/v2\/product_cat?post=544"},{"taxonomy":"product_tag","embeddable":true,"href":"https:\/\/tenda.elmasove.com\/es\/wp-json\/wp\/v2\/product_tag?post=544"}],"curies":[{"name":"wp","href":"https:\/\/api.w.org\/{rel}","templated":true}]}}