{"id":542,"date":"2014-11-24T07:30:28","date_gmt":"2014-11-24T06:30:28","guid":{"rendered":"http:\/\/wp.elmasove.com\/product\/caixa-24-llaunes-free-damm-0-0\/"},"modified":"2026-03-06T10:57:15","modified_gmt":"2026-03-06T09:57:15","slug":"cervesa-free-damm-00","status":"publish","type":"product","link":"https:\/\/tenda.elmasove.com\/es\/tienda\/begudes\/cerveses\/cervesa-free-damm-00\/","title":{"rendered":"Cerveza \u201cFree Damm\u201d 0&#039;0 (24u)"},"content":{"rendered":"<p>Cerveza Damm sin alcohol, latas de 33 cl. caja 24 unidades. Cerveza sin alcohol que ha reducido hasta la m\u00ednima expresi\u00f3n su contenido cal\u00f3rico. Producto de gran calidad, aut\u00e9ntico y con todo su gusto, pero con menos calor\u00edas (s\u00f3lo 10 kcal. por cada 100 ml.). Grado alcoh\u00f3lico 0,0\u00ba.<\/p>","protected":false},"excerpt":{"rendered":"<p>Cerveza Damm sin alcohol, latas de 33 cl. caja 24 unidades. Cerveza sin alcohol que ha reducido hasta la m\u00ednima expresi\u00f3n su contenido cal\u00f3rico. Producto de gran calidad, aut\u00e9ntico y con todo su gusto, pero con menos calor\u00edas (s\u00f3lo 10 kcal. por cada 100 ml.). Grado alcoh\u00f3lico 0,0\u00ba.<\/p>","protected":false},"featured_media":541,"template":"","meta":[],"pwb-brand":[234],"product_brand":[],"product_cat":[38,17],"product_tag":[],"class_list":{"0":"post-542","1":"product","2":"type-product","3":"status-publish","4":"has-post-thumbnail","6":"pwb-brand-free-damm","7":"product_cat-cerveses","8":"product_cat-begudes","10":"first","11":"instock","12":"taxable","13":"shipping-taxable","14":"purchasable","15":"product-type-simple"},"brands":[{"id":234,"name":"Free Damm","slug":"free-damm"}],"_links":{"self":[{"href":"https:\/\/tenda.elmasove.com\/es\/wp-json\/wp\/v2\/product\/542","targetHints":{"allow":["GET"]}}],"collection":[{"href":"https:\/\/tenda.elmasove.com\/es\/wp-json\/wp\/v2\/product"}],"about":[{"href":"https:\/\/tenda.elmasove.com\/es\/wp-json\/wp\/v2\/types\/product"}],"wp:featuredmedia":[{"embeddable":true,"href":"https:\/\/tenda.elmasove.com\/es\/wp-json\/wp\/v2\/media\/541"}],"wp:attachment":[{"href":"https:\/\/tenda.elmasove.com\/es\/wp-json\/wp\/v2\/media?parent=542"}],"wp:term":[{"taxonomy":"pwb-brand","embeddable":true,"href":"https:\/\/tenda.elmasove.com\/es\/wp-json\/wp\/v2\/pwb-brand?post=542"},{"taxonomy":"product_brand","embeddable":true,"href":"https:\/\/tenda.elmasove.com\/es\/wp-json\/wp\/v2\/product_brand?post=542"},{"taxonomy":"product_cat","embeddable":true,"href":"https:\/\/tenda.elmasove.com\/es\/wp-json\/wp\/v2\/product_cat?post=542"},{"taxonomy":"product_tag","embeddable":true,"href":"https:\/\/tenda.elmasove.com\/es\/wp-json\/wp\/v2\/product_tag?post=542"}],"curies":[{"name":"wp","href":"https:\/\/api.w.org\/{rel}","templated":true}]}}