{"id":536,"date":"2014-11-24T07:30:28","date_gmt":"2014-11-24T06:30:28","guid":{"rendered":"http:\/\/wp.elmasove.com\/product\/caixa-24-llaunes-cervesa-sant-miquel\/"},"modified":"2026-03-05T12:17:59","modified_gmt":"2026-03-05T11:17:59","slug":"cervesa-san-miguel-llauna","status":"publish","type":"product","link":"https:\/\/tenda.elmasove.com\/es\/tienda\/begudes\/cerveses\/cervesa-san-miguel-llauna\/","title":{"rendered":"Cerveza \u201cSan Miguel\u201d lata (24u)"},"content":{"rendered":"<p>Cervesa San Miguel, llaunes de 33 cl. caixa 24 unitats. Cervesa tipus Pilsen de gran popularitat. De color or p\u00e0l.lid, combina la suavitat amb un gust intens i de ll\u00fapol. Graduaci\u00f3 alcoh\u00f2lica: 5,4\u00ba.<\/p>","protected":false},"excerpt":{"rendered":"<p>Cervesa San Miguel, llaunes de 33 cl. caixa 24 unitats. Cervesa tipus Pilsen de gran popularitat. De color or p\u00e0l.lid, combina la suavitat amb un gust intens i de ll\u00fapol. Graduaci\u00f3 alcoh\u00f2lica: 5,4\u00ba.<\/p>","protected":false},"featured_media":535,"template":"","meta":[],"pwb-brand":[235],"product_brand":[],"product_cat":[38],"product_tag":[],"class_list":{"0":"post-536","1":"product","2":"type-product","3":"status-publish","4":"has-post-thumbnail","6":"pwb-brand-san-miguel","7":"product_cat-cerveses","9":"first","10":"instock","11":"taxable","12":"shipping-taxable","13":"purchasable","14":"product-type-simple"},"brands":[{"id":235,"name":"San Miguel","slug":"san-miguel"}],"_links":{"self":[{"href":"https:\/\/tenda.elmasove.com\/es\/wp-json\/wp\/v2\/product\/536","targetHints":{"allow":["GET"]}}],"collection":[{"href":"https:\/\/tenda.elmasove.com\/es\/wp-json\/wp\/v2\/product"}],"about":[{"href":"https:\/\/tenda.elmasove.com\/es\/wp-json\/wp\/v2\/types\/product"}],"wp:featuredmedia":[{"embeddable":true,"href":"https:\/\/tenda.elmasove.com\/es\/wp-json\/wp\/v2\/media\/535"}],"wp:attachment":[{"href":"https:\/\/tenda.elmasove.com\/es\/wp-json\/wp\/v2\/media?parent=536"}],"wp:term":[{"taxonomy":"pwb-brand","embeddable":true,"href":"https:\/\/tenda.elmasove.com\/es\/wp-json\/wp\/v2\/pwb-brand?post=536"},{"taxonomy":"product_brand","embeddable":true,"href":"https:\/\/tenda.elmasove.com\/es\/wp-json\/wp\/v2\/product_brand?post=536"},{"taxonomy":"product_cat","embeddable":true,"href":"https:\/\/tenda.elmasove.com\/es\/wp-json\/wp\/v2\/product_cat?post=536"},{"taxonomy":"product_tag","embeddable":true,"href":"https:\/\/tenda.elmasove.com\/es\/wp-json\/wp\/v2\/product_tag?post=536"}],"curies":[{"name":"wp","href":"https:\/\/api.w.org\/{rel}","templated":true}]}}