{"id":534,"date":"2014-11-24T07:30:28","date_gmt":"2014-11-24T06:30:28","guid":{"rendered":"http:\/\/wp.elmasove.com\/product\/caixa-24-llaunes-cervesa-damm\/"},"modified":"2023-04-11T09:43:44","modified_gmt":"2023-04-11T07:43:44","slug":"caixa-24-llaunes-cervesa-damm","status":"publish","type":"product","link":"https:\/\/tenda.elmasove.com\/es\/tienda\/begudes\/cerveses\/caixa-24-llaunes-cervesa-damm\/","title":{"rendered":"Cerveza lata \u201cEstrella Damm\u201d (24u)"},"content":{"rendered":"<p>Cerveza Estrella Damm. Latas de 33 cl. caja 24 unidades. Es la culminaci\u00f3n de la experiencia centenaria de Damm en la elaboraci\u00f3n de cervezas. Cerveza lager de gusto y car\u00e1cter universal, ideal para beber en cualquier momento del d\u00eda. De cuidada elaboraci\u00f3n y gran calidad, fruto de la selecci\u00f3n de sus materias primas. Destaca su cremosa espuma aromatizada por el l\u00fapulo y su refrescante sabor. Grado alcoh\u00f3lico: 5,4\u00ba.<\/p>","protected":false},"excerpt":{"rendered":"<p>Cerveza Estrella Damm. Latas de 33 cl. caja 24 unidades. Es la culminaci\u00f3n de la experiencia centenaria de Damm en la elaboraci\u00f3n de cervezas. Cerveza lager de gusto y car\u00e1cter universal, ideal para beber en cualquier momento del d\u00eda. De cuidada elaboraci\u00f3n y gran calidad, fruto de la selecci\u00f3n de sus materias primas. Destaca su cremosa espuma aromatizada por el l\u00fapulo y su refrescante sabor. Grado alcoh\u00f3lico: 5,4\u00ba.<\/p>","protected":false},"featured_media":533,"template":"","meta":[],"pwb-brand":[227],"product_brand":[],"product_cat":[38],"product_tag":[],"class_list":{"0":"post-534","1":"product","2":"type-product","3":"status-publish","4":"has-post-thumbnail","6":"pwb-brand-estrella-damm","7":"product_cat-cerveses","9":"first","10":"instock","11":"taxable","12":"shipping-taxable","13":"purchasable","14":"product-type-simple"},"brands":[{"id":227,"name":"Estrella Damm","slug":"estrella-damm"}],"_links":{"self":[{"href":"https:\/\/tenda.elmasove.com\/es\/wp-json\/wp\/v2\/product\/534","targetHints":{"allow":["GET"]}}],"collection":[{"href":"https:\/\/tenda.elmasove.com\/es\/wp-json\/wp\/v2\/product"}],"about":[{"href":"https:\/\/tenda.elmasove.com\/es\/wp-json\/wp\/v2\/types\/product"}],"wp:featuredmedia":[{"embeddable":true,"href":"https:\/\/tenda.elmasove.com\/es\/wp-json\/wp\/v2\/media\/533"}],"wp:attachment":[{"href":"https:\/\/tenda.elmasove.com\/es\/wp-json\/wp\/v2\/media?parent=534"}],"wp:term":[{"taxonomy":"pwb-brand","embeddable":true,"href":"https:\/\/tenda.elmasove.com\/es\/wp-json\/wp\/v2\/pwb-brand?post=534"},{"taxonomy":"product_brand","embeddable":true,"href":"https:\/\/tenda.elmasove.com\/es\/wp-json\/wp\/v2\/product_brand?post=534"},{"taxonomy":"product_cat","embeddable":true,"href":"https:\/\/tenda.elmasove.com\/es\/wp-json\/wp\/v2\/product_cat?post=534"},{"taxonomy":"product_tag","embeddable":true,"href":"https:\/\/tenda.elmasove.com\/es\/wp-json\/wp\/v2\/product_tag?post=534"}],"curies":[{"name":"wp","href":"https:\/\/api.w.org\/{rel}","templated":true}]}}