{"id":532,"date":"2014-11-24T07:30:28","date_gmt":"2014-11-24T06:30:28","guid":{"rendered":"http:\/\/wp.elmasove.com\/product\/caixa-24-ampolles-free-lemon-mitjanes-devoluci-3-90-al-retornar-l-env-s\/"},"modified":"2026-03-05T13:06:27","modified_gmt":"2026-03-05T12:06:27","slug":"caixa-24-ampolles-free-lemon-mitjanes-devoluci-3-90-al-retornar-l-env-s","status":"publish","type":"product","link":"https:\/\/tenda.elmasove.com\/es\/tienda\/begudes\/cerveses\/caixa-24-ampolles-free-lemon-mitjanes-devoluci-3-90-al-retornar-l-env-s\/","title":{"rendered":"Cerveza Media \u201cFree Damm\u201d Lemon (24u x 33cl) \u2013 Retornable"},"content":{"rendered":"<p>Cerveza con lim\u00f3n Free Lemon. Botella de 33cl. caja 24 unidades retornables. Cerveza sin alcohol que ha reducido hasta la m\u00ednima expresi\u00f3n su contenido cal\u00f3rico. Producto de gran calidad, aut\u00e9ntico y con todo su gusto, pero con menos calor\u00edas (s\u00f3lo 10 kcal por cada 100 ml.). Sabor a lim\u00f3n con un toque frutal. Grado alcoh\u00f3lico 0,0\u00ba.<\/p>","protected":false},"excerpt":{"rendered":"<p>Cerveza con lim\u00f3n Free Lemon. Botella de 33cl. caja 24 unidades retornables. Cerveza sin alcohol que ha reducido hasta la m\u00ednima expresi\u00f3n su contenido cal\u00f3rico. Producto de gran calidad, aut\u00e9ntico y con todo su gusto, pero con menos calor\u00edas (s\u00f3lo 10 kcal por cada 100 ml.). Sabor a lim\u00f3n con un toque frutal. Grado alcoh\u00f3lico 0,0\u00ba.<\/p>","protected":false},"featured_media":531,"template":"","meta":[],"pwb-brand":[234],"product_brand":[],"product_cat":[172,38],"product_tag":[],"class_list":{"0":"post-532","1":"product","2":"type-product","3":"status-publish","4":"has-post-thumbnail","6":"pwb-brand-free-damm","7":"product_cat-retornables","8":"product_cat-cerveses","10":"first","11":"instock","12":"taxable","13":"shipping-taxable","14":"purchasable","15":"product-type-simple"},"brands":[{"id":234,"name":"Free Damm","slug":"free-damm"}],"_links":{"self":[{"href":"https:\/\/tenda.elmasove.com\/es\/wp-json\/wp\/v2\/product\/532","targetHints":{"allow":["GET"]}}],"collection":[{"href":"https:\/\/tenda.elmasove.com\/es\/wp-json\/wp\/v2\/product"}],"about":[{"href":"https:\/\/tenda.elmasove.com\/es\/wp-json\/wp\/v2\/types\/product"}],"wp:featuredmedia":[{"embeddable":true,"href":"https:\/\/tenda.elmasove.com\/es\/wp-json\/wp\/v2\/media\/531"}],"wp:attachment":[{"href":"https:\/\/tenda.elmasove.com\/es\/wp-json\/wp\/v2\/media?parent=532"}],"wp:term":[{"taxonomy":"pwb-brand","embeddable":true,"href":"https:\/\/tenda.elmasove.com\/es\/wp-json\/wp\/v2\/pwb-brand?post=532"},{"taxonomy":"product_brand","embeddable":true,"href":"https:\/\/tenda.elmasove.com\/es\/wp-json\/wp\/v2\/product_brand?post=532"},{"taxonomy":"product_cat","embeddable":true,"href":"https:\/\/tenda.elmasove.com\/es\/wp-json\/wp\/v2\/product_cat?post=532"},{"taxonomy":"product_tag","embeddable":true,"href":"https:\/\/tenda.elmasove.com\/es\/wp-json\/wp\/v2\/product_tag?post=532"}],"curies":[{"name":"wp","href":"https:\/\/api.w.org\/{rel}","templated":true}]}}