{"id":528,"date":"2014-11-24T07:30:28","date_gmt":"2014-11-24T06:30:28","guid":{"rendered":"http:\/\/wp.elmasove.com\/product\/caixa-24-ampolles-a-k-damm-1-3\/"},"modified":"2023-04-11T09:52:57","modified_gmt":"2023-04-11T07:52:57","slug":"cervesa-ak-damm-33cl","status":"publish","type":"product","link":"https:\/\/tenda.elmasove.com\/es\/tienda\/begudes\/cerveses\/cervesa-ak-damm-33cl\/","title":{"rendered":"Cerveza &quot;AK Damm&quot; (24x33cl)"},"content":{"rendered":"<p>Cerveza AKDamm, 33 cl. caja 24 unidades no retornables. Es la cerveza que recupera el legado del M\u00e9todo Original Alsaciano. Se caracteriza por un sabor suave, que se consigue con un proceso de elaboraci\u00f3n totalmente natural, a partir de ingredientes rigurosamente seleccionados. Grado alcoh\u00f3lico: 4,8\u00ba.<\/p>","protected":false},"excerpt":{"rendered":"<p>Cerveza AKDamm, 33 cl. caja 24 unidades no retornables. Es la cerveza que recupera el legado del M\u00e9todo Original Alsaciano. Se caracteriza por un sabor suave, que se consigue con un proceso de elaboraci\u00f3n totalmente natural, a partir de ingredientes rigurosamente seleccionados. Grado alcoh\u00f3lico: 4,8\u00ba.<\/p>","protected":false},"featured_media":527,"template":"","meta":[],"pwb-brand":[233],"product_brand":[],"product_cat":[38,17],"product_tag":[],"class_list":{"0":"post-528","1":"product","2":"type-product","3":"status-publish","4":"has-post-thumbnail","6":"pwb-brand-ak-damm","7":"product_cat-cerveses","8":"product_cat-begudes","10":"first","11":"instock","12":"taxable","13":"shipping-taxable","14":"purchasable","15":"product-type-simple"},"brands":[{"id":233,"name":"AK Damm","slug":"ak-damm"}],"_links":{"self":[{"href":"https:\/\/tenda.elmasove.com\/es\/wp-json\/wp\/v2\/product\/528","targetHints":{"allow":["GET"]}}],"collection":[{"href":"https:\/\/tenda.elmasove.com\/es\/wp-json\/wp\/v2\/product"}],"about":[{"href":"https:\/\/tenda.elmasove.com\/es\/wp-json\/wp\/v2\/types\/product"}],"wp:featuredmedia":[{"embeddable":true,"href":"https:\/\/tenda.elmasove.com\/es\/wp-json\/wp\/v2\/media\/527"}],"wp:attachment":[{"href":"https:\/\/tenda.elmasove.com\/es\/wp-json\/wp\/v2\/media?parent=528"}],"wp:term":[{"taxonomy":"pwb-brand","embeddable":true,"href":"https:\/\/tenda.elmasove.com\/es\/wp-json\/wp\/v2\/pwb-brand?post=528"},{"taxonomy":"product_brand","embeddable":true,"href":"https:\/\/tenda.elmasove.com\/es\/wp-json\/wp\/v2\/product_brand?post=528"},{"taxonomy":"product_cat","embeddable":true,"href":"https:\/\/tenda.elmasove.com\/es\/wp-json\/wp\/v2\/product_cat?post=528"},{"taxonomy":"product_tag","embeddable":true,"href":"https:\/\/tenda.elmasove.com\/es\/wp-json\/wp\/v2\/product_tag?post=528"}],"curies":[{"name":"wp","href":"https:\/\/api.w.org\/{rel}","templated":true}]}}