{"id":520,"date":"2014-11-24T07:30:28","date_gmt":"2014-11-24T06:30:28","guid":{"rendered":"http:\/\/wp.elmasove.com\/product\/caixa-24-ampolles-33cl-moritz-0-0\/"},"modified":"2023-04-11T09:59:49","modified_gmt":"2023-04-11T07:59:49","slug":"cervesa-moritz-0-0","status":"publish","type":"product","link":"https:\/\/tenda.elmasove.com\/es\/tienda\/begudes\/cerveses\/cervesa-moritz-0-0\/","title":{"rendered":"Cerveza \u201cMoritz\u201d 0&#039;0 (24x33cl)"},"content":{"rendered":"<p>Cerveza Moritz sin alcohol botella de 33 cl. caja 24 unidades no retornables, Pilsner de color dorado. La elaboraci\u00f3n de Moritz se realiza mediante la cocci\u00f3n de maltas con agua del Manantial de Font d&#039;Or, que tiene Vichy Catalan en el Montseny. Tiene un componente perfumado que se consigue mediante la extracci\u00f3n en fr\u00edo del aroma de la flor del l\u00fapulo de Saaz. Graduaci\u00f3n alcoh\u00f3lica: 0,0 \u00ba.<\/p>","protected":false},"excerpt":{"rendered":"<p>Cerveza Moritz sin alcohol botella de 33 cl. caja 24 unidades no retornables, Pilsner de color dorado. La elaboraci\u00f3n de Moritz se realiza mediante la cocci\u00f3n de maltas con agua del Manantial de Font d&#039;Or, que tiene Vichy Catalan en el Montseny. Tiene un componente perfumado que se consigue mediante la extracci\u00f3n en fr\u00edo del aroma de la flor del l\u00fapulo de Saaz. Graduaci\u00f3n alcoh\u00f3lica: 0,0 \u00ba.<\/p>","protected":false},"featured_media":519,"template":"","meta":[],"pwb-brand":[228],"product_brand":[],"product_cat":[38],"product_tag":[],"class_list":{"0":"post-520","1":"product","2":"type-product","3":"status-publish","4":"has-post-thumbnail","6":"pwb-brand-moritz","7":"product_cat-cerveses","9":"first","10":"instock","11":"taxable","12":"shipping-taxable","13":"purchasable","14":"product-type-simple"},"brands":[{"id":228,"name":"Moritz","slug":"moritz"}],"_links":{"self":[{"href":"https:\/\/tenda.elmasove.com\/es\/wp-json\/wp\/v2\/product\/520","targetHints":{"allow":["GET"]}}],"collection":[{"href":"https:\/\/tenda.elmasove.com\/es\/wp-json\/wp\/v2\/product"}],"about":[{"href":"https:\/\/tenda.elmasove.com\/es\/wp-json\/wp\/v2\/types\/product"}],"wp:featuredmedia":[{"embeddable":true,"href":"https:\/\/tenda.elmasove.com\/es\/wp-json\/wp\/v2\/media\/519"}],"wp:attachment":[{"href":"https:\/\/tenda.elmasove.com\/es\/wp-json\/wp\/v2\/media?parent=520"}],"wp:term":[{"taxonomy":"pwb-brand","embeddable":true,"href":"https:\/\/tenda.elmasove.com\/es\/wp-json\/wp\/v2\/pwb-brand?post=520"},{"taxonomy":"product_brand","embeddable":true,"href":"https:\/\/tenda.elmasove.com\/es\/wp-json\/wp\/v2\/product_brand?post=520"},{"taxonomy":"product_cat","embeddable":true,"href":"https:\/\/tenda.elmasove.com\/es\/wp-json\/wp\/v2\/product_cat?post=520"},{"taxonomy":"product_tag","embeddable":true,"href":"https:\/\/tenda.elmasove.com\/es\/wp-json\/wp\/v2\/product_tag?post=520"}],"curies":[{"name":"wp","href":"https:\/\/api.w.org\/{rel}","templated":true}]}}