{"id":518,"date":"2014-11-24T07:30:28","date_gmt":"2014-11-24T06:30:28","guid":{"rendered":"http:\/\/wp.elmasove.com\/product\/caixa-24-ampolles-budweiser\/"},"modified":"2026-03-05T12:57:13","modified_gmt":"2026-03-05T11:57:13","slug":"cervesa-vidre-budweiser-24","status":"publish","type":"product","link":"https:\/\/tenda.elmasove.com\/es\/tienda\/begudes\/cerveses\/cervesa-vidre-budweiser-24\/","title":{"rendered":"Cerveza vidrio \u201cBudweiser\u201d (24x33cl)"},"content":{"rendered":"<p>Cerveza Budweiser botella de 33 cl. Caja 24 unidades no retornables. Se elabora desde 1.876 siguiendo su inalterable m\u00e9todo tradicional, que comienza con la selecci\u00f3n de los mejores ingredientes naturales, pasando por un exclusivo proceso de envejecimiento en madera de haya, hasta convertirse en la cl\u00e1sica Bud, una lager pura, suave y de frescura \u00fanica. Grado alcoh\u00f3lico: 5\u00ba.<\/p>","protected":false},"excerpt":{"rendered":"<p>Cerveza Budweiser botella de 33 cl. Caja 24 unidades no retornables. Se elabora desde 1.876 siguiendo su inalterable m\u00e9todo tradicional, que comienza con la selecci\u00f3n de los mejores ingredientes naturales, pasando por un exclusivo proceso de envejecimiento en madera de haya, hasta convertirse en la cl\u00e1sica Bud, una lager pura, suave y de frescura \u00fanica. Grado alcoh\u00f3lico: 5\u00ba.<\/p>","protected":false},"featured_media":1876,"template":"","meta":[],"pwb-brand":[230],"product_brand":[],"product_cat":[38],"product_tag":[],"class_list":{"0":"post-518","1":"product","2":"type-product","3":"status-publish","4":"has-post-thumbnail","6":"pwb-brand-budweiser","7":"product_cat-cerveses","9":"first","10":"instock","11":"taxable","12":"shipping-taxable","13":"purchasable","14":"product-type-simple"},"brands":[{"id":230,"name":"Budweiser","slug":"budweiser"}],"_links":{"self":[{"href":"https:\/\/tenda.elmasove.com\/es\/wp-json\/wp\/v2\/product\/518","targetHints":{"allow":["GET"]}}],"collection":[{"href":"https:\/\/tenda.elmasove.com\/es\/wp-json\/wp\/v2\/product"}],"about":[{"href":"https:\/\/tenda.elmasove.com\/es\/wp-json\/wp\/v2\/types\/product"}],"wp:featuredmedia":[{"embeddable":true,"href":"https:\/\/tenda.elmasove.com\/es\/wp-json\/wp\/v2\/media\/1876"}],"wp:attachment":[{"href":"https:\/\/tenda.elmasove.com\/es\/wp-json\/wp\/v2\/media?parent=518"}],"wp:term":[{"taxonomy":"pwb-brand","embeddable":true,"href":"https:\/\/tenda.elmasove.com\/es\/wp-json\/wp\/v2\/pwb-brand?post=518"},{"taxonomy":"product_brand","embeddable":true,"href":"https:\/\/tenda.elmasove.com\/es\/wp-json\/wp\/v2\/product_brand?post=518"},{"taxonomy":"product_cat","embeddable":true,"href":"https:\/\/tenda.elmasove.com\/es\/wp-json\/wp\/v2\/product_cat?post=518"},{"taxonomy":"product_tag","embeddable":true,"href":"https:\/\/tenda.elmasove.com\/es\/wp-json\/wp\/v2\/product_tag?post=518"}],"curies":[{"name":"wp","href":"https:\/\/api.w.org\/{rel}","templated":true}]}}