{"id":516,"date":"2014-11-24T07:30:28","date_gmt":"2014-11-24T06:30:28","guid":{"rendered":"http:\/\/wp.elmasove.com\/product\/caixa-24-ampolles-cervesa-saaz\/"},"modified":"2026-03-05T13:15:57","modified_gmt":"2026-03-05T12:15:57","slug":"cervesa-saaz-33cl-24u","status":"publish","type":"product","link":"https:\/\/tenda.elmasove.com\/es\/tienda\/begudes\/cerveses\/cervesa-saaz-33cl-24u\/","title":{"rendered":"Cerveza &quot;Saaz&quot; (24x33cl)"},"content":{"rendered":"<p>Cerveza Saaz Suau, botella de 33 cl. Caja 24 unidades no retornables. Cerveza muy suave elaborada exclusivamente con l\u00fapulo arom\u00e1tico de la regi\u00f3n checa de Saaz, por eso tiene este caracter\u00edstico aroma y suave sabor. Su l\u00fapulo es uno de los m\u00e1s exclusivos del mundo, ya que apenas aporta amargura a la cerveza. Graduaci\u00f3n alcoh\u00f3lica: S\u00f3lo 3,5 \u00ba.<\/p>\n<p>Del l\u00fapulo arom\u00e1tico de la regi\u00f3n de Saaz, en Chequia, surge esta genuina cerveza de aroma y sabor suave, con s\u00f3lo 3,5% de alcohol. En este rinc\u00f3n de la Bohemia, la cosecha de l\u00fapulo es una eminente tradici\u00f3n que alcanza los 1000 a\u00f1os. Una tradici\u00f3n que ha permitido proteger y mantener inalterado el esp\u00edritu del \u201cl\u00fapulo Saaz\u201d. Este riguroso control se remonta al siglo XIV, cuando el emperador Carlos IV reconoci\u00f3 su categor\u00eda ejemplar y prohibi\u00f3 todo cultivo fuera de la tierra madre. Hoy y desde 1884, el Hop Grading Barn garantiza su origen.<\/p>","protected":false},"excerpt":{"rendered":"<p>Media Saaz Suau, botella de 33 cl.caja 24 unidades no retornables. Cerveza muy suave elaborada exclusivamente con l\u00fapulo arom\u00e1tico de la regi\u00f3n checa de Saaz, por eso tiene este caracter\u00edstico aroma y suave sabor. Su l\u00fapulo es uno de los m\u00e1s exclusivos del mundo, ya que apenas aporta amargura a la cerveza. Graduaci\u00f3n alcoh\u00f3lica: S\u00f3lo 3,5 \u00ba.<\/p>","protected":false},"featured_media":1877,"template":"","meta":[],"pwb-brand":[229],"product_brand":[],"product_cat":[38],"product_tag":[166],"class_list":{"0":"post-516","1":"product","2":"type-product","3":"status-publish","4":"has-post-thumbnail","6":"pwb-brand-saaz","7":"product_cat-cerveses","8":"product_tag-saaz","10":"first","11":"instock","12":"taxable","13":"shipping-taxable","14":"purchasable","15":"product-type-simple"},"brands":[{"id":229,"name":"Saaz","slug":"saaz"}],"_links":{"self":[{"href":"https:\/\/tenda.elmasove.com\/es\/wp-json\/wp\/v2\/product\/516","targetHints":{"allow":["GET"]}}],"collection":[{"href":"https:\/\/tenda.elmasove.com\/es\/wp-json\/wp\/v2\/product"}],"about":[{"href":"https:\/\/tenda.elmasove.com\/es\/wp-json\/wp\/v2\/types\/product"}],"wp:featuredmedia":[{"embeddable":true,"href":"https:\/\/tenda.elmasove.com\/es\/wp-json\/wp\/v2\/media\/1877"}],"wp:attachment":[{"href":"https:\/\/tenda.elmasove.com\/es\/wp-json\/wp\/v2\/media?parent=516"}],"wp:term":[{"taxonomy":"pwb-brand","embeddable":true,"href":"https:\/\/tenda.elmasove.com\/es\/wp-json\/wp\/v2\/pwb-brand?post=516"},{"taxonomy":"product_brand","embeddable":true,"href":"https:\/\/tenda.elmasove.com\/es\/wp-json\/wp\/v2\/product_brand?post=516"},{"taxonomy":"product_cat","embeddable":true,"href":"https:\/\/tenda.elmasove.com\/es\/wp-json\/wp\/v2\/product_cat?post=516"},{"taxonomy":"product_tag","embeddable":true,"href":"https:\/\/tenda.elmasove.com\/es\/wp-json\/wp\/v2\/product_tag?post=516"}],"curies":[{"name":"wp","href":"https:\/\/api.w.org\/{rel}","templated":true}]}}