{"id":514,"date":"2014-11-24T07:30:28","date_gmt":"2014-11-24T06:30:28","guid":{"rendered":"http:\/\/wp.elmasove.com\/product\/caixa-24-ampolles-moritz-33cl\/"},"modified":"2026-03-05T13:03:14","modified_gmt":"2026-03-05T12:03:14","slug":"cervesa-moritz-33cl-24u","status":"publish","type":"product","link":"https:\/\/tenda.elmasove.com\/es\/tienda\/begudes\/cerveses\/cervesa-moritz-33cl-24u\/","title":{"rendered":"Cerveza \u201cMoritz\u201d (24x33cl)"},"content":{"rendered":"<p>Cerveza Moritz botella de 33 cl. Caja 24 unidades no retornables. Pilsner de color dorado. La elaboraci\u00f3n de Moritz se realiza mediante la cocci\u00f3n de maltas con agua del Manantial de Font d&#039;Or que tiene Vichy Catalan en el Montseny. No se utilizan extractos amargos de l\u00fapulo sino directamente sus flores en infusi\u00f3n, con una gran proporci\u00f3n de la variedad de Saaz muy arom\u00e1tica y con menos amargura. Graduaci\u00f3n alcoh\u00f3lica: 5,4 \u00ba.<\/p>","protected":false},"excerpt":{"rendered":"<p>Cerveza Media Moritz botella de 33 cl.caja 24 unidades no retornables. Pilsner de color dorado. La elaboraci\u00f3n de Moritz se realiza mediante la cocci\u00f3n de maltas con agua del Manantial de Font d&#039;Or que tiene Vichy Catalan en el Montseny. No se utilizan extractos amargos de l\u00fapulo sino directamente sus flores en infusi\u00f3n, con una gran proporci\u00f3n de la variedad de Saaz muy arom\u00e1tica y con menos amargura. Graduaci\u00f3n alcoh\u00f3lica: 5,4 \u00ba.<\/p>","protected":false},"featured_media":1881,"template":"","meta":[],"pwb-brand":[228],"product_brand":[],"product_cat":[38],"product_tag":[167],"class_list":{"0":"post-514","1":"product","2":"type-product","3":"status-publish","4":"has-post-thumbnail","6":"pwb-brand-moritz","7":"product_cat-cerveses","8":"product_tag-moritz","10":"first","11":"instock","12":"taxable","13":"shipping-taxable","14":"purchasable","15":"product-type-simple"},"brands":[{"id":228,"name":"Moritz","slug":"moritz"}],"_links":{"self":[{"href":"https:\/\/tenda.elmasove.com\/es\/wp-json\/wp\/v2\/product\/514","targetHints":{"allow":["GET"]}}],"collection":[{"href":"https:\/\/tenda.elmasove.com\/es\/wp-json\/wp\/v2\/product"}],"about":[{"href":"https:\/\/tenda.elmasove.com\/es\/wp-json\/wp\/v2\/types\/product"}],"wp:featuredmedia":[{"embeddable":true,"href":"https:\/\/tenda.elmasove.com\/es\/wp-json\/wp\/v2\/media\/1881"}],"wp:attachment":[{"href":"https:\/\/tenda.elmasove.com\/es\/wp-json\/wp\/v2\/media?parent=514"}],"wp:term":[{"taxonomy":"pwb-brand","embeddable":true,"href":"https:\/\/tenda.elmasove.com\/es\/wp-json\/wp\/v2\/pwb-brand?post=514"},{"taxonomy":"product_brand","embeddable":true,"href":"https:\/\/tenda.elmasove.com\/es\/wp-json\/wp\/v2\/product_brand?post=514"},{"taxonomy":"product_cat","embeddable":true,"href":"https:\/\/tenda.elmasove.com\/es\/wp-json\/wp\/v2\/product_cat?post=514"},{"taxonomy":"product_tag","embeddable":true,"href":"https:\/\/tenda.elmasove.com\/es\/wp-json\/wp\/v2\/product_tag?post=514"}],"curies":[{"name":"wp","href":"https:\/\/api.w.org\/{rel}","templated":true}]}}