{"id":49,"date":"2014-11-24T07:30:20","date_gmt":"2014-11-24T06:30:20","guid":{"rendered":"http:\/\/wp.elmasove.com\/product\/garrafa-4l-vi-negre-13-devoluci-2-al-retornar-l-env-s\/"},"modified":"2023-04-12T11:48:21","modified_gmt":"2023-04-12T09:48:21","slug":"vi-negre-13o-el-masove-4l","status":"publish","type":"product","link":"https:\/\/tenda.elmasove.com\/es\/tienda\/begudes\/vins-i-caves\/vinos\/vins-a-granel\/vins-negres\/vi-negre-13o-el-masove-4l\/","title":{"rendered":"Vino Tinto 13\u00ba &quot;El Masove&quot; (4L) - incluido 2\u20ac envase retornable."},"content":{"rendered":"<p>Garrafa de 4L. de vidrio retornable de vino tinto. Vino tinto seco de mesa superior. Vino joven de color rojo cereza con matices semillas. Vino sabroso en boca, bien estructurado y equilibrado en cuerpo y aroma. Perfecto para acompa\u00f1ar todo tipo de carnes y quesos curados. Caracter\u00edstico de las zonas vin\u00edcolas del Tarragon\u00e8s y Priorat. Graduaci\u00f3n alcoh\u00f3lica 13\u00ba.<\/p>","protected":false},"excerpt":{"rendered":"<p>Garrafa de 4L. de vidrio retornable de vino tinto. Vino tinto seco de mesa superior. Vino joven de color rojo cereza con matices semillas. Vino sabroso en boca, bien estructurado y equilibrado en cuerpo y aroma. Perfecto para acompa\u00f1ar todo tipo de carnes y quesos curados. Caracter\u00edstico de las zonas vin\u00edcolas del Tarragon\u00e8s y Priorat. Graduaci\u00f3n alcoh\u00f3lica 13\u00ba.<\/p>","protected":false},"featured_media":48,"template":"","meta":[],"pwb-brand":[191],"product_brand":[],"product_cat":[33,85,127,17],"product_tag":[],"class_list":{"0":"post-49","1":"product","2":"type-product","3":"status-publish","4":"has-post-thumbnail","6":"pwb-brand-el-masove","7":"product_cat-vinos","8":"product_cat-vins-a-granel","9":"product_cat-vins-negres","10":"product_cat-begudes","12":"first","13":"instock","14":"taxable","15":"shipping-taxable","16":"purchasable","17":"product-type-simple"},"brands":[{"id":191,"name":"El Masove","slug":"el-masove"}],"_links":{"self":[{"href":"https:\/\/tenda.elmasove.com\/es\/wp-json\/wp\/v2\/product\/49","targetHints":{"allow":["GET"]}}],"collection":[{"href":"https:\/\/tenda.elmasove.com\/es\/wp-json\/wp\/v2\/product"}],"about":[{"href":"https:\/\/tenda.elmasove.com\/es\/wp-json\/wp\/v2\/types\/product"}],"wp:featuredmedia":[{"embeddable":true,"href":"https:\/\/tenda.elmasove.com\/es\/wp-json\/wp\/v2\/media\/48"}],"wp:attachment":[{"href":"https:\/\/tenda.elmasove.com\/es\/wp-json\/wp\/v2\/media?parent=49"}],"wp:term":[{"taxonomy":"pwb-brand","embeddable":true,"href":"https:\/\/tenda.elmasove.com\/es\/wp-json\/wp\/v2\/pwb-brand?post=49"},{"taxonomy":"product_brand","embeddable":true,"href":"https:\/\/tenda.elmasove.com\/es\/wp-json\/wp\/v2\/product_brand?post=49"},{"taxonomy":"product_cat","embeddable":true,"href":"https:\/\/tenda.elmasove.com\/es\/wp-json\/wp\/v2\/product_cat?post=49"},{"taxonomy":"product_tag","embeddable":true,"href":"https:\/\/tenda.elmasove.com\/es\/wp-json\/wp\/v2\/product_tag?post=49"}],"curies":[{"name":"wp","href":"https:\/\/api.w.org\/{rel}","templated":true}]}}