{"id":486,"date":"2014-11-24T07:30:27","date_gmt":"2014-11-24T06:30:27","guid":{"rendered":"http:\/\/wp.elmasove.com\/product\/caixa-de-24-ampolles-de-vidre-200cl-s-ret-granini-pinya\/"},"modified":"2023-04-11T10:53:29","modified_gmt":"2023-04-11T08:53:29","slug":"caixa-de-24-ampolles-de-vidre-200cl-s-ret-granini-pinya","status":"publish","type":"product","link":"https:\/\/tenda.elmasove.com\/es\/tienda\/begudes\/sense-alcohol\/sucs\/caixa-de-24-ampolles-de-vidre-200cl-s-ret-granini-pinya\/","title":{"rendered":"Zumo Pi\u00f1a \u201cGranini\u201d (24x200ml)"},"content":{"rendered":"<p>Zumo Pi\u00f1a Granini botella de vidrio 200 ml. caja 24 unidades. La sensaci\u00f3n ex\u00f3tica. Ideal para realizar c\u00f3cteles tropicales. Contenido en fruta m\u00ednimo 50%.<\/p>","protected":false},"excerpt":{"rendered":"<p>Zumo Pi\u00f1a Granini botella de vidrio 200 ml. caja 24 unidades. La sensaci\u00f3n ex\u00f3tica. Ideal para realizar c\u00f3cteles tropicales. Contenido en fruta m\u00ednimo 50%.<\/p>","protected":false},"featured_media":485,"template":"","meta":[],"pwb-brand":[225],"product_brand":[],"product_cat":[95],"product_tag":[],"class_list":{"0":"post-486","1":"product","2":"type-product","3":"status-publish","4":"has-post-thumbnail","6":"pwb-brand-granini","7":"product_cat-sucs","9":"first","10":"instock","11":"taxable","12":"shipping-taxable","13":"purchasable","14":"product-type-simple"},"brands":[{"id":225,"name":"Granini","slug":"granini"}],"_links":{"self":[{"href":"https:\/\/tenda.elmasove.com\/es\/wp-json\/wp\/v2\/product\/486","targetHints":{"allow":["GET"]}}],"collection":[{"href":"https:\/\/tenda.elmasove.com\/es\/wp-json\/wp\/v2\/product"}],"about":[{"href":"https:\/\/tenda.elmasove.com\/es\/wp-json\/wp\/v2\/types\/product"}],"wp:featuredmedia":[{"embeddable":true,"href":"https:\/\/tenda.elmasove.com\/es\/wp-json\/wp\/v2\/media\/485"}],"wp:attachment":[{"href":"https:\/\/tenda.elmasove.com\/es\/wp-json\/wp\/v2\/media?parent=486"}],"wp:term":[{"taxonomy":"pwb-brand","embeddable":true,"href":"https:\/\/tenda.elmasove.com\/es\/wp-json\/wp\/v2\/pwb-brand?post=486"},{"taxonomy":"product_brand","embeddable":true,"href":"https:\/\/tenda.elmasove.com\/es\/wp-json\/wp\/v2\/product_brand?post=486"},{"taxonomy":"product_cat","embeddable":true,"href":"https:\/\/tenda.elmasove.com\/es\/wp-json\/wp\/v2\/product_cat?post=486"},{"taxonomy":"product_tag","embeddable":true,"href":"https:\/\/tenda.elmasove.com\/es\/wp-json\/wp\/v2\/product_tag?post=486"}],"curies":[{"name":"wp","href":"https:\/\/api.w.org\/{rel}","templated":true}]}}