{"id":474,"date":"2014-11-24T07:30:27","date_gmt":"2014-11-24T06:30:27","guid":{"rendered":"http:\/\/wp.elmasove.com\/product\/caixa-4x6-ampolles-schwp-llimona-vidre\/"},"modified":"2026-03-06T12:08:53","modified_gmt":"2026-03-06T11:08:53","slug":"tonica-schweppes-llimona-vidre","status":"publish","type":"product","link":"https:\/\/tenda.elmasove.com\/es\/tienda\/begudes\/sense-alcohol\/refrescos\/tonica-schweppes-llimona-vidre\/","title":{"rendered":"T\u00f3nica \u201cSchweppes\u201d Lim\u00f3n (6*4 x 200ml)"},"content":{"rendered":"<p>Schweppes Lim\u00f3n botella de vidrio 200 ml. caja 6 x 4 unidades. Bebida con gas elaborada a partir de los limones m\u00e1s frescos y \u00e1cidos. Se crea un aut\u00e9ntico sabor cl\u00e1sico. Ideal para tomar como refresco o combinado con alg\u00fan licor.<\/p>","protected":false},"excerpt":{"rendered":"<p>Schweppes Lim\u00f3n botella de vidrio 200 ml. caja 6 x 4 unidades. Bebida con gas elaborada a partir de los limones m\u00e1s frescos y \u00e1cidos. Se crea un aut\u00e9ntico sabor cl\u00e1sico. Ideal para tomar como refresco o combinado con alg\u00fan licor.<\/p>","protected":false},"featured_media":473,"template":"","meta":[],"pwb-brand":[],"product_brand":[],"product_cat":[90],"product_tag":[],"class_list":{"0":"post-474","1":"product","2":"type-product","3":"status-publish","4":"has-post-thumbnail","6":"product_cat-refrescos","8":"first","9":"instock","10":"taxable","11":"shipping-taxable","12":"purchasable","13":"product-type-simple"},"brands":[],"_links":{"self":[{"href":"https:\/\/tenda.elmasove.com\/es\/wp-json\/wp\/v2\/product\/474","targetHints":{"allow":["GET"]}}],"collection":[{"href":"https:\/\/tenda.elmasove.com\/es\/wp-json\/wp\/v2\/product"}],"about":[{"href":"https:\/\/tenda.elmasove.com\/es\/wp-json\/wp\/v2\/types\/product"}],"wp:featuredmedia":[{"embeddable":true,"href":"https:\/\/tenda.elmasove.com\/es\/wp-json\/wp\/v2\/media\/473"}],"wp:attachment":[{"href":"https:\/\/tenda.elmasove.com\/es\/wp-json\/wp\/v2\/media?parent=474"}],"wp:term":[{"taxonomy":"pwb-brand","embeddable":true,"href":"https:\/\/tenda.elmasove.com\/es\/wp-json\/wp\/v2\/pwb-brand?post=474"},{"taxonomy":"product_brand","embeddable":true,"href":"https:\/\/tenda.elmasove.com\/es\/wp-json\/wp\/v2\/product_brand?post=474"},{"taxonomy":"product_cat","embeddable":true,"href":"https:\/\/tenda.elmasove.com\/es\/wp-json\/wp\/v2\/product_cat?post=474"},{"taxonomy":"product_tag","embeddable":true,"href":"https:\/\/tenda.elmasove.com\/es\/wp-json\/wp\/v2\/product_tag?post=474"}],"curies":[{"name":"wp","href":"https:\/\/api.w.org\/{rel}","templated":true}]}}