{"id":47,"date":"2014-11-24T07:30:20","date_gmt":"2014-11-24T06:30:20","guid":{"rendered":"http:\/\/wp.elmasove.com\/product\/garrafa-4l-vi-negre-11-devoluci-2-al-retornar-el-env-s\/"},"modified":"2023-04-12T11:48:02","modified_gmt":"2023-04-12T09:48:02","slug":"garrafa-4l-vi-negre-11-devoluci-2-al-retornar-el-env-s","status":"publish","type":"product","link":"https:\/\/tenda.elmasove.com\/es\/tienda\/begudes\/vins-i-caves\/vinos\/vins-a-granel\/vins-negres\/garrafa-4l-vi-negre-11-devoluci-2-al-retornar-el-env-s\/","title":{"rendered":"Vino Tinto 11\u00ba (4L) \u2013 incluido 2\u20ac envase retornable."},"content":{"rendered":"<p>Garrafa de vidrio de 4 L.retornable de vino tinto. Vino tinto seco de mesa extra, de sabor suave, fresco y ligero. Vino de color rojo intenso y brillante. Vino de aroma agradable y escogido por su transparencia y buen paladar. Se recomienda para acompa\u00f1ar quesos semicurados y carnes blancas. Caracter\u00edstico de las zonas vin\u00edcolas del Pened\u00e9s. Graduaci\u00f3n alcoh\u00f3lica 11\u00ba.<\/p>","protected":false},"excerpt":{"rendered":"<p>Garrafa de vidrio de 4 L.retornable de vino tinto. Vino tinto seco de mesa extra, de sabor suave, fresco y ligero. Vino de color rojo intenso y brillante. Vino de aroma agradable y escogido por su transparencia y buen paladar. Se recomienda para acompa\u00f1ar quesos semicurados y carnes blancas. Caracter\u00edstico de las zonas vin\u00edcolas del Pened\u00e9s. Graduaci\u00f3n alcoh\u00f3lica 11\u00ba.<\/p>","protected":false},"featured_media":46,"template":"","meta":[],"pwb-brand":[],"product_brand":[],"product_cat":[33,85,127,17],"product_tag":[],"class_list":{"0":"post-47","1":"product","2":"type-product","3":"status-publish","4":"has-post-thumbnail","6":"product_cat-vinos","7":"product_cat-vins-a-granel","8":"product_cat-vins-negres","9":"product_cat-begudes","11":"first","12":"instock","13":"taxable","14":"shipping-taxable","15":"purchasable","16":"product-type-simple"},"brands":[],"_links":{"self":[{"href":"https:\/\/tenda.elmasove.com\/es\/wp-json\/wp\/v2\/product\/47","targetHints":{"allow":["GET"]}}],"collection":[{"href":"https:\/\/tenda.elmasove.com\/es\/wp-json\/wp\/v2\/product"}],"about":[{"href":"https:\/\/tenda.elmasove.com\/es\/wp-json\/wp\/v2\/types\/product"}],"wp:featuredmedia":[{"embeddable":true,"href":"https:\/\/tenda.elmasove.com\/es\/wp-json\/wp\/v2\/media\/46"}],"wp:attachment":[{"href":"https:\/\/tenda.elmasove.com\/es\/wp-json\/wp\/v2\/media?parent=47"}],"wp:term":[{"taxonomy":"pwb-brand","embeddable":true,"href":"https:\/\/tenda.elmasove.com\/es\/wp-json\/wp\/v2\/pwb-brand?post=47"},{"taxonomy":"product_brand","embeddable":true,"href":"https:\/\/tenda.elmasove.com\/es\/wp-json\/wp\/v2\/product_brand?post=47"},{"taxonomy":"product_cat","embeddable":true,"href":"https:\/\/tenda.elmasove.com\/es\/wp-json\/wp\/v2\/product_cat?post=47"},{"taxonomy":"product_tag","embeddable":true,"href":"https:\/\/tenda.elmasove.com\/es\/wp-json\/wp\/v2\/product_tag?post=47"}],"curies":[{"name":"wp","href":"https:\/\/api.w.org\/{rel}","templated":true}]}}