{"id":464,"date":"2014-11-24T07:30:27","date_gmt":"2014-11-24T06:30:27","guid":{"rendered":"http:\/\/wp.elmasove.com\/product\/caixa-de-24-llaunes-trina-llimona\/"},"modified":"2026-03-06T11:17:24","modified_gmt":"2026-03-06T10:17:24","slug":"trina-llimona-24-x-33cl","status":"publish","type":"product","link":"https:\/\/tenda.elmasove.com\/es\/tienda\/begudes\/sense-alcohol\/refrescos\/trina-llimona-24-x-33cl\/","title":{"rendered":"Trina Lim\u00f3n (24 x 33cl)"},"content":{"rendered":"<p>Trina Lim\u00f3n es una bebida sin gas elaborada a partir de zumo de lim\u00f3n natural.<\/p>\n<p>Envasado sin conservantes. Sin colorantes ni aromas artificiales. Un 100% de ingredientes naturales + vitamina C.<\/p>\n<p>Trina fue creada en Valencia por un pionero, el dr. Trigo, en 1934. Un refresco de lim\u00f3n, muy natural y sin burbujas. Toda la acidez de nuestro lim\u00f3n en un mismo refresco.<\/p>\n<p><em>24 latas de 33cl<\/em><\/p>\n<p><strong>Ingredientes<\/strong><\/p>\n<p>Agua, zumo de lim\u00f3n a partir de concentrado (6%), jarabe de glucosa y fructosa, az\u00facar, acidulante: \u00e1cido c\u00edtrico, extracto de lim\u00f3n, estabilizante: goma acacia, aromas naturales, aceite vegetal de palma (0,02%), vitamina<\/p>\n<p><strong>Informaci\u00f3n nutricional<\/strong><\/p>\n<div class=\"productTabContent grupo span-10 prodReview clearfix\">\n<div class=\"productNutritionalInformation valoresNutricionalesTabla\">\n<p>Valores nutricionales de Trina Lim\u00f3n medios por 100 ml\/g. Los % han sido calculados en base a la ingesta de referencia de un adulto medio (8400KJ \/ 2000Kcal). :<\/p>\n<div class=\"tablaValores\">\n<table>\n<tbody>\n<tr>\n<td>Valor energ\u00e9tico (Kj)<\/td>\n<td>171.0 Kj<\/td>\n<\/tr>\n<tr>\n<td>Valor energ\u00e9tico (Kcal)<\/td>\n<td>34.0 Kcal<\/td>\n<\/tr>\n<tr>\n<td>Grasas<\/td>\n<td>0.0 g<\/td>\n<\/tr>\n<tr>\n<td>Grasas saturadas<\/td>\n<td>0.0 g<\/td>\n<\/tr>\n<tr>\n<td>Hidratos de carbono<\/td>\n<td>8.0 g<\/td>\n<\/tr>\n<tr>\n<td>Az\u00facares<\/td>\n<td>7.8 g<\/td>\n<\/tr>\n<tr>\n<td>Prote\u00ednas<\/td>\n<td>0.0 g<\/td>\n<\/tr>\n<tr>\n<td>Sal<\/td>\n<td>0.03 g<\/td>\n<\/tr>\n<\/tbody>\n<\/table>\n<\/div>\n<p><strong>Declaraci\u00f3n Nutricional<\/strong><\/p>\n<p>Fuente de Vitamina C.<\/p>\n<p><strong>Conservaci\u00f3n y utilizaci\u00f3n<\/strong><\/p>\n<p>Mantener en sitio fresco y seco. Proteger de la luz solar y de intensos olores. Una vez abierto, conservar en fr\u00edo.<\/p>\n<\/div>\n<\/div>","protected":false},"excerpt":{"rendered":"<p>Trina Lim\u00f3n es una bebida sin gas elaborada a partir de zumo de lim\u00f3n natural sin az\u00facares a\u00f1adidos ni conservantes.<\/p>\n<p><em>24 latas de 33cl<\/em><\/p>","protected":false},"featured_media":2361,"template":"","meta":[],"pwb-brand":[224],"product_brand":[],"product_cat":[90,17],"product_tag":[],"class_list":{"0":"post-464","1":"product","2":"type-product","3":"status-publish","4":"has-post-thumbnail","6":"pwb-brand-trina","7":"product_cat-refrescos","8":"product_cat-begudes","10":"first","11":"instock","12":"taxable","13":"shipping-taxable","14":"purchasable","15":"product-type-simple"},"brands":[{"id":224,"name":"TriNa","slug":"trina"}],"_links":{"self":[{"href":"https:\/\/tenda.elmasove.com\/es\/wp-json\/wp\/v2\/product\/464","targetHints":{"allow":["GET"]}}],"collection":[{"href":"https:\/\/tenda.elmasove.com\/es\/wp-json\/wp\/v2\/product"}],"about":[{"href":"https:\/\/tenda.elmasove.com\/es\/wp-json\/wp\/v2\/types\/product"}],"wp:featuredmedia":[{"embeddable":true,"href":"https:\/\/tenda.elmasove.com\/es\/wp-json\/wp\/v2\/media\/2361"}],"wp:attachment":[{"href":"https:\/\/tenda.elmasove.com\/es\/wp-json\/wp\/v2\/media?parent=464"}],"wp:term":[{"taxonomy":"pwb-brand","embeddable":true,"href":"https:\/\/tenda.elmasove.com\/es\/wp-json\/wp\/v2\/pwb-brand?post=464"},{"taxonomy":"product_brand","embeddable":true,"href":"https:\/\/tenda.elmasove.com\/es\/wp-json\/wp\/v2\/product_brand?post=464"},{"taxonomy":"product_cat","embeddable":true,"href":"https:\/\/tenda.elmasove.com\/es\/wp-json\/wp\/v2\/product_cat?post=464"},{"taxonomy":"product_tag","embeddable":true,"href":"https:\/\/tenda.elmasove.com\/es\/wp-json\/wp\/v2\/product_tag?post=464"}],"curies":[{"name":"wp","href":"https:\/\/api.w.org\/{rel}","templated":true}]}}