{"id":460,"date":"2014-11-24T07:30:27","date_gmt":"2014-11-24T06:30:27","guid":{"rendered":"http:\/\/wp.elmasove.com\/product\/caixa-de-24-llaunes-sprite\/"},"modified":"2026-03-06T11:13:42","modified_gmt":"2026-03-06T10:13:42","slug":"sprite-24u","status":"publish","type":"product","link":"https:\/\/tenda.elmasove.com\/es\/tienda\/begudes\/sense-alcohol\/refrescos\/sprite-24u\/","title":{"rendered":"Sprite (24u)"},"content":{"rendered":"<p>Sprite es una bebida gaseosa con sabor a lim\u00f3n y sin cafe\u00edna. Ideal para tomarse solo o combinado con alg\u00fan licor.<\/p>\n<p>Si hablamos de una bebida transparente, con sabor a lim\u00f3n lim\u00f3n, baja en az\u00facar y con un enorme poder refrescante, s\u00f3lo podemos referirnos a Sprite. L\u00edder mundial de su categor\u00eda y con presencia en 190 pa\u00edses, Sprite sigue manteniendo hoy en d\u00eda la misma frescura, autenticidad y esp\u00edritu joven que le han caracterizado desde sus comienzos.<\/p>\n<p>Una de estas bebidas polivalentes que se toman tan solas como formando parte de mezclas m\u00e1s elaboradas.<\/p>\n<p>Una de las cosas que hacen en Sprite diferente es su bajo contenido en az\u00facar, que llega a estar un 70% por debajo de otras bebidas de su misma categor\u00eda. Esto, junto a la ausencia total de conservantes y colorantes y su gran sabor a lim\u00f3n lim\u00f3n proveniente en un 100% de aromas naturales, hacen de esta bebida algo \u00fanico y sumamente refrescante. Y todo ello sin perder ni un \u00e1pice de frescura ni de personalidad.<\/p>\n<p><em>24 latas de 33 cl.<\/em><\/p>","protected":false},"excerpt":{"rendered":"<p>Bebida gaseosa con sabor a lim\u00f3n y sin cafe\u00edna. Ideal para tomarse solo o combinado con alg\u00fan licor.<\/p>\n<p><em>24 latas de 33 cl.<\/em><\/p>","protected":false},"featured_media":2359,"template":"","meta":[],"pwb-brand":[223],"product_brand":[],"product_cat":[90],"product_tag":[],"class_list":{"0":"post-460","1":"product","2":"type-product","3":"status-publish","4":"has-post-thumbnail","6":"pwb-brand-sprite","7":"product_cat-refrescos","9":"first","10":"instock","11":"taxable","12":"shipping-taxable","13":"purchasable","14":"product-type-simple"},"brands":[{"id":223,"name":"Sprite","slug":"sprite"}],"_links":{"self":[{"href":"https:\/\/tenda.elmasove.com\/es\/wp-json\/wp\/v2\/product\/460","targetHints":{"allow":["GET"]}}],"collection":[{"href":"https:\/\/tenda.elmasove.com\/es\/wp-json\/wp\/v2\/product"}],"about":[{"href":"https:\/\/tenda.elmasove.com\/es\/wp-json\/wp\/v2\/types\/product"}],"wp:featuredmedia":[{"embeddable":true,"href":"https:\/\/tenda.elmasove.com\/es\/wp-json\/wp\/v2\/media\/2359"}],"wp:attachment":[{"href":"https:\/\/tenda.elmasove.com\/es\/wp-json\/wp\/v2\/media?parent=460"}],"wp:term":[{"taxonomy":"pwb-brand","embeddable":true,"href":"https:\/\/tenda.elmasove.com\/es\/wp-json\/wp\/v2\/pwb-brand?post=460"},{"taxonomy":"product_brand","embeddable":true,"href":"https:\/\/tenda.elmasove.com\/es\/wp-json\/wp\/v2\/product_brand?post=460"},{"taxonomy":"product_cat","embeddable":true,"href":"https:\/\/tenda.elmasove.com\/es\/wp-json\/wp\/v2\/product_cat?post=460"},{"taxonomy":"product_tag","embeddable":true,"href":"https:\/\/tenda.elmasove.com\/es\/wp-json\/wp\/v2\/product_tag?post=460"}],"curies":[{"name":"wp","href":"https:\/\/api.w.org\/{rel}","templated":true}]}}