{"id":458,"date":"2014-11-24T07:30:27","date_gmt":"2014-11-24T06:30:27","guid":{"rendered":"http:\/\/wp.elmasove.com\/product\/caixa-de-24-llaunes-schwp-taronja\/"},"modified":"2026-03-06T12:45:26","modified_gmt":"2026-03-06T11:45:26","slug":"tonica-schweppes-taronja-24","status":"publish","type":"product","link":"https:\/\/tenda.elmasove.com\/es\/tienda\/begudes\/sense-alcohol\/refrescos\/tonica-schweppes-taronja-24\/","title":{"rendered":"T\u00f3nica \u201cSchweppes\u201d Naranja (24u)"},"content":{"rendered":"<p>Schweppes Taronja llaunes 33 cl. Caixa 24 unitats. Beguda amb gas elaborada a partir de les taronges m\u00e9s dolces i sucoses. Es crea un aut\u00e8ntic sabor cl\u00e0ssic. Ideal per prendre com a refresc o combinat amb algun licor.<\/p>","protected":false},"excerpt":{"rendered":"<p>Schweppes Taronja llaunes 33 cl. Caixa 24 unitats. Beguda amb gas elaborada a partir de les taronges m\u00e9s dolces i sucoses. Es crea un aut\u00e8ntic sabor cl\u00e0ssic. Ideal per prendre com a refresc o combinat amb algun licor.<\/p>","protected":false},"featured_media":457,"template":"","meta":[],"pwb-brand":[222],"product_brand":[],"product_cat":[90],"product_tag":[],"class_list":{"0":"post-458","1":"product","2":"type-product","3":"status-publish","4":"has-post-thumbnail","6":"pwb-brand-schweppes","7":"product_cat-refrescos","9":"first","10":"instock","11":"taxable","12":"shipping-taxable","13":"purchasable","14":"product-type-simple"},"brands":[{"id":222,"name":"Schweppes","slug":"schweppes"}],"_links":{"self":[{"href":"https:\/\/tenda.elmasove.com\/es\/wp-json\/wp\/v2\/product\/458","targetHints":{"allow":["GET"]}}],"collection":[{"href":"https:\/\/tenda.elmasove.com\/es\/wp-json\/wp\/v2\/product"}],"about":[{"href":"https:\/\/tenda.elmasove.com\/es\/wp-json\/wp\/v2\/types\/product"}],"wp:featuredmedia":[{"embeddable":true,"href":"https:\/\/tenda.elmasove.com\/es\/wp-json\/wp\/v2\/media\/457"}],"wp:attachment":[{"href":"https:\/\/tenda.elmasove.com\/es\/wp-json\/wp\/v2\/media?parent=458"}],"wp:term":[{"taxonomy":"pwb-brand","embeddable":true,"href":"https:\/\/tenda.elmasove.com\/es\/wp-json\/wp\/v2\/pwb-brand?post=458"},{"taxonomy":"product_brand","embeddable":true,"href":"https:\/\/tenda.elmasove.com\/es\/wp-json\/wp\/v2\/product_brand?post=458"},{"taxonomy":"product_cat","embeddable":true,"href":"https:\/\/tenda.elmasove.com\/es\/wp-json\/wp\/v2\/product_cat?post=458"},{"taxonomy":"product_tag","embeddable":true,"href":"https:\/\/tenda.elmasove.com\/es\/wp-json\/wp\/v2\/product_tag?post=458"}],"curies":[{"name":"wp","href":"https:\/\/api.w.org\/{rel}","templated":true}]}}