{"id":456,"date":"2014-11-24T07:30:27","date_gmt":"2014-11-24T06:30:27","guid":{"rendered":"http:\/\/wp.elmasove.com\/product\/caixa-de-24-llaunes-schwp-llimona\/"},"modified":"2026-03-06T12:42:37","modified_gmt":"2026-03-06T11:42:37","slug":"tonica-schweppes-llimona-24","status":"publish","type":"product","link":"https:\/\/tenda.elmasove.com\/es\/tienda\/begudes\/sense-alcohol\/refrescos\/tonica-schweppes-llimona-24\/","title":{"rendered":"T\u00f3nica \u201cSchweppes\u201d Lim\u00f3n (24u)"},"content":{"rendered":"<p>Schweppes Lim\u00f3n latas 33 cl. Caja 24 unidades. Bebida con gas elaborada a partir de los limones m\u00e1s frescos y \u00e1cidos. Se crea un aut\u00e9ntico sabor cl\u00e1sico. Ideal para tomar como refresco o combinado con alg\u00fan licor.<\/p>","protected":false},"excerpt":{"rendered":"<p>Schweppes Lim\u00f3n latas 33 cl. Caja 24 unidades. Bebida con gas elaborada a partir de los limones m\u00e1s frescos y \u00e1cidos. Se crea un aut\u00e9ntico sabor cl\u00e1sico. Ideal para tomar como refresco o combinado con alg\u00fan licor.<\/p>","protected":false},"featured_media":455,"template":"","meta":[],"pwb-brand":[222],"product_brand":[],"product_cat":[90],"product_tag":[],"class_list":{"0":"post-456","1":"product","2":"type-product","3":"status-publish","4":"has-post-thumbnail","6":"pwb-brand-schweppes","7":"product_cat-refrescos","9":"first","10":"instock","11":"taxable","12":"shipping-taxable","13":"purchasable","14":"product-type-simple"},"brands":[{"id":222,"name":"Schweppes","slug":"schweppes"}],"_links":{"self":[{"href":"https:\/\/tenda.elmasove.com\/es\/wp-json\/wp\/v2\/product\/456","targetHints":{"allow":["GET"]}}],"collection":[{"href":"https:\/\/tenda.elmasove.com\/es\/wp-json\/wp\/v2\/product"}],"about":[{"href":"https:\/\/tenda.elmasove.com\/es\/wp-json\/wp\/v2\/types\/product"}],"wp:featuredmedia":[{"embeddable":true,"href":"https:\/\/tenda.elmasove.com\/es\/wp-json\/wp\/v2\/media\/455"}],"wp:attachment":[{"href":"https:\/\/tenda.elmasove.com\/es\/wp-json\/wp\/v2\/media?parent=456"}],"wp:term":[{"taxonomy":"pwb-brand","embeddable":true,"href":"https:\/\/tenda.elmasove.com\/es\/wp-json\/wp\/v2\/pwb-brand?post=456"},{"taxonomy":"product_brand","embeddable":true,"href":"https:\/\/tenda.elmasove.com\/es\/wp-json\/wp\/v2\/product_brand?post=456"},{"taxonomy":"product_cat","embeddable":true,"href":"https:\/\/tenda.elmasove.com\/es\/wp-json\/wp\/v2\/product_cat?post=456"},{"taxonomy":"product_tag","embeddable":true,"href":"https:\/\/tenda.elmasove.com\/es\/wp-json\/wp\/v2\/product_tag?post=456"}],"curies":[{"name":"wp","href":"https:\/\/api.w.org\/{rel}","templated":true}]}}