{"id":436,"date":"2014-11-24T07:30:27","date_gmt":"2014-11-24T06:30:27","guid":{"rendered":"http:\/\/wp.elmasove.com\/product\/caixa-de-24-llaunes-coca-cola-light\/"},"modified":"2026-03-06T12:22:15","modified_gmt":"2026-03-06T11:22:15","slug":"caixa-de-24-llaunes-coca-cola-light","status":"publish","type":"product","link":"https:\/\/tenda.elmasove.com\/es\/tienda\/begudes\/sense-alcohol\/refrescos\/caixa-de-24-llaunes-coca-cola-light\/","title":{"rendered":"Coca-Cola Light (24x33cl)"},"content":{"rendered":"<p>Coca-Cola Light latas 33 cl.caja 24 unidades. Refresco efervescente de concentrado de cola mezclado con agua filtrada y edulcorantes y cafe\u00edna (ligero estimulante). Su f\u00f3rmula es un secreto comercial. Se diferencia de la Coca-Cola convencional, por estar edulcorada con un edulcorante sint\u00e9tico llamado Aspartame.<\/p>","protected":false},"excerpt":{"rendered":"<p>Coca-Cola Light latas 33 cl.caja 24 unidades. Refresco efervescente de concentrado de cola mezclado con agua filtrada y edulcorantes y cafe\u00edna (ligero estimulante). Su f\u00f3rmula es un secreto comercial. Se diferencia de la Coca-Cola convencional, por estar edulcorada con un edulcorante sint\u00e9tico llamado Aspartame.<\/p>","protected":false},"featured_media":435,"template":"","meta":[],"pwb-brand":[219],"product_brand":[],"product_cat":[90],"product_tag":[],"class_list":{"0":"post-436","1":"product","2":"type-product","3":"status-publish","4":"has-post-thumbnail","6":"pwb-brand-coca-cola","7":"product_cat-refrescos","9":"first","10":"outofstock","11":"taxable","12":"shipping-taxable","13":"purchasable","14":"product-type-simple"},"brands":[{"id":219,"name":"Coca-Cola","slug":"coca-cola"}],"_links":{"self":[{"href":"https:\/\/tenda.elmasove.com\/es\/wp-json\/wp\/v2\/product\/436","targetHints":{"allow":["GET"]}}],"collection":[{"href":"https:\/\/tenda.elmasove.com\/es\/wp-json\/wp\/v2\/product"}],"about":[{"href":"https:\/\/tenda.elmasove.com\/es\/wp-json\/wp\/v2\/types\/product"}],"wp:featuredmedia":[{"embeddable":true,"href":"https:\/\/tenda.elmasove.com\/es\/wp-json\/wp\/v2\/media\/435"}],"wp:attachment":[{"href":"https:\/\/tenda.elmasove.com\/es\/wp-json\/wp\/v2\/media?parent=436"}],"wp:term":[{"taxonomy":"pwb-brand","embeddable":true,"href":"https:\/\/tenda.elmasove.com\/es\/wp-json\/wp\/v2\/pwb-brand?post=436"},{"taxonomy":"product_brand","embeddable":true,"href":"https:\/\/tenda.elmasove.com\/es\/wp-json\/wp\/v2\/product_brand?post=436"},{"taxonomy":"product_cat","embeddable":true,"href":"https:\/\/tenda.elmasove.com\/es\/wp-json\/wp\/v2\/product_cat?post=436"},{"taxonomy":"product_tag","embeddable":true,"href":"https:\/\/tenda.elmasove.com\/es\/wp-json\/wp\/v2\/product_tag?post=436"}],"curies":[{"name":"wp","href":"https:\/\/api.w.org\/{rel}","templated":true}]}}