{"id":432,"date":"2014-11-24T07:30:26","date_gmt":"2014-11-24T06:30:26","guid":{"rendered":"http:\/\/wp.elmasove.com\/product\/caixa-de-24-llaunes-seven-up\/"},"modified":"2026-03-06T11:11:32","modified_gmt":"2026-03-06T10:11:32","slug":"7up-24-33cl","status":"publish","type":"product","link":"https:\/\/tenda.elmasove.com\/es\/tienda\/begudes\/sense-alcohol\/refrescos\/7up-24-33cl\/","title":{"rendered":"7UP (24 x 33cl)"},"content":{"rendered":"<p>7UP es una bebida gaseosa de lim\u00f3n-lim\u00f3n. Refrescante e ideal para tomar sola o combinada con alg\u00fan vino o licor.<\/p>\n<p>Refr\u00e9scate con 7UP Original sin cafe\u00edna y con sabores 100% naturales para un sabor burbujas, puro y refrescante.<\/p>\n<p>7UP es la marca referente mundial en lim\u00f3n y lim\u00f3n, y el l\u00edder en Espa\u00f1a en este segmento. Un producto \u00fanico por su refrescante poder y por su perfil de sabor, tanto para consumir s\u00f3lo como para combinar.<\/p>\n<p>24 latas de 33cl de 7 Up.<\/p>","protected":false},"excerpt":{"rendered":"<p>Bebida gaseosa de lim\u00f3n-lim\u00f3n. Refrescante e ideal para tomar sola o combinada con alg\u00fan vino o licor.<\/p>","protected":false},"featured_media":2351,"template":"","meta":[],"pwb-brand":[218],"product_brand":[],"product_cat":[90,17],"product_tag":[],"class_list":{"0":"post-432","1":"product","2":"type-product","3":"status-publish","4":"has-post-thumbnail","6":"pwb-brand-7up","7":"product_cat-refrescos","8":"product_cat-begudes","10":"first","11":"instock","12":"taxable","13":"shipping-taxable","14":"purchasable","15":"product-type-simple"},"brands":[{"id":218,"name":"7up","slug":"7up"}],"_links":{"self":[{"href":"https:\/\/tenda.elmasove.com\/es\/wp-json\/wp\/v2\/product\/432","targetHints":{"allow":["GET"]}}],"collection":[{"href":"https:\/\/tenda.elmasove.com\/es\/wp-json\/wp\/v2\/product"}],"about":[{"href":"https:\/\/tenda.elmasove.com\/es\/wp-json\/wp\/v2\/types\/product"}],"wp:featuredmedia":[{"embeddable":true,"href":"https:\/\/tenda.elmasove.com\/es\/wp-json\/wp\/v2\/media\/2351"}],"wp:attachment":[{"href":"https:\/\/tenda.elmasove.com\/es\/wp-json\/wp\/v2\/media?parent=432"}],"wp:term":[{"taxonomy":"pwb-brand","embeddable":true,"href":"https:\/\/tenda.elmasove.com\/es\/wp-json\/wp\/v2\/pwb-brand?post=432"},{"taxonomy":"product_brand","embeddable":true,"href":"https:\/\/tenda.elmasove.com\/es\/wp-json\/wp\/v2\/product_brand?post=432"},{"taxonomy":"product_cat","embeddable":true,"href":"https:\/\/tenda.elmasove.com\/es\/wp-json\/wp\/v2\/product_cat?post=432"},{"taxonomy":"product_tag","embeddable":true,"href":"https:\/\/tenda.elmasove.com\/es\/wp-json\/wp\/v2\/product_tag?post=432"}],"curies":[{"name":"wp","href":"https:\/\/api.w.org\/{rel}","templated":true}]}}