{"id":43,"date":"2014-11-24T07:30:20","date_gmt":"2014-11-24T06:30:20","guid":{"rendered":"http:\/\/wp.elmasove.com\/product\/box-15l-vi-negre-13\/"},"modified":"2023-03-27T09:33:20","modified_gmt":"2023-03-27T07:33:20","slug":"box-15l-vi-negre-13","status":"publish","type":"product","link":"https:\/\/tenda.elmasove.com\/es\/tienda\/begudes\/vins-i-caves\/vinos\/vins-a-granel\/vins-negres\/box-15l-vi-negre-13\/","title":{"rendered":"Vino Tinto \u201cEl Masove\u201d 13\u00ba (15L)"},"content":{"rendered":"<p>Box de 15 L. de vino tinto con grifo incorporado para mayor comodidad. Vino tinto seco de mesa superior. Vino joven de color rojo cereza con matices semillas. Vino sabroso en boca, bien estructurado y equilibrado en cuerpo y aroma. Perfecto para acompa\u00f1ar todo tipo de carnes y quesos curados. Caracter\u00edstico de las zonas vin\u00edcolas del Tarragon\u00e9s y Priorat. Graduaci\u00f3n alcoh\u00f3lica 13\u00ba.<\/p>","protected":false},"excerpt":{"rendered":"<p>Box de 15 L. de vino tinto con grifo incorporado para mayor comodidad. Vino tinto seco de mesa superior. Vino joven de color rojo cereza con matices semillas. Vino sabroso en boca, bien estructurado y equilibrado en cuerpo y aroma. Perfecto para acompa\u00f1ar todo tipo de carnes y quesos curados. Caracter\u00edstico de las zonas vin\u00edcolas del Tarragon\u00e9s y Priorat. Graduaci\u00f3n alcoh\u00f3lica 13\u00ba.<\/p>","protected":false},"featured_media":42,"template":"","meta":[],"pwb-brand":[],"product_brand":[],"product_cat":[33,85,127,17],"product_tag":[],"class_list":{"0":"post-43","1":"product","2":"type-product","3":"status-publish","4":"has-post-thumbnail","6":"product_cat-vinos","7":"product_cat-vins-a-granel","8":"product_cat-vins-negres","9":"product_cat-begudes","11":"first","12":"instock","13":"taxable","14":"shipping-taxable","15":"purchasable","16":"product-type-simple"},"brands":[],"_links":{"self":[{"href":"https:\/\/tenda.elmasove.com\/es\/wp-json\/wp\/v2\/product\/43","targetHints":{"allow":["GET"]}}],"collection":[{"href":"https:\/\/tenda.elmasove.com\/es\/wp-json\/wp\/v2\/product"}],"about":[{"href":"https:\/\/tenda.elmasove.com\/es\/wp-json\/wp\/v2\/types\/product"}],"wp:featuredmedia":[{"embeddable":true,"href":"https:\/\/tenda.elmasove.com\/es\/wp-json\/wp\/v2\/media\/42"}],"wp:attachment":[{"href":"https:\/\/tenda.elmasove.com\/es\/wp-json\/wp\/v2\/media?parent=43"}],"wp:term":[{"taxonomy":"pwb-brand","embeddable":true,"href":"https:\/\/tenda.elmasove.com\/es\/wp-json\/wp\/v2\/pwb-brand?post=43"},{"taxonomy":"product_brand","embeddable":true,"href":"https:\/\/tenda.elmasove.com\/es\/wp-json\/wp\/v2\/product_brand?post=43"},{"taxonomy":"product_cat","embeddable":true,"href":"https:\/\/tenda.elmasove.com\/es\/wp-json\/wp\/v2\/product_cat?post=43"},{"taxonomy":"product_tag","embeddable":true,"href":"https:\/\/tenda.elmasove.com\/es\/wp-json\/wp\/v2\/product_tag?post=43"}],"curies":[{"name":"wp","href":"https:\/\/api.w.org\/{rel}","templated":true}]}}