{"id":422,"date":"2014-11-24T07:30:26","date_gmt":"2014-11-24T06:30:26","guid":{"rendered":"http:\/\/wp.elmasove.com\/product\/pack-6-ampolles-1-5l-sifo-la-casa\/"},"modified":"2026-03-03T12:56:13","modified_gmt":"2026-03-03T11:56:13","slug":"pack-6-ampolles-1-5l-sifo-la-casa","status":"publish","type":"product","link":"https:\/\/tenda.elmasove.com\/es\/tienda\/begudes\/sense-alcohol\/gasosa\/pack-6-ampolles-1-5l-sifo-la-casa\/","title":{"rendered":"Sif\u00f3n &quot;La Casa&quot; (6\u00d71,5L)"},"content":{"rendered":"<p>Sif\u00f3n La Casa botella de 1,5 litros pack 6 unidades no retornables. Bebida carbonatada refrescante y sin calor\u00edas. Ideal para mezclar con licores como el vermut.<\/p>","protected":false},"excerpt":{"rendered":"<p>Sif\u00f3n La Casa botella de 1,5 litros pack 6 unidades no retornables. Bebida carbonatada refrescante y sin calor\u00edas. Ideal para mezclar con licores como el vermut.<\/p>","protected":false},"featured_media":421,"template":"","meta":[],"pwb-brand":[216],"product_brand":[],"product_cat":[105],"product_tag":[],"class_list":{"0":"post-422","1":"product","2":"type-product","3":"status-publish","4":"has-post-thumbnail","6":"pwb-brand-la-casa","7":"product_cat-gasosa","9":"first","10":"instock","11":"taxable","12":"shipping-taxable","13":"purchasable","14":"product-type-simple"},"brands":[{"id":216,"name":"La Casa","slug":"la-casa"}],"_links":{"self":[{"href":"https:\/\/tenda.elmasove.com\/es\/wp-json\/wp\/v2\/product\/422","targetHints":{"allow":["GET"]}}],"collection":[{"href":"https:\/\/tenda.elmasove.com\/es\/wp-json\/wp\/v2\/product"}],"about":[{"href":"https:\/\/tenda.elmasove.com\/es\/wp-json\/wp\/v2\/types\/product"}],"wp:featuredmedia":[{"embeddable":true,"href":"https:\/\/tenda.elmasove.com\/es\/wp-json\/wp\/v2\/media\/421"}],"wp:attachment":[{"href":"https:\/\/tenda.elmasove.com\/es\/wp-json\/wp\/v2\/media?parent=422"}],"wp:term":[{"taxonomy":"pwb-brand","embeddable":true,"href":"https:\/\/tenda.elmasove.com\/es\/wp-json\/wp\/v2\/pwb-brand?post=422"},{"taxonomy":"product_brand","embeddable":true,"href":"https:\/\/tenda.elmasove.com\/es\/wp-json\/wp\/v2\/product_brand?post=422"},{"taxonomy":"product_cat","embeddable":true,"href":"https:\/\/tenda.elmasove.com\/es\/wp-json\/wp\/v2\/product_cat?post=422"},{"taxonomy":"product_tag","embeddable":true,"href":"https:\/\/tenda.elmasove.com\/es\/wp-json\/wp\/v2\/product_tag?post=422"}],"curies":[{"name":"wp","href":"https:\/\/api.w.org\/{rel}","templated":true}]}}