{"id":416,"date":"2014-11-24T07:30:26","date_gmt":"2014-11-24T06:30:26","guid":{"rendered":"http:\/\/wp.elmasove.com\/product\/caixa-12-ampolles-1l-aigua-vichy-devoluci-5-50-al-retornar-l-env-s\/"},"modified":"2026-03-03T12:48:30","modified_gmt":"2026-03-03T11:48:30","slug":"aigua-vichy-catalan-12x1l-retornable","status":"publish","type":"product","link":"https:\/\/tenda.elmasove.com\/es\/tienda\/begudes\/agua\/aigua-amb-gas\/aigua-vichy-catalan-12x1l-retornable\/","title":{"rendered":"Agua Vichy Catalan (12x1L) - Incluido 5,60 \u20ac en envase retornable."},"content":{"rendered":"<p>Si todav\u00eda no has probado el agua de Vichy Catalan, esta es tu ocasi\u00f3n. Este agua rica en minerales tiene un sabor \u00fanico y destaca por sus suaves burbujas. Toma-durante las comidas con amigos y familia, enriquecer\u00e1s el gusto de todos los platos mientras la tomas.<\/p>\n<p>Hablar de la genuina agua mineral natural carb\u00f3nica Vichy Catalan es hablar de prestigio y calidad. En el mundo de las aguas de mesa, destaca sobre las dem\u00e1s, por su inconfundible e incomparable sabor, por la finura de sus burbujas, y por la elegancia y versatilidad de sus envases, adaptados a todos los momentos de consumo.<\/p>\n<p>Agua mineral carbonatada, con propiedades mineromedicinales. El agua con gas contiene \u00e1cido carb\u00f3nico, que estimula la secreci\u00f3n de zumos g\u00e1stricos, facilitando las digestiones.<\/p>\n<p>Es perfecta para quienes sufren digestiones pesadas, gracias a su contenido en bicarbonato s\u00f3dico. Ayuda a la motilidad intestinal, la prevenci\u00f3n de la caries dental y el reforzamiento de la estructura \u00f3sea e incluso tiene efectos antidepresivos gracias al aporte de litio.<\/p>\n<p><em>12 botellas de vidrio de agua Vichy Catalan de 1 litro<\/em><\/p>\n<p><strong>Retornable<\/strong><\/p>\n<h3>Composici\u00f3n Mineral del Agua Vichy Catalan<\/h3>\n<table>\n<tbody>\n<tr>\n<td>Bicarbonatos (HCO3)<\/td>\n<td>2081.0 mg\/l<\/td>\n<\/tr>\n<tr>\n<td>Sulfatos (SO4)<\/td>\n<td>49.6 mg\/l<\/td>\n<\/tr>\n<tr>\n<td>Cloruros (Cl)<\/td>\n<td>584.0 mg\/l<\/td>\n<\/tr>\n<tr>\n<td>Sodio (Na)<\/td>\n<td>1097.0 mg\/l<\/td>\n<\/tr>\n<tr>\n<td>Potasio (K)<\/td>\n<td>50.7 mg\/l<\/td>\n<\/tr>\n<tr>\n<td>Litio (Li)<\/td>\n<td>1.3 mg\/l<\/td>\n<\/tr>\n<\/tbody>\n<\/table>\n<p><em>* La composici\u00f3n mineral est\u00e1 sujeta a la peque\u00f1a variabilidad propia de los productos naturales.<\/em><\/p>\n<h3>Condiciones de conservaci\u00f3n<\/h3>\n<p>Conservar en lugar fresco y seco, protegido de la luz solar y exento de olores intensos.<\/p>\n<h3>Retornable<\/h3>\n<p>Botellas de vidrio retornable. Precio del envase incluido.<\/p>\n<h3>Recomendaciones<\/h3>\n<p>Se recomienda beber al menos entre 6 y 8 vasos de agua mineral al d\u00eda. Bebiendo agua a diario favoreces diversas funciones en tu organismo: se regula la temperatura corporal, ayudas a mantener un buen nivel de hidrataci\u00f3n (mucosas y piel), favoreces la digesti\u00f3n y mejoras la absorci\u00f3n de los nutrientes. Adem\u00e1s, una buena hidrataci\u00f3n previene y mejora los problemas de estre\u00f1imiento.<\/p>","protected":false},"excerpt":{"rendered":"<p>Agua mineral carbonatada Vichy Catalan, con propiedades mineromedicinales. El agua con gas contiene \u00e1cido carb\u00f3nico, que estimula la secreci\u00f3n de zumos g\u00e1stricos, facilitando las digestiones.<\/p>\n<p><em>12 botellas de vidrio de agua Vichy Catalan de 1 litro<\/em><\/p>\n<p><strong>5,60 euros el envase (Retornable)<\/strong><\/p>","protected":false},"featured_media":415,"template":"","meta":[],"pwb-brand":[214],"product_brand":[],"product_cat":[172,35,100,17],"product_tag":[],"class_list":{"0":"post-416","1":"product","2":"type-product","3":"status-publish","4":"has-post-thumbnail","6":"pwb-brand-vichy-catalan","7":"product_cat-retornables","8":"product_cat-agua","9":"product_cat-aigua-amb-gas","10":"product_cat-begudes","12":"first","13":"instock","14":"taxable","15":"shipping-taxable","16":"purchasable","17":"product-type-simple"},"brands":[{"id":214,"name":"Vichy Catalan","slug":"vichy-catalan"}],"_links":{"self":[{"href":"https:\/\/tenda.elmasove.com\/es\/wp-json\/wp\/v2\/product\/416","targetHints":{"allow":["GET"]}}],"collection":[{"href":"https:\/\/tenda.elmasove.com\/es\/wp-json\/wp\/v2\/product"}],"about":[{"href":"https:\/\/tenda.elmasove.com\/es\/wp-json\/wp\/v2\/types\/product"}],"wp:featuredmedia":[{"embeddable":true,"href":"https:\/\/tenda.elmasove.com\/es\/wp-json\/wp\/v2\/media\/415"}],"wp:attachment":[{"href":"https:\/\/tenda.elmasove.com\/es\/wp-json\/wp\/v2\/media?parent=416"}],"wp:term":[{"taxonomy":"pwb-brand","embeddable":true,"href":"https:\/\/tenda.elmasove.com\/es\/wp-json\/wp\/v2\/pwb-brand?post=416"},{"taxonomy":"product_brand","embeddable":true,"href":"https:\/\/tenda.elmasove.com\/es\/wp-json\/wp\/v2\/product_brand?post=416"},{"taxonomy":"product_cat","embeddable":true,"href":"https:\/\/tenda.elmasove.com\/es\/wp-json\/wp\/v2\/product_cat?post=416"},{"taxonomy":"product_tag","embeddable":true,"href":"https:\/\/tenda.elmasove.com\/es\/wp-json\/wp\/v2\/product_tag?post=416"}],"curies":[{"name":"wp","href":"https:\/\/api.w.org\/{rel}","templated":true}]}}