{"id":41,"date":"2014-11-24T07:30:20","date_gmt":"2014-11-24T06:30:20","guid":{"rendered":"http:\/\/wp.elmasove.com\/product\/box-15l-vi-negre-11\/"},"modified":"2023-03-27T10:22:41","modified_gmt":"2023-03-27T08:22:41","slug":"box-15l-vi-negre-11","status":"publish","type":"product","link":"https:\/\/tenda.elmasove.com\/es\/tienda\/begudes\/vins-i-caves\/vinos\/vins-a-granel\/vins-negres\/box-15l-vi-negre-11\/","title":{"rendered":"Vino Tinto 11\u00ba \u201cEl Masove\u201d (15L)"},"content":{"rendered":"<p>Box de 15 L. de vino tinto con grifo incorporado para mayor comodidad. Vino tinto seco de mesa extra, de sabor suave, fresco y ligero. Vino de color rojo intenso y brillante. Vino de aroma agradable y escogido por su transparencia y buen paladar. Se recomienda para acompa\u00f1ar quesos semicurados y carnes blancas. Caracter\u00edstico de las zonas vin\u00edcolas del Pened\u00e8s. Graduaci\u00f3n alcoh\u00f3lica 11\u00ba.<\/p>","protected":false},"excerpt":{"rendered":"<p>Box de 15 L. de vino tinto con grifo incorporado para<\/p>","protected":false},"featured_media":40,"template":"","meta":[],"pwb-brand":[191],"product_brand":[],"product_cat":[33,85,127,17],"product_tag":[],"class_list":{"0":"post-41","1":"product","2":"type-product","3":"status-publish","4":"has-post-thumbnail","6":"pwb-brand-el-masove","7":"product_cat-vinos","8":"product_cat-vins-a-granel","9":"product_cat-vins-negres","10":"product_cat-begudes","12":"first","13":"instock","14":"taxable","15":"shipping-taxable","16":"purchasable","17":"product-type-simple"},"brands":[{"id":191,"name":"El Masove","slug":"el-masove"}],"_links":{"self":[{"href":"https:\/\/tenda.elmasove.com\/es\/wp-json\/wp\/v2\/product\/41","targetHints":{"allow":["GET"]}}],"collection":[{"href":"https:\/\/tenda.elmasove.com\/es\/wp-json\/wp\/v2\/product"}],"about":[{"href":"https:\/\/tenda.elmasove.com\/es\/wp-json\/wp\/v2\/types\/product"}],"wp:featuredmedia":[{"embeddable":true,"href":"https:\/\/tenda.elmasove.com\/es\/wp-json\/wp\/v2\/media\/40"}],"wp:attachment":[{"href":"https:\/\/tenda.elmasove.com\/es\/wp-json\/wp\/v2\/media?parent=41"}],"wp:term":[{"taxonomy":"pwb-brand","embeddable":true,"href":"https:\/\/tenda.elmasove.com\/es\/wp-json\/wp\/v2\/pwb-brand?post=41"},{"taxonomy":"product_brand","embeddable":true,"href":"https:\/\/tenda.elmasove.com\/es\/wp-json\/wp\/v2\/product_brand?post=41"},{"taxonomy":"product_cat","embeddable":true,"href":"https:\/\/tenda.elmasove.com\/es\/wp-json\/wp\/v2\/product_cat?post=41"},{"taxonomy":"product_tag","embeddable":true,"href":"https:\/\/tenda.elmasove.com\/es\/wp-json\/wp\/v2\/product_tag?post=41"}],"curies":[{"name":"wp","href":"https:\/\/api.w.org\/{rel}","templated":true}]}}