{"id":408,"date":"2014-11-24T07:30:26","date_gmt":"2014-11-24T06:30:26","guid":{"rendered":"http:\/\/wp.elmasove.com\/product\/garrafa-5l-aigua-sant-aniol\/"},"modified":"2026-03-05T11:34:39","modified_gmt":"2026-03-05T10:34:39","slug":"aigua-sant-aniol-5l","status":"publish","type":"product","link":"https:\/\/tenda.elmasove.com\/es\/tienda\/begudes\/agua\/aigua-mineral-natural\/aigua-sant-aniol-5l\/","title":{"rendered":"Agua Sant Aniol (5L)"},"content":{"rendered":"<p>El Agua Sant Aniol procede de un manantial con m\u00e1s de 40.000 a\u00f1os de antig\u00fcedad, dentro de la zona volc\u00e1nica de la Garrotxa. A m\u00e1s de 115 metros de profundidad, se encuentra el manantial de Sant Aniol. Una vertiente enclavada en un paraje de lava sedimentada y roca volc\u00e1nica, que hace de Sant Aniol un agua de gran pureza y excelentes calidades.<\/p>\n<p>Alcanzar esta denominaci\u00f3n ha significado la superaci\u00f3n de innumerables requisitos y de los an\u00e1lisis m\u00e1s exigentes que demuestran el equilibrio y la calidad perfectos y el mantenimiento de su pureza de origen volc\u00e1nico desde el instante en que emerge del manantial hasta el su irrupci\u00f3n en la mesa de los consumidores.<\/p>\n<p>Nuestros estrictos controles de calidad y nuestro proceso de producci\u00f3n exento de contacto humano nos permiten garantizar una extracci\u00f3n y un proceso de embotellamiento libre de contaminantes, por lo que ofrecemos al consumidor agua mineral natural en su estado m\u00e1s puro.<\/p>\n<p>Destaca un pH de 7.3 y una rica composici\u00f3n qu\u00edmica en minerales que mejoran la salud y el bienestar. Su alto componente en calcio ayuda al desarrollo de la estructura \u00f3sea, muy recomendado para ni\u00f1os, adolescentes y mujeres embarazadas o en per\u00edodo de lactancia. Adem\u00e1s, tanto el calcio como el bajo nivel de sodio y cloro ayudan a reducir la hipertensi\u00f3n. Sant Aniol, gracias a su alto nivel de magnesio y bicarbonato, contribuye positivamente al correcto funcionamiento del sistema nervioso ya la digesti\u00f3n g\u00e1strica facilitando el tr\u00e1nsito intestinal.<\/p>\n<p><em>Garrafa de 5 litros de Agua Sant Aniol\u00a0<\/em><\/p>\n<h3>Composici\u00f3n del Agua Sant Aniol<\/h3>\n<p>Filtr\u00e1ndose a lo largo de miles de a\u00f1os a trav\u00e9s de las rocas volc\u00e1nicas del Parque Natural de La Garrotxa, el agua Sant Aniol es la \u00fanica de origen volc\u00e1nico que se encuentra en la pen\u00ednsula. Su composici\u00f3n es rica en minerales.<\/p>\n<div id=\"roques\">\n<ul>\n<li class=\"aos-init aos-animate\" data-aos=\"fade-up\" data-aos-delay=\"0\"><strong>Humus: <\/strong>Sustrato de la planta formado por elementos org\u00e1nicos.<\/li>\n<li class=\"aos-init aos-animate\" data-aos=\"fade-up\" data-aos-delay=\"0\"><strong style=\"font-family: -apple-system, BlinkMacSystemFont, 'Segoe UI', Roboto, Oxygen-Sans, Ubuntu, Cantarell, 'Helvetica Neue', sans-serif;\">Andesita: <\/strong><span style=\"font-family: -apple-system, BlinkMacSystemFont, 'Segoe UI', Roboto, Oxygen-Sans, Ubuntu, Cantarell, 'Helvetica Neue', sans-serif;\">Roca \u00edgnea, con una composici\u00f3n mineral rica en elementos como el calcio o el magnesio.<\/span><\/li>\n<li class=\"aos-init aos-animate\" data-aos=\"fade-up\" data-aos-delay=\"0\"><strong style=\"font-family: -apple-system, BlinkMacSystemFont, 'Segoe UI', Roboto, Oxygen-Sans, Ubuntu, Cantarell, 'Helvetica Neue', sans-serif;\">Puzolana: <\/strong><span style=\"font-family: -apple-system, BlinkMacSystemFont, 'Segoe UI', Roboto, Oxygen-Sans, Ubuntu, Cantarell, 'Helvetica Neue', sans-serif;\">Capa de materiales de silicio que act\u00faa como filtro natural para los l\u00edquidos debido a su alta porosidad.<\/span><\/li>\n<li class=\"aos-init aos-animate\" data-aos=\"fade-up\" data-aos-delay=\"0\"><strong style=\"font-family: -apple-system, BlinkMacSystemFont, 'Segoe UI', Roboto, Oxygen-Sans, Ubuntu, Cantarell, 'Helvetica Neue', sans-serif;\">Basalto: <\/strong><span style=\"font-family: -apple-system, BlinkMacSystemFont, 'Segoe UI', Roboto, Oxygen-Sans, Ubuntu, Cantarell, 'Helvetica Neue', sans-serif;\">Es una roca volc\u00e1nica de grano fino con una composici\u00f3n rica en magnesio.<\/span><\/li>\n<li class=\"aos-init aos-animate\" data-aos=\"fade-up\" data-aos-delay=\"0\"><strong style=\"font-family: -apple-system, BlinkMacSystemFont, 'Segoe UI', Roboto, Oxygen-Sans, Ubuntu, Cantarell, 'Helvetica Neue', sans-serif;\">Granito: <\/strong><span style=\"font-family: -apple-system, BlinkMacSystemFont, 'Segoe UI', Roboto, Oxygen-Sans, Ubuntu, Cantarell, 'Helvetica Neue', sans-serif;\">Es una roca formada esencialmente por cuarzo y feldespato (calcio, sodio y potasio).<\/span><\/li>\n<\/ul>\n<\/div>\n<p>&nbsp;<\/p>","protected":false},"excerpt":{"rendered":"<p>El Agua Sant Aniol tiene un alto componente en calcio ayuda al desarrollo de la estructura \u00f3sea. Recomendado para ni\u00f1os, adolescentes y mujeres embarazadas.<\/p>\n<p>Procede de un manantial con m\u00e1s de 40.000 a\u00f1os de antig\u00fcedad, dentro de la zona volc\u00e1nica de la Garrotxa.<\/p>\n<p><em>Garrafa de 5 litros de Agua Sant Aniol\u00a0<\/em><\/p>","protected":false},"featured_media":2397,"template":"","meta":[],"pwb-brand":[208],"product_brand":[],"product_cat":[35,91,17],"product_tag":[],"class_list":{"0":"post-408","1":"product","2":"type-product","3":"status-publish","4":"has-post-thumbnail","6":"pwb-brand-sant-aniol","7":"product_cat-agua","8":"product_cat-aigua-mineral-natural","9":"product_cat-begudes","11":"first","12":"instock","13":"taxable","14":"shipping-taxable","15":"purchasable","16":"product-type-simple"},"brands":[{"id":208,"name":"San Aniol","slug":"sant-aniol"}],"_links":{"self":[{"href":"https:\/\/tenda.elmasove.com\/es\/wp-json\/wp\/v2\/product\/408","targetHints":{"allow":["GET"]}}],"collection":[{"href":"https:\/\/tenda.elmasove.com\/es\/wp-json\/wp\/v2\/product"}],"about":[{"href":"https:\/\/tenda.elmasove.com\/es\/wp-json\/wp\/v2\/types\/product"}],"wp:featuredmedia":[{"embeddable":true,"href":"https:\/\/tenda.elmasove.com\/es\/wp-json\/wp\/v2\/media\/2397"}],"wp:attachment":[{"href":"https:\/\/tenda.elmasove.com\/es\/wp-json\/wp\/v2\/media?parent=408"}],"wp:term":[{"taxonomy":"pwb-brand","embeddable":true,"href":"https:\/\/tenda.elmasove.com\/es\/wp-json\/wp\/v2\/pwb-brand?post=408"},{"taxonomy":"product_brand","embeddable":true,"href":"https:\/\/tenda.elmasove.com\/es\/wp-json\/wp\/v2\/product_brand?post=408"},{"taxonomy":"product_cat","embeddable":true,"href":"https:\/\/tenda.elmasove.com\/es\/wp-json\/wp\/v2\/product_cat?post=408"},{"taxonomy":"product_tag","embeddable":true,"href":"https:\/\/tenda.elmasove.com\/es\/wp-json\/wp\/v2\/product_tag?post=408"}],"curies":[{"name":"wp","href":"https:\/\/api.w.org\/{rel}","templated":true}]}}