{"id":406,"date":"2014-11-24T07:30:26","date_gmt":"2014-11-24T06:30:26","guid":{"rendered":"http:\/\/wp.elmasove.com\/product\/pack-6-ampolles-1-5l-aigua-bezoya\/"},"modified":"2026-03-05T12:53:15","modified_gmt":"2026-03-05T11:53:15","slug":"aigua-bezoya-6x15l","status":"publish","type":"product","link":"https:\/\/tenda.elmasove.com\/es\/tienda\/begudes\/agua\/aigua-mineral-natural\/aigua-bezoya-6x15l\/","title":{"rendered":"Agua Bezoya (6\u00d71,5L)"},"content":{"rendered":"<p>El Agua Mineral Bezoya, por su baja mineralizaci\u00f3n, es el agua que mejor te ayuda a eliminar las impurezas de tu organismo, puesto que es muy diur\u00e9tica. Est\u00e1 especialmente indicada por personas con problemas renales y adem\u00e1s, por su bajo contenido en sodio (s\u00f3lo 1mg\/l), est\u00e1 indicada por aquellas personas que deben seguir una dieta baja en sal y controlar su tensi\u00f3n arterial. Ideal tambi\u00e9n para preparaci\u00f3n de alimentos infantiles.<\/p>\n<p>Es un agua mineral natural, que s\u00f3lo puede encontrarse en plena naturaleza, donde la lluvia y la nieve caen suavemente sobre las monta\u00f1as y, poco a poco, este agua se va filtrando hasta llegar al coraz\u00f3n de la tierra en el Parque Natural de la sierra de Guadarrama, espacio protegido. Se abre paso a trav\u00e9s de rocas cuya composici\u00f3n va otorg\u00e1ndole unas caracter\u00edsticas propias que hacen de Bezoya un agua pura y \u00fanica y de mineralizaci\u00f3n muy d\u00e9bil.<\/p>\n<p>El manantial de Bezoya est\u00e1 protegido de cualquier agente externo y por eso su agua es natural y \u00fanica.<\/p>\n<p><em>Pack de 6 botellas de agua de 1,5L<\/em><\/p>\n<h3>Beneficios del Agua Bezoya<\/h3>\n<p>Agua mineral natural procedente y envasada en el Manantial Bezoya Trescasas de Trescasas (Segovia) o en el Manantial Bezoya de Ortigosa del Monte (Segovia).<\/p>\n<p><strong>Mineralizaci\u00f3n muy d\u00e9bil (residuo seco 27mg\/l)<\/strong><\/p>\n<h3>Composici\u00f3n<\/h3>\n<p><strong>Trescasas:<\/strong><\/p>\n<table>\n<tbody>\n<tr>\n<td>Residuo seco a 180\u00ba<\/td>\n<td>27<\/td>\n<\/tr>\n<tr>\n<td>Bicarbonatos<\/td>\n<td>17<\/td>\n<\/tr>\n<tr>\n<td>Cloruros<\/td>\n<td>0,54<\/td>\n<\/tr>\n<tr>\n<td>Calcio<\/td>\n<td>6,32<\/td>\n<\/tr>\n<tr>\n<td>Magnesio<\/td>\n<td>0,83<\/td>\n<\/tr>\n<tr>\n<td>Sodio<\/td>\n<td>1,21<\/td>\n<\/tr>\n<tr>\n<td>S\u00edlice<\/td>\n<td>9,78<\/td>\n<\/tr>\n<\/tbody>\n<\/table>\n<p><strong>Ortigosa:<\/strong><\/p>\n<table>\n<tbody>\n<tr>\n<td>Residuo seco a 180\u00ba<\/td>\n<td>27<\/td>\n<\/tr>\n<tr>\n<td>Bicarbonatos<\/td>\n<td>&lt;5<\/td>\n<\/tr>\n<tr>\n<td>Cloruros<\/td>\n<td>0,84<\/td>\n<\/tr>\n<tr>\n<td>Calcio<\/td>\n<td>2,86<\/td>\n<\/tr>\n<tr>\n<td>Magnesio<\/td>\n<td>0,36<\/td>\n<\/tr>\n<tr>\n<td>Sodio<\/td>\n<td>2,04<\/td>\n<\/tr>\n<tr>\n<td>S\u00edlice<\/td>\n<td>9,51<\/td>\n<\/tr>\n<\/tbody>\n<\/table>\n<h3>Recomendaciones del Agua Bezoya<\/h3>\n<p>Beber 2L de agua al d\u00eda contribuye a mantener las funciones f\u00edsicas y cognitivas normales.<\/p>\n<p>Bezoya recomienda una dieta variada y equilibrada y un estilo de vida saludable.<\/p>\n<p>Consumir preferentemente antes de la fecha que aparece en el envase.<\/p>\n<h3>Instrucciones de almacenamiento<\/h3>\n<p>Conservar en lugar fresco, seco y preservado de olores fuertes.<\/p>","protected":false},"excerpt":{"rendered":"<p>Es el agua que mejor te ayuda a eliminar las impurezas de tu organismo, puesto que es muy diur\u00e9tica. Especialmente indicada por personas con problemas renales y adem\u00e1s, por su bajo contenido en sodio (s\u00f3lo 1mg\/l), est\u00e1 indicada por aquellas personas que deben seguir una dieta baja en sal y controlar su tensi\u00f3n arterial.<\/p>\n<p><em>Pack de 6 botellas de agua de 1,5L<\/em><\/p>","protected":false},"featured_media":2372,"template":"","meta":[],"pwb-brand":[213],"product_brand":[],"product_cat":[35,91,17],"product_tag":[],"class_list":{"0":"post-406","1":"product","2":"type-product","3":"status-publish","4":"has-post-thumbnail","6":"pwb-brand-bezoya","7":"product_cat-agua","8":"product_cat-aigua-mineral-natural","9":"product_cat-begudes","11":"first","12":"instock","13":"taxable","14":"shipping-taxable","15":"purchasable","16":"product-type-simple"},"brands":[{"id":213,"name":"Bezoya","slug":"bezoya"}],"_links":{"self":[{"href":"https:\/\/tenda.elmasove.com\/es\/wp-json\/wp\/v2\/product\/406","targetHints":{"allow":["GET"]}}],"collection":[{"href":"https:\/\/tenda.elmasove.com\/es\/wp-json\/wp\/v2\/product"}],"about":[{"href":"https:\/\/tenda.elmasove.com\/es\/wp-json\/wp\/v2\/types\/product"}],"wp:featuredmedia":[{"embeddable":true,"href":"https:\/\/tenda.elmasove.com\/es\/wp-json\/wp\/v2\/media\/2372"}],"wp:attachment":[{"href":"https:\/\/tenda.elmasove.com\/es\/wp-json\/wp\/v2\/media?parent=406"}],"wp:term":[{"taxonomy":"pwb-brand","embeddable":true,"href":"https:\/\/tenda.elmasove.com\/es\/wp-json\/wp\/v2\/pwb-brand?post=406"},{"taxonomy":"product_brand","embeddable":true,"href":"https:\/\/tenda.elmasove.com\/es\/wp-json\/wp\/v2\/product_brand?post=406"},{"taxonomy":"product_cat","embeddable":true,"href":"https:\/\/tenda.elmasove.com\/es\/wp-json\/wp\/v2\/product_cat?post=406"},{"taxonomy":"product_tag","embeddable":true,"href":"https:\/\/tenda.elmasove.com\/es\/wp-json\/wp\/v2\/product_tag?post=406"}],"curies":[{"name":"wp","href":"https:\/\/api.w.org\/{rel}","templated":true}]}}