{"id":402,"date":"2014-11-24T07:30:26","date_gmt":"2014-11-24T06:30:26","guid":{"rendered":"http:\/\/wp.elmasove.com\/product\/ampolla-8-l-de-vidre-aigua-fontdor-devoluci-3-90-al-retornar-l-env-s\/"},"modified":"2022-09-12T20:00:03","modified_gmt":"2022-09-12T18:00:03","slug":"aigua-font-dor-4x8l-retornable","status":"publish","type":"product","link":"https:\/\/tenda.elmasove.com\/es\/tienda\/begudes\/agua\/aigua-mineral-natural\/aigua-font-dor-4x8l-retornable\/","title":{"rendered":"Agua Fuente de Oro (4x8L) \u2013 Retornable"},"content":{"rendered":"<p>El Aigua Font d&#039;Or es milenaria, rica, pura y saludable. Proviene del Macizo de las Guilleries. Uno de los acu\u00edferos m\u00e1s importantes de la Pen\u00ednsula Ib\u00e9rica.<\/p>\n<p>Agua Mineral Fuente de Oro nace de<span style=\"font-family: -apple-system, BlinkMacSystemFont, 'Segoe UI', Roboto, Oxygen-Sans, Ubuntu, Cantarell, 'Helvetica Neue', sans-serif;\">l manantial del macizo del Montseny-Guilleries, a 1.000 metros de altura. Su contenido mineral aporta una excelente relaci\u00f3n sodio\/potasio y sodio\/calcio que activa los mecanismos biofisiol\u00f3gicos para una sana hidrataci\u00f3n y mantener el equilibrio h\u00eddrico de nuestro organismo. Agua milenaria, rica, pura y saludable. Proviene del Macizo de las Guilleries. Uno de los acu\u00edferos m\u00e1s importantes de la Pen\u00ednsula Ib\u00e9rica.<\/span><\/p>\n<p>El agua brota de un manantial natural en plena naturaleza en el Montseny-Guilleries (Girona). Su composici\u00f3n es siempre la misma puesto que se obtiene de un solo diez, a 1.000 m. de altura.<\/p>\n<p>El agua Font d&#039;Or ha obtenido 6 medallas de oro de calidad de las principales asociaciones y entidades espa\u00f1oles que forman los profesionales de sector de la hosteler\u00eda, restauraci\u00f3n, nutrici\u00f3n y la cocteler\u00eda.<\/p>\n<p><em>4 garrafas de vidrio de 8 L<\/em><\/p>\n<h3>Ingredientes y al\u00e9rgenos del Agua Font d&#039;Or<\/h3>\n<table>\n<tbody>\n<tr>\n<td>Residuo seco<\/td>\n<td>128,0 mg\/l<\/td>\n<\/tr>\n<tr>\n<td>Bicarbonatos<\/td>\n<td>78,8 mg\/l<\/td>\n<\/tr>\n<tr>\n<td>Sulfatos<\/td>\n<td>13,7 mg\/l<\/td>\n<\/tr>\n<tr>\n<td>Cloruros<\/td>\n<td>8,6 mg\/l<\/td>\n<\/tr>\n<tr>\n<td>S\u00edlice<\/td>\n<td>13,9 mg\/l<\/td>\n<\/tr>\n<tr>\n<td>Calcio<\/td>\n<td>26,4 mg\/l<\/td>\n<\/tr>\n<tr>\n<td>Magnesio<\/td>\n<td>3,2 mg\/l<\/td>\n<\/tr>\n<tr>\n<td>Sodio<\/td>\n<td>9,2 mg\/l<\/td>\n<\/tr>\n<\/tbody>\n<\/table>\n<h3>Conservaci\u00f3n y utilizaci\u00f3n del Agua Font d&#039;Or<\/h3>\n<p>Consevar en sitio fresco y seco, protegido de la luz solar y exento de olores intensos.<\/p>\n<h3>An\u00e1lisis<\/h3>\n<p>Ausencia de contaminaci\u00f3n bacteriol\u00f3gica de acuerdo a la legislaci\u00f3n espa\u00f1ola y europea.<\/p>\n<h3>Indicaciones<\/h3>\n<p>Agua mineral natural minero medicinal. Agua de mineralizaci\u00f3n d\u00e9bil. Apta para dietas pobres en sodio. Apta para la preparaci\u00f3n de alimentos infantiles.<\/p>\n<h3>Nota de cata<\/h3>\n<p>Agua de paladar fino sin regustos apreciables. Su baja mineralizaci\u00f3n y su pureza natural le confieren sutiles propiedades organol\u00e9pticas.<\/p>\n<h3>Envase retornable<\/h3>\n<p>Los envases de este producto son retornables y cuando los devuelvas se te abonar\u00e1 el dep\u00f3sito que pagaste por ellos.<\/p>\n<p><span style=\"font-family: -apple-system, BlinkMacSystemFont, 'Segoe UI', Roboto, Oxygen-Sans, Ubuntu, Cantarell, 'Helvetica Neue', sans-serif;\">El precio del agua es de 3,15\u20ac los 8 litros.<\/span><\/p>\n<p><span style=\"font-family: -apple-system, BlinkMacSystemFont, 'Segoe UI', Roboto, Oxygen-Sans, Ubuntu, Cantarell, 'Helvetica Neue', sans-serif;\">Precio de dep\u00f3sito del envase es de <strong>5.90\u20ac por unidad<\/strong> (Este importe se devuelve cada vez).<\/span><\/p>\n<p>&nbsp;<\/p>","protected":false},"excerpt":{"rendered":"<p>El Aigua Font d&#039;Or aporta una excelente hidrataci\u00f3n y ayuda a mantener el equilibrio h\u00eddrico de nuestro organismo.<\/p>\n<p><em>4 garrafas de vidrio de 8L<\/em><\/p>\n<p><strong>Envase Retornable<\/strong><\/p>","protected":false},"featured_media":401,"template":"","meta":[],"pwb-brand":[212],"product_brand":[],"product_cat":[172,35,91,17],"product_tag":[],"class_list":{"0":"post-402","1":"product","2":"type-product","3":"status-publish","4":"has-post-thumbnail","6":"pwb-brand-font-dor","7":"product_cat-retornables","8":"product_cat-agua","9":"product_cat-aigua-mineral-natural","10":"product_cat-begudes","12":"first","13":"instock","14":"taxable","15":"shipping-taxable","16":"purchasable","17":"product-type-simple"},"brands":[{"id":212,"name":"Fuente de oro","slug":"font-dor"}],"_links":{"self":[{"href":"https:\/\/tenda.elmasove.com\/es\/wp-json\/wp\/v2\/product\/402","targetHints":{"allow":["GET"]}}],"collection":[{"href":"https:\/\/tenda.elmasove.com\/es\/wp-json\/wp\/v2\/product"}],"about":[{"href":"https:\/\/tenda.elmasove.com\/es\/wp-json\/wp\/v2\/types\/product"}],"wp:featuredmedia":[{"embeddable":true,"href":"https:\/\/tenda.elmasove.com\/es\/wp-json\/wp\/v2\/media\/401"}],"wp:attachment":[{"href":"https:\/\/tenda.elmasove.com\/es\/wp-json\/wp\/v2\/media?parent=402"}],"wp:term":[{"taxonomy":"pwb-brand","embeddable":true,"href":"https:\/\/tenda.elmasove.com\/es\/wp-json\/wp\/v2\/pwb-brand?post=402"},{"taxonomy":"product_brand","embeddable":true,"href":"https:\/\/tenda.elmasove.com\/es\/wp-json\/wp\/v2\/product_brand?post=402"},{"taxonomy":"product_cat","embeddable":true,"href":"https:\/\/tenda.elmasove.com\/es\/wp-json\/wp\/v2\/product_cat?post=402"},{"taxonomy":"product_tag","embeddable":true,"href":"https:\/\/tenda.elmasove.com\/es\/wp-json\/wp\/v2\/product_tag?post=402"}],"curies":[{"name":"wp","href":"https:\/\/api.w.org\/{rel}","templated":true}]}}