{"id":390,"date":"2014-11-24T07:30:26","date_gmt":"2014-11-24T06:30:26","guid":{"rendered":"http:\/\/wp.elmasove.com\/product\/pack-6-ampolles-1-5l-aigua-de-rocallaura\/"},"modified":"2026-03-05T12:59:20","modified_gmt":"2026-03-05T11:59:20","slug":"aigua-rocallaura-6x15l","status":"publish","type":"product","link":"https:\/\/tenda.elmasove.com\/es\/tienda\/begudes\/agua\/agua-medicinal\/aigua-rocallaura-6x15l\/","title":{"rendered":"Agua Rocallaura (6\u00d71,5L)"},"content":{"rendered":"<p>El Agua de Rocallaura es famosa por su capacidad de facilitar la eliminaci\u00f3n de las piedras y la arena tanto del ri\u00f1\u00f3n como de las v\u00edas urinarias. Tambi\u00e9n se le atribuye la eliminaci\u00f3n de \u00farea de la sangre y el alivio de la psoriasis o artritis reum\u00e1tica. El Agua de Rocallaura tiene un PH alcalino. La presencia de Litio y Estroncio en su composici\u00f3n la hace un agua \u00fanica en el mundo.<\/p>\n<p id=\"n162\">El Manantial del agua situado en Rocallaura, T\u00e9rmino Municipal de Vallbona de les Monges, en la comarca del Urgell, dentro de la entidad supracomarcal del Valle del Riucorb. A hora y media de Barcelona ya unos cincuenta minutos de Lleida y Tarragona, a las afueras de Rocallaura a cien metros del Balneario de Rocallaura ya unos cuatrocientos del Antiguo Balneario de Rocallaura.<\/p>\n<p id=\"n170\">Antes de la comercializaci\u00f3n, ya era conocida por sus propiedades minero-medicinales por su saber popular.<\/p>\n<p>El Agua de Rocallaura es especialmente diur\u00e9tica, lo que hace que sea altamente recomendada en las dietas y reg\u00edmenes de adelgazamiento.<\/p>\n<p>Surge a 13\u00ba que es la temperatura a la que se recomienda beberla para apreciar su sabor en toda su calidad. Su alto contenido en bicarbonato la hace muy digestiva y un excelente agua de mesa, de sabor agradable y suave, un buen complemento para cualquier comida.<\/p>\n<p>Beber habitualmente act\u00faa de forma eficaz con un fuerte car\u00e1cter preventivo.<\/p>\n<p><em>Pack de 6 botellas de Agua Rocallaura de 1,5L<\/em><\/p>","protected":false},"excerpt":{"rendered":"<p>El Agua de Rocallaura es famosa por su capacidad de facilitar la eliminaci\u00f3n de las \u201cpiedras\u201d y la arena tanto del ri\u00f1\u00f3n como de las v\u00edas urinarias. Tambi\u00e9n se le atribuye la eliminaci\u00f3n de \u00farea de la sangre y el alivio de la psoriasis o artritis reum\u00e1tica. El Agua de Rocallaura tiene un PH alcalino. La presencia de Litio y Estroncio en su composici\u00f3n la hace un agua \u00fanica en el mundo.<\/p>\n<p><em>Pack de 6 botellas de Agua Rocallaura de 1,5L<\/em><\/p>","protected":false},"featured_media":389,"template":"","meta":[],"pwb-brand":[211],"product_brand":[],"product_cat":[35,103,17],"product_tag":[],"class_list":{"0":"post-390","1":"product","2":"type-product","3":"status-publish","4":"has-post-thumbnail","6":"pwb-brand-aigua-de-rocallaura","7":"product_cat-agua","8":"product_cat-agua-medicinal","9":"product_cat-begudes","11":"first","12":"instock","13":"taxable","14":"shipping-taxable","15":"purchasable","16":"product-type-simple"},"brands":[{"id":211,"name":"Agua de Rocallaura","slug":"aigua-de-rocallaura"}],"_links":{"self":[{"href":"https:\/\/tenda.elmasove.com\/es\/wp-json\/wp\/v2\/product\/390","targetHints":{"allow":["GET"]}}],"collection":[{"href":"https:\/\/tenda.elmasove.com\/es\/wp-json\/wp\/v2\/product"}],"about":[{"href":"https:\/\/tenda.elmasove.com\/es\/wp-json\/wp\/v2\/types\/product"}],"wp:featuredmedia":[{"embeddable":true,"href":"https:\/\/tenda.elmasove.com\/es\/wp-json\/wp\/v2\/media\/389"}],"wp:attachment":[{"href":"https:\/\/tenda.elmasove.com\/es\/wp-json\/wp\/v2\/media?parent=390"}],"wp:term":[{"taxonomy":"pwb-brand","embeddable":true,"href":"https:\/\/tenda.elmasove.com\/es\/wp-json\/wp\/v2\/pwb-brand?post=390"},{"taxonomy":"product_brand","embeddable":true,"href":"https:\/\/tenda.elmasove.com\/es\/wp-json\/wp\/v2\/product_brand?post=390"},{"taxonomy":"product_cat","embeddable":true,"href":"https:\/\/tenda.elmasove.com\/es\/wp-json\/wp\/v2\/product_cat?post=390"},{"taxonomy":"product_tag","embeddable":true,"href":"https:\/\/tenda.elmasove.com\/es\/wp-json\/wp\/v2\/product_tag?post=390"}],"curies":[{"name":"wp","href":"https:\/\/api.w.org\/{rel}","templated":true}]}}