{"id":386,"date":"2014-11-24T07:30:26","date_gmt":"2014-11-24T06:30:26","guid":{"rendered":"http:\/\/wp.elmasove.com\/product\/caixa-24-ampolles-0-5l-aigua-font-vella-pitorro\/"},"modified":"2026-03-05T11:44:10","modified_gmt":"2026-03-05T10:44:10","slug":"aigua-font-vella-24x33cl","status":"publish","type":"product","link":"https:\/\/tenda.elmasove.com\/es\/tienda\/begudes\/agua\/aigua-mineral-natural\/aigua-font-vella-24x33cl\/","title":{"rendered":"Agua Font Vella (24x33cl)"},"content":{"rendered":"<p>Font Vella es un agua equilibrada, de mineralizaci\u00f3n d\u00e9bil y 0% impurezas. Baja en sodio. Aigua Font Vella es ligera al paladar y f\u00e1cil de beber. Ideal para preparaci\u00f3n de alimentos infantiles y dietas pobres en sodio.<\/p>\n<p>La naturaleza crea el agua en espacios naturales protegidos y nuestra agua nace en los manantiales Font Vella. Sin prisas, sin pausas. El agua recorre los parajes protegidos del Espacio Natural de las Guilleries (Sant Hilari Sacalm, Girona) y del Parque Natural del Barranco R\u00edo Dulce (Sig\u00fcenza, Guadalajara), dos per\u00edmetros de casi 1000 hect\u00e1reas de naturaleza, protegidos por preservar su extraordinario ecosistema.<\/p>\n<p>Tras adquirir su composici\u00f3n \u00fanica, nace en los manantiales Font Vella y es directamente embotellada. Para que desde el manantial llegue a ti.<\/p>\n<ul>\n<li><strong>Es un agua de pura Naturaleza:<\/strong> De espacios naturales protegidos: Font Vella tiene su origen en el Espacio Natural de las Guilleries (Sant Hilari Sacalm, Girona) y en el Parque Natural del Barranco de R\u00edo Dulce (Sig\u00fcenza, Guadalajara), per\u00edmetros de casi 1000 hect\u00e1reas.<\/li>\n<li><strong>Intacta:<\/strong> directamente del diez en tu botella<\/li>\n<li><strong>De mineralizaci\u00f3n d\u00e9bil:<\/strong> Tiene una composici\u00f3n \u00fanica.<\/li>\n<li><strong>Indicada para dietas pobres en sodio:<\/strong> Al contener menos de 20 mg\/L de sodio es un agua indicada para dietas pobres en sodio y para la preparaci\u00f3n de alimentos infantiles. Recomendada por Almir\u00f3n, expertos en alimentaci\u00f3n infantil.<\/li>\n<\/ul>\n<p>Durante m\u00e1s de 15 a\u00f1os Font Vella recorre intacta un largo camino subterr\u00e1neo, protegida por la naturaleza a m\u00e1s de 150 metros de profundidad, en el Parque Natural de Montseny y en el del Barranco del R\u00edo Dulce, dos parajes naturales.<\/p>\n<p><em>24 botellas de pitorro de 33 cl<\/em><\/p>\n<h3>Ingredientes y al\u00e9rgenos del Agua Font Vella<\/h3>\n<p><strong>Manantial Font Vella SACALM<\/strong><\/p>\n<table>\n<tbody>\n<tr>\n<td>Conductividad (uS\/cm)<\/td>\n<td>303<\/td>\n<\/tr>\n<tr>\n<td>Bicarbonatos<\/td>\n<td>167<\/td>\n<\/tr>\n<tr>\n<td>Calcio<\/td>\n<td>43,2<\/td>\n<\/tr>\n<tr>\n<td>Magnesio<\/td>\n<td>11,5<\/td>\n<\/tr>\n<tr>\n<td>Sodio<\/td>\n<td>12,3 (CNTA-2013)<\/td>\n<\/tr>\n<\/tbody>\n<\/table>\n<p><strong>Manantial Font Vella SIGUENZA<\/strong><\/p>\n<table>\n<tbody>\n<tr>\n<td>Conductividad (uS\/cm)<\/td>\n<td>530<\/td>\n<\/tr>\n<tr>\n<td>Bicarbonatos<\/td>\n<td>312<\/td>\n<\/tr>\n<tr>\n<td>Calcio<\/td>\n<td>86,1<\/td>\n<\/tr>\n<tr>\n<td>Magnesio<\/td>\n<td>2,5<\/td>\n<\/tr>\n<tr>\n<td>Sodio<\/td>\n<td>8,1 (CNTA-2013)<\/td>\n<\/tr>\n<\/tbody>\n<\/table>\n<h3>Condiciones de conservaci\u00f3n<\/h3>\n<p>Conservar en lugar limpio, fresco y seco. Proteger de la luz solar y de olores agresivos. Evitar contacto directo con el suelo. Exija que se abra la botella en su presencia. No reutilizar ese envase.<\/p>","protected":false},"excerpt":{"rendered":"<p>Font Vella es un agua equilibrada, de mineralizaci\u00f3n d\u00e9bil y 0% impurezas. Ideal para preparaci\u00f3n de alimentos infantiles y dietas pobres en sodio.<\/p>\n<p><em>24 botellas de pitorro de 33 cl<\/em><\/p>","protected":false},"featured_media":1857,"template":"","meta":[],"pwb-brand":[206],"product_brand":[],"product_cat":[35,91,17],"product_tag":[159],"class_list":{"0":"post-386","1":"product","2":"type-product","3":"status-publish","4":"has-post-thumbnail","6":"pwb-brand-font-vella","7":"product_cat-agua","8":"product_cat-aigua-mineral-natural","9":"product_cat-begudes","10":"product_tag-font-vella","12":"first","13":"instock","14":"taxable","15":"shipping-taxable","16":"purchasable","17":"product-type-simple"},"brands":[{"id":206,"name":"Font Vella","slug":"font-vella"}],"_links":{"self":[{"href":"https:\/\/tenda.elmasove.com\/es\/wp-json\/wp\/v2\/product\/386","targetHints":{"allow":["GET"]}}],"collection":[{"href":"https:\/\/tenda.elmasove.com\/es\/wp-json\/wp\/v2\/product"}],"about":[{"href":"https:\/\/tenda.elmasove.com\/es\/wp-json\/wp\/v2\/types\/product"}],"wp:featuredmedia":[{"embeddable":true,"href":"https:\/\/tenda.elmasove.com\/es\/wp-json\/wp\/v2\/media\/1857"}],"wp:attachment":[{"href":"https:\/\/tenda.elmasove.com\/es\/wp-json\/wp\/v2\/media?parent=386"}],"wp:term":[{"taxonomy":"pwb-brand","embeddable":true,"href":"https:\/\/tenda.elmasove.com\/es\/wp-json\/wp\/v2\/pwb-brand?post=386"},{"taxonomy":"product_brand","embeddable":true,"href":"https:\/\/tenda.elmasove.com\/es\/wp-json\/wp\/v2\/product_brand?post=386"},{"taxonomy":"product_cat","embeddable":true,"href":"https:\/\/tenda.elmasove.com\/es\/wp-json\/wp\/v2\/product_cat?post=386"},{"taxonomy":"product_tag","embeddable":true,"href":"https:\/\/tenda.elmasove.com\/es\/wp-json\/wp\/v2\/product_tag?post=386"}],"curies":[{"name":"wp","href":"https:\/\/api.w.org\/{rel}","templated":true}]}}