{"id":384,"date":"2014-11-24T07:30:26","date_gmt":"2014-11-24T06:30:26","guid":{"rendered":"http:\/\/wp.elmasove.com\/product\/pack-6-ampolles-1-5l-aigua-veri\/"},"modified":"2026-03-05T12:23:51","modified_gmt":"2026-03-05T11:23:51","slug":"aigua-veri-6x15l","status":"publish","type":"product","link":"https:\/\/tenda.elmasove.com\/es\/tienda\/begudes\/agua\/aigua-mineral-natural\/aigua-veri-6x15l\/","title":{"rendered":"Agua Veri (6\u00d71,5L)"},"content":{"rendered":"<p>El agua de Veri proviene del deshielo y de las lluvias del alto Pirineo, lejos de cualquier agresi\u00f3n urbana e industrial. En el coraz\u00f3n de los Pirineos, en plenas monta\u00f1as del Valle de Benasque, se encuentra el manantial de Veri.<\/p>\n<p>Brota espont\u00e1neamente, fresca y pura, a 1.235 metros de altitud manteniendo durante todo el a\u00f1o una temperatura constante de 6\u00baC.<\/p>\n<p>El agua procedente del deshielo y de las abundantes lluvias se filtra y purifica a trav\u00e9s de formaciones rocosas gran\u00edticas y all\u00ed reposa largamente, se enriquece lentamente con las sales minerales y los oligoelementos propios del subsuelo pirenaico. Este proceso natural permite obtener un agua mineral natural equilibrada, pura, cristalina, con un sabor \u00fanico y de extremada calidad.<\/p>\n<p>Por su pureza y por su composici\u00f3n privilegiada, el Agua de Veri fue declarada agua minero-medicinal en 1969. Su bajo contenido en sodio hace que sea un agua recomendada para dietas pobres en sodio y tambi\u00e9n para la preparaci\u00f3n de alimentos infantiles. Tambi\u00e9n es apreciada por sus propiedades diur\u00e9ticas y altamente recomendable para cualquier dieta de adelgazamiento.<\/p>\n<p>Es un agua mineral natural de equilibrada composici\u00f3n, destacando por ser la de menor contenido en sodio de mercado. Por eso, Veri es reconocida y recomendada, con frecuencia, por la clase m\u00e9dica como ingrediente indispensable en las dietas bajas en sodio (sal com\u00fan), la alimentaci\u00f3n infantil y la preparaci\u00f3n de biberones para lactantes.<\/p>\n<p><em>6 botellas de Agua de Veri de 1,5 litros<\/em><\/p>\n<h3>Composici\u00f3n del Agua de Veri<\/h3>\n<p><strong>MANANTIAL VERO 1 (mg\/L)<\/strong><\/p>\n<table>\n<tbody>\n<tr>\n<td>Residuo seco<\/td>\n<td>203<\/td>\n<\/tr>\n<tr>\n<td>Calcio<\/td>\n<td>71,3<\/td>\n<\/tr>\n<tr>\n<td>Sodio<\/td>\n<td>0,79<\/td>\n<\/tr>\n<tr>\n<td>Magnesio<\/td>\n<td>1,9<\/td>\n<\/tr>\n<tr>\n<td>Bicarbonatos<\/td>\n<td>198<\/td>\n<\/tr>\n<tr>\n<td>Sulfatos<\/td>\n<td>15,7<\/td>\n<\/tr>\n<tr>\n<td>Cloruros<\/td>\n<td>1,9<\/td>\n<\/tr>\n<\/tbody>\n<\/table>\n<p><strong>MANANTIAL VERO 5 (mg\/L)<\/strong><\/p>\n<table>\n<tbody>\n<tr>\n<td>Residuo seco<\/td>\n<td>111<\/td>\n<\/tr>\n<tr>\n<td>Calcio<\/td>\n<td>30,9<\/td>\n<\/tr>\n<tr>\n<td>Sodio<\/td>\n<td>0,5<\/td>\n<\/tr>\n<tr>\n<td>Magnesio<\/td>\n<td>9,2<\/td>\n<\/tr>\n<tr>\n<td>Bicarbonatos<\/td>\n<td>135<\/td>\n<\/tr>\n<tr>\n<td>Sulfatos<\/td>\n<td>3,6<\/td>\n<\/tr>\n<tr>\n<td>Cloruros<\/td>\n<td>0,4<\/td>\n<\/tr>\n<\/tbody>\n<\/table>\n<h3>Condiciones de conservaci\u00f3n y uso<\/h3>\n<p>Mantener en lugar fresco, oscuro y seco.<\/p>\n<p>Te recomendamos que siempre leas las etiquetas, advertencias e instrucciones del embalaje del producto antes de utilizarlo o consumirlo, ya que podr\u00e1s encontrar informaci\u00f3n m\u00e1s detallada y actualizada sobre el mismo.<\/p>","protected":false},"excerpt":{"rendered":"<p>Su bajo contenido en sodio hace que sea agua recomendada para dietas pobres en sodio y tambi\u00e9n para la preparaci\u00f3n de alimentos infantiles. Tambi\u00e9n es apreciada por sus propiedades diur\u00e9ticas y altamente recomendable para cualquier dieta de adelgazamiento.<\/p>\n<p><em>6 botellas de Agua de Veri de 1,5 litros<\/em><\/p>","protected":false},"featured_media":2408,"template":"","meta":[],"pwb-brand":[210],"product_brand":[],"product_cat":[35,91],"product_tag":[],"class_list":{"0":"post-384","1":"product","2":"type-product","3":"status-publish","4":"has-post-thumbnail","6":"pwb-brand-veri","7":"product_cat-agua","8":"product_cat-aigua-mineral-natural","10":"first","11":"instock","12":"taxable","13":"shipping-taxable","14":"purchasable","15":"product-type-simple"},"brands":[{"id":210,"name":"Veri","slug":"veri"}],"_links":{"self":[{"href":"https:\/\/tenda.elmasove.com\/es\/wp-json\/wp\/v2\/product\/384","targetHints":{"allow":["GET"]}}],"collection":[{"href":"https:\/\/tenda.elmasove.com\/es\/wp-json\/wp\/v2\/product"}],"about":[{"href":"https:\/\/tenda.elmasove.com\/es\/wp-json\/wp\/v2\/types\/product"}],"wp:featuredmedia":[{"embeddable":true,"href":"https:\/\/tenda.elmasove.com\/es\/wp-json\/wp\/v2\/media\/2408"}],"wp:attachment":[{"href":"https:\/\/tenda.elmasove.com\/es\/wp-json\/wp\/v2\/media?parent=384"}],"wp:term":[{"taxonomy":"pwb-brand","embeddable":true,"href":"https:\/\/tenda.elmasove.com\/es\/wp-json\/wp\/v2\/pwb-brand?post=384"},{"taxonomy":"product_brand","embeddable":true,"href":"https:\/\/tenda.elmasove.com\/es\/wp-json\/wp\/v2\/product_brand?post=384"},{"taxonomy":"product_cat","embeddable":true,"href":"https:\/\/tenda.elmasove.com\/es\/wp-json\/wp\/v2\/product_cat?post=384"},{"taxonomy":"product_tag","embeddable":true,"href":"https:\/\/tenda.elmasove.com\/es\/wp-json\/wp\/v2\/product_tag?post=384"}],"curies":[{"name":"wp","href":"https:\/\/api.w.org\/{rel}","templated":true}]}}