{"id":378,"date":"2014-11-24T07:30:26","date_gmt":"2014-11-24T06:30:26","guid":{"rendered":"http:\/\/wp.elmasove.com\/product\/garrafa-5l-aigua-de-ribes\/"},"modified":"2026-03-05T11:20:41","modified_gmt":"2026-03-05T10:20:41","slug":"garrafa-5l-aigua-de-ribes","status":"publish","type":"product","link":"https:\/\/tenda.elmasove.com\/es\/tienda\/begudes\/agua\/aigua-mineral-natural\/garrafa-5l-aigua-de-ribes\/","title":{"rendered":"Agua de Ribes (5L)"},"content":{"rendered":"<p>El agua mineral natural Agua de Ribes est\u00e1 indicada para dietas pobres en sodio as\u00ed como para la preparaci\u00f3n de biberones de leche de inicio y de continuaci\u00f3n.<br \/>\nProcede del manantial situado en Ribes de Freser provincia de Girona en Espa\u00f1a donde tambi\u00e9n es envasada. donde tambi\u00e9n es envasada. El agua se extrae de unos canales de r\u00edo Freser, afluente del r\u00edo Ter, uno de los grandes en Catalu\u00f1a.<\/p>\n<p>Su fuente est\u00e1 situada en el Pirineo catal\u00e1n y goza de 2km de protecci\u00f3n minera. Tiene un sabor caracter\u00edstico, dulce, sin a\u00f1adido.<\/p>\n<p>Con s\u00f3lo 5,26 mg\/l de sodio, es ideal para la preparaci\u00f3n de alimentos para ni\u00f1os y dietas pobres en sodio. Est\u00e1 indicada para dietas pobres en sodio as\u00ed como para la preparaci\u00f3n de biberones de leche de inicio y continuaci\u00f3n.<\/p>\n<p><em>Garrafa de 5L de Agua de Ribes<\/em><\/p>\n<h3>Composici\u00f3n del Agua de Ribes<\/h3>\n<table>\n<tbody>\n<tr>\n<td>Sodio<\/td>\n<td>5.6 mg\/l<\/td>\n<\/tr>\n<tr>\n<td>Silicio<\/td>\n<td>10 mg\/l<\/td>\n<\/tr>\n<tr>\n<td>Calcio<\/td>\n<td>45.8 mg\/l<\/td>\n<\/tr>\n<tr>\n<td>Magnesio<\/td>\n<td>8.3 mg\/l<\/td>\n<\/tr>\n<tr>\n<td>Residuo seco a 180 \u00b0C<\/td>\n<td>195 mg\/l<\/td>\n<\/tr>\n<tr>\n<td>Bicarbonatos<\/td>\n<td>137 mg\/l<\/td>\n<\/tr>\n<tr>\n<td>Sulfatos<\/td>\n<td>28.8 mg\/l<\/td>\n<\/tr>\n<tr>\n<td>Cloruro<\/td>\n<td>6.6 mg\/l<\/td>\n<\/tr>\n<\/tbody>\n<\/table>\n<h3>Condiciones de conservaci\u00f3n y uso<\/h3>\n<p>Cons\u00e9rvela en un Lugar seco y fresco. Prot\u00e9jala de la luz y de olores agresivos.<\/p>\n<p>Te recomendamos que siempre leas las etiquetas, advertencias e instrucciones del embalaje del producto antes de utilizarlo o consumirlo, ya que podr\u00e1s encontrar informaci\u00f3n m\u00e1s detallada y actualizada sobre el mismo.<\/p>","protected":false},"excerpt":{"rendered":"<p>El Agua de Ribes est\u00e1 indicada para dietas pobres en sodio as\u00ed como para la preparaci\u00f3n de biberones de leche de inicio y de continuaci\u00f3n.<\/p>\n<p>Procede del manantial situado en Ribes de Freser provincia de Girona en Espa\u00f1a donde tambi\u00e9n es envasada.<\/p>\n<p><em>Garrafa de 5L de Agua de Ribes<\/em><\/p>","protected":false},"featured_media":2420,"template":"","meta":[],"pwb-brand":[207],"product_brand":[],"product_cat":[35,91],"product_tag":[],"class_list":{"0":"post-378","1":"product","2":"type-product","3":"status-publish","4":"has-post-thumbnail","6":"pwb-brand-aigua-de-ribes","7":"product_cat-agua","8":"product_cat-aigua-mineral-natural","10":"first","11":"instock","12":"taxable","13":"shipping-taxable","14":"purchasable","15":"product-type-simple"},"brands":[{"id":207,"name":"Agua de Ribes","slug":"aigua-de-ribes"}],"_links":{"self":[{"href":"https:\/\/tenda.elmasove.com\/es\/wp-json\/wp\/v2\/product\/378","targetHints":{"allow":["GET"]}}],"collection":[{"href":"https:\/\/tenda.elmasove.com\/es\/wp-json\/wp\/v2\/product"}],"about":[{"href":"https:\/\/tenda.elmasove.com\/es\/wp-json\/wp\/v2\/types\/product"}],"wp:featuredmedia":[{"embeddable":true,"href":"https:\/\/tenda.elmasove.com\/es\/wp-json\/wp\/v2\/media\/2420"}],"wp:attachment":[{"href":"https:\/\/tenda.elmasove.com\/es\/wp-json\/wp\/v2\/media?parent=378"}],"wp:term":[{"taxonomy":"pwb-brand","embeddable":true,"href":"https:\/\/tenda.elmasove.com\/es\/wp-json\/wp\/v2\/pwb-brand?post=378"},{"taxonomy":"product_brand","embeddable":true,"href":"https:\/\/tenda.elmasove.com\/es\/wp-json\/wp\/v2\/product_brand?post=378"},{"taxonomy":"product_cat","embeddable":true,"href":"https:\/\/tenda.elmasove.com\/es\/wp-json\/wp\/v2\/product_cat?post=378"},{"taxonomy":"product_tag","embeddable":true,"href":"https:\/\/tenda.elmasove.com\/es\/wp-json\/wp\/v2\/product_tag?post=378"}],"curies":[{"name":"wp","href":"https:\/\/api.w.org\/{rel}","templated":true}]}}