{"id":373,"date":"2014-11-24T07:30:25","date_gmt":"2014-11-24T06:30:25","guid":{"rendered":"http:\/\/wp.elmasove.com\/product\/caixa-3-ampolles-5l-aigua-solan-de-cabras\/"},"modified":"2026-03-05T11:11:40","modified_gmt":"2026-03-05T10:11:40","slug":"aigua-solan-de-cabras-3x5l","status":"publish","type":"product","link":"https:\/\/tenda.elmasove.com\/es\/tienda\/begudes\/agua\/aigua-mineral-natural\/aigua-solan-de-cabras-3x5l\/","title":{"rendered":"Agua Sol\u00e1n de Cabras (3x5L)"},"content":{"rendered":"<p>El Agua Sol\u00e1n de Cabras proviene del manatial del Valle de Sol\u00e1n de Cabras, en la Serrania de Cuenca. Es una de las aguas m\u00e1s equilibradas, estables y sanas que se conocen. De mineralizaci\u00f3n d\u00e9bil. Baja en sodio, bicarbonatada, con buen porcentaje de calcio. Con un amplio abanico de propiedades beneficionas para la salud: problemas genitourinarios, acidez g\u00e1strica, favorece el tr\u00e1fico intestino, evita las piedras en el ri\u00f1\u00f3n, est\u00e1 recomendado en personas con hipertensi\u00f3n arterial.<\/p>\n<p>Son aguas de mineralizaci\u00f3n d\u00e9bil, determinadas por las caracter\u00edsticas geol\u00f3gicas del terreno y de las rocas del manantial del que proceden. Emergen a una temperatura de 21\u00ba de forma constante y con un caudal constante de 5.410 litros por minuto.<\/p>\n<p>Sol\u00e1n de Cabras est\u00e1 clasificada seg\u00fan el c\u00f3digo alimentario espa\u00f1ol como Agua de mineralizaci\u00f3n d\u00e9bil, hipotermal e hipot\u00f3nica Bicarbonatada c\u00e1lcico lit\u00ednica.<br \/>\nSu bajo nivel de sodio hace que el intestino lo absorba de forma r\u00e1pida, provocando una abundante diuresis beneficiosa por problemas genito-urinarios, tales como infecciones urinarias y litiasis renal.<br \/>\nSu contenido en calcio, al no ser excesivamente alto, es recomendable para mujeres de mediana edad y en la peri menopausia. y en pacientes con litiasis c\u00e1lcica, ya que nunca debe restringirse el calcio.<\/p>\n<p>Un agua as\u00ed s\u00f3lo la crea la naturaleza, procedente de un manantial \u00fanico, en plena serran\u00eda de cuenca. Se necesitan m\u00e1s de 3.600 a\u00f1os de filtrado para crear la equilibrada composici\u00f3n de una gota de Sol\u00e1n de Cabras. Nuestro ic\u00f3nica envase protege a nuestra agua de cualquier alteraci\u00f3n lum\u00ednica para que su gusto y propiedades permanezcan intactas e invariables.<\/p>\n<p><em>3 garrafas de 5 litros de agua Sol\u00e1n de Cabras\u00a0<\/em><\/p>\n<h3>Ingredientes y al\u00e9rgenos del Agua Sol\u00e1n de Cabras<\/h3>\n<table>\n<tbody>\n<tr>\n<td>Bicarbonato<\/td>\n<td>284 mg\/l<\/td>\n<\/tr>\n<tr>\n<td>Residuo seco<\/td>\n<td>260 mg\/l<\/td>\n<\/tr>\n<tr>\n<td>Calcio<\/td>\n<td>59.4 mg\/l<\/td>\n<\/tr>\n<tr>\n<td>Magnesio<\/td>\n<td>25.6 mg\/l<\/td>\n<\/tr>\n<tr>\n<td>Sulfato<\/td>\n<td>21.3 mg\/l<\/td>\n<\/tr>\n<tr>\n<td>Cloruro<\/td>\n<td>7.4 mg\/l<\/td>\n<\/tr>\n<tr>\n<td>S\u00edlice<\/td>\n<td>7.2 mg\/l<\/td>\n<\/tr>\n<tr>\n<td>Sodio<\/td>\n<td>5.1 mg\/l<\/td>\n<\/tr>\n<tr>\n<td>Potasio<\/td>\n<td>1.1 mg\/l<\/td>\n<\/tr>\n<tr>\n<td>Floruros<\/td>\n<td>0.2 mg\/l<\/td>\n<\/tr>\n<tr>\n<td>Relaci\u00f3n calcio-magnesio<\/td>\n<td>= 2.3<\/td>\n<\/tr>\n<\/tbody>\n<\/table>\n<h3>Condiciones de conservaci\u00f3n<\/h3>\n<p>Conservar en lugar fresco, limpio y seco.<br \/>\nProteger de olores agresivos.<\/p>","protected":false},"excerpt":{"rendered":"<p>El Agua Sol\u00e1n de Cabras es una de las aguas m\u00e1s equilibradas, estables y sanas que se conocen. De mineralizaci\u00f3n d\u00e9bil. Baja en sodio, bicarbonatada, con buen porcentaje de calcio. Con un amplio abanico de propiedades beneficionas para la salud: problemas genitourinarios, acidez g\u00e1strica, favorece el tr\u00e1fico intestino, evita las piedras en el ri\u00f1\u00f3n, est\u00e1 recomendado en personas con hipertensi\u00f3n arterial.<\/p>\n<p><em>3 garrafas de 5 litros de agua Sol\u00e1n de Cabras\u00a0<\/em><\/p>","protected":false},"featured_media":2400,"template":"","meta":[],"pwb-brand":[209],"product_brand":[],"product_cat":[35,91],"product_tag":[],"class_list":{"0":"post-373","1":"product","2":"type-product","3":"status-publish","4":"has-post-thumbnail","6":"pwb-brand-solan-de-cabras","7":"product_cat-agua","8":"product_cat-aigua-mineral-natural","10":"first","11":"instock","12":"taxable","13":"shipping-taxable","14":"purchasable","15":"product-type-simple"},"brands":[{"id":209,"name":"Sol\u00e1n de Cabras","slug":"solan-de-cabras"}],"_links":{"self":[{"href":"https:\/\/tenda.elmasove.com\/es\/wp-json\/wp\/v2\/product\/373","targetHints":{"allow":["GET"]}}],"collection":[{"href":"https:\/\/tenda.elmasove.com\/es\/wp-json\/wp\/v2\/product"}],"about":[{"href":"https:\/\/tenda.elmasove.com\/es\/wp-json\/wp\/v2\/types\/product"}],"wp:featuredmedia":[{"embeddable":true,"href":"https:\/\/tenda.elmasove.com\/es\/wp-json\/wp\/v2\/media\/2400"}],"wp:attachment":[{"href":"https:\/\/tenda.elmasove.com\/es\/wp-json\/wp\/v2\/media?parent=373"}],"wp:term":[{"taxonomy":"pwb-brand","embeddable":true,"href":"https:\/\/tenda.elmasove.com\/es\/wp-json\/wp\/v2\/pwb-brand?post=373"},{"taxonomy":"product_brand","embeddable":true,"href":"https:\/\/tenda.elmasove.com\/es\/wp-json\/wp\/v2\/product_brand?post=373"},{"taxonomy":"product_cat","embeddable":true,"href":"https:\/\/tenda.elmasove.com\/es\/wp-json\/wp\/v2\/product_cat?post=373"},{"taxonomy":"product_tag","embeddable":true,"href":"https:\/\/tenda.elmasove.com\/es\/wp-json\/wp\/v2\/product_tag?post=373"}],"curies":[{"name":"wp","href":"https:\/\/api.w.org\/{rel}","templated":true}]}}