{"id":367,"date":"2014-11-24T07:30:25","date_gmt":"2014-11-24T06:30:25","guid":{"rendered":"http:\/\/wp.elmasove.com\/product\/ampolla-0-5l-vinagre-de-cava\/"},"modified":"2023-04-12T12:23:08","modified_gmt":"2023-04-12T10:23:08","slug":"ampolla-0-5l-vinagre-de-cava","status":"publish","type":"product","link":"https:\/\/tenda.elmasove.com\/es\/tienda\/olis-i-vinagres\/vinagre\/ampolla-0-5l-vinagre-de-cava\/","title":{"rendered":"Vinagre de Cava &quot;El Masove&quot; (0,5L)"},"content":{"rendered":"<p>Vinagre de cava El Masove botella 500 ml. Vinagre de cava dulce, fruto de un lento proceso de preparaci\u00f3n que incluye un per\u00edodo de crianza de al menos un a\u00f1o. Aroma intenso y afrutado. Muy indicado para reducciones, platos de caza, carpaccios, cocina oriental y postre.<\/p>","protected":false},"excerpt":{"rendered":"<p>Vinagre de cava El Masove botella 500 ml. Vinagre de cava dulce, fruto de un lento proceso de preparaci\u00f3n que incluye un per\u00edodo de crianza de al menos un a\u00f1o.<\/p>","protected":false},"featured_media":366,"template":"","meta":[],"pwb-brand":[191],"product_brand":[],"product_cat":[15,51],"product_tag":[],"class_list":{"0":"post-367","1":"product","2":"type-product","3":"status-publish","4":"has-post-thumbnail","6":"pwb-brand-el-masove","7":"product_cat-olis-i-vinagres","8":"product_cat-vinagre","10":"first","11":"instock","12":"taxable","13":"shipping-taxable","14":"purchasable","15":"product-type-simple"},"brands":[{"id":191,"name":"El Masove","slug":"el-masove"}],"_links":{"self":[{"href":"https:\/\/tenda.elmasove.com\/es\/wp-json\/wp\/v2\/product\/367","targetHints":{"allow":["GET"]}}],"collection":[{"href":"https:\/\/tenda.elmasove.com\/es\/wp-json\/wp\/v2\/product"}],"about":[{"href":"https:\/\/tenda.elmasove.com\/es\/wp-json\/wp\/v2\/types\/product"}],"wp:featuredmedia":[{"embeddable":true,"href":"https:\/\/tenda.elmasove.com\/es\/wp-json\/wp\/v2\/media\/366"}],"wp:attachment":[{"href":"https:\/\/tenda.elmasove.com\/es\/wp-json\/wp\/v2\/media?parent=367"}],"wp:term":[{"taxonomy":"pwb-brand","embeddable":true,"href":"https:\/\/tenda.elmasove.com\/es\/wp-json\/wp\/v2\/pwb-brand?post=367"},{"taxonomy":"product_brand","embeddable":true,"href":"https:\/\/tenda.elmasove.com\/es\/wp-json\/wp\/v2\/product_brand?post=367"},{"taxonomy":"product_cat","embeddable":true,"href":"https:\/\/tenda.elmasove.com\/es\/wp-json\/wp\/v2\/product_cat?post=367"},{"taxonomy":"product_tag","embeddable":true,"href":"https:\/\/tenda.elmasove.com\/es\/wp-json\/wp\/v2\/product_tag?post=367"}],"curies":[{"name":"wp","href":"https:\/\/api.w.org\/{rel}","templated":true}]}}