{"id":365,"date":"2014-11-24T07:30:25","date_gmt":"2014-11-24T06:30:25","guid":{"rendered":"http:\/\/wp.elmasove.com\/product\/ampolla-0-5l-vinagre-de-modena\/"},"modified":"2023-04-12T12:22:51","modified_gmt":"2023-04-12T10:22:51","slug":"ampolla-0-5l-vinagre-de-modena","status":"publish","type":"product","link":"https:\/\/tenda.elmasove.com\/es\/tienda\/olis-i-vinagres\/vinagre\/ampolla-0-5l-vinagre-de-modena\/","title":{"rendered":"Vinagre de M\u00f3dena Bals\u00e1mico &quot;El Masove&quot; (0,5L)"},"content":{"rendered":"<p>Vinagre de M\u00f3dena Bals\u00e1mico El Masove botella 500 ml. Vinagre elaborado en M\u00f3dena con uva de la Regi\u00f3n de Emilia Romana. Vinagre envejecido en botas durante 4 meses, de aspecto oscuro y denso, con reflejos morados y un agradable equilibrio agridulce.<\/p>","protected":false},"excerpt":{"rendered":"<p>Vinagre de M\u00f3dena Bals\u00e1mico El Masove botella 500 ml. Vinagre elaborado en M\u00f3dena con uva de la Regi\u00f3n de la Emilia Romana.<\/p>","protected":false},"featured_media":364,"template":"","meta":[],"pwb-brand":[],"product_brand":[],"product_cat":[15,51],"product_tag":[],"class_list":{"0":"post-365","1":"product","2":"type-product","3":"status-publish","4":"has-post-thumbnail","6":"product_cat-olis-i-vinagres","7":"product_cat-vinagre","9":"first","10":"instock","11":"taxable","12":"shipping-taxable","13":"purchasable","14":"product-type-simple"},"brands":[],"_links":{"self":[{"href":"https:\/\/tenda.elmasove.com\/es\/wp-json\/wp\/v2\/product\/365","targetHints":{"allow":["GET"]}}],"collection":[{"href":"https:\/\/tenda.elmasove.com\/es\/wp-json\/wp\/v2\/product"}],"about":[{"href":"https:\/\/tenda.elmasove.com\/es\/wp-json\/wp\/v2\/types\/product"}],"wp:featuredmedia":[{"embeddable":true,"href":"https:\/\/tenda.elmasove.com\/es\/wp-json\/wp\/v2\/media\/364"}],"wp:attachment":[{"href":"https:\/\/tenda.elmasove.com\/es\/wp-json\/wp\/v2\/media?parent=365"}],"wp:term":[{"taxonomy":"pwb-brand","embeddable":true,"href":"https:\/\/tenda.elmasove.com\/es\/wp-json\/wp\/v2\/pwb-brand?post=365"},{"taxonomy":"product_brand","embeddable":true,"href":"https:\/\/tenda.elmasove.com\/es\/wp-json\/wp\/v2\/product_brand?post=365"},{"taxonomy":"product_cat","embeddable":true,"href":"https:\/\/tenda.elmasove.com\/es\/wp-json\/wp\/v2\/product_cat?post=365"},{"taxonomy":"product_tag","embeddable":true,"href":"https:\/\/tenda.elmasove.com\/es\/wp-json\/wp\/v2\/product_tag?post=365"}],"curies":[{"name":"wp","href":"https:\/\/api.w.org\/{rel}","templated":true}]}}