{"id":363,"date":"2014-11-24T07:30:25","date_gmt":"2014-11-24T06:30:25","guid":{"rendered":"http:\/\/wp.elmasove.com\/product\/ampolla-0-5l-vinagre-de-poma\/"},"modified":"2023-04-12T12:23:25","modified_gmt":"2023-04-12T10:23:25","slug":"ampolla-0-5l-vinagre-de-poma","status":"publish","type":"product","link":"https:\/\/tenda.elmasove.com\/es\/tienda\/olis-i-vinagres\/vinagre\/ampolla-0-5l-vinagre-de-poma\/","title":{"rendered":"Vinagre de Manzana &quot;El Masove&quot; (0,5L)"},"content":{"rendered":"<p>Vinagre de manzana El Masove botella 500 ml. Vinagre elaborado con zumo de manzanas cuidadosamente seleccionadas y en su punto justo de maduraci\u00f3n. Un vinagre con un toque caracter\u00edstico de color y suave sabor. Ideal para todo tipo de ensaladas frescas y verduras y tambi\u00e9n para elaborar helados. No es recomendable para salsas o platos calientes.<\/p>","protected":false},"excerpt":{"rendered":"<p>Vinagre de manzana El Masove botella 500 ml. Vinagre elaborado con zumo de manzanas cuidadosamente seleccionadas y en su punto justo de maduraci\u00f3n.<\/p>","protected":false},"featured_media":362,"template":"","meta":[],"pwb-brand":[191],"product_brand":[],"product_cat":[15,51],"product_tag":[],"class_list":{"0":"post-363","1":"product","2":"type-product","3":"status-publish","4":"has-post-thumbnail","6":"pwb-brand-el-masove","7":"product_cat-olis-i-vinagres","8":"product_cat-vinagre","10":"first","11":"instock","12":"taxable","13":"shipping-taxable","14":"purchasable","15":"product-type-simple"},"brands":[{"id":191,"name":"El Masove","slug":"el-masove"}],"_links":{"self":[{"href":"https:\/\/tenda.elmasove.com\/es\/wp-json\/wp\/v2\/product\/363","targetHints":{"allow":["GET"]}}],"collection":[{"href":"https:\/\/tenda.elmasove.com\/es\/wp-json\/wp\/v2\/product"}],"about":[{"href":"https:\/\/tenda.elmasove.com\/es\/wp-json\/wp\/v2\/types\/product"}],"wp:featuredmedia":[{"embeddable":true,"href":"https:\/\/tenda.elmasove.com\/es\/wp-json\/wp\/v2\/media\/362"}],"wp:attachment":[{"href":"https:\/\/tenda.elmasove.com\/es\/wp-json\/wp\/v2\/media?parent=363"}],"wp:term":[{"taxonomy":"pwb-brand","embeddable":true,"href":"https:\/\/tenda.elmasove.com\/es\/wp-json\/wp\/v2\/pwb-brand?post=363"},{"taxonomy":"product_brand","embeddable":true,"href":"https:\/\/tenda.elmasove.com\/es\/wp-json\/wp\/v2\/product_brand?post=363"},{"taxonomy":"product_cat","embeddable":true,"href":"https:\/\/tenda.elmasove.com\/es\/wp-json\/wp\/v2\/product_cat?post=363"},{"taxonomy":"product_tag","embeddable":true,"href":"https:\/\/tenda.elmasove.com\/es\/wp-json\/wp\/v2\/product_tag?post=363"}],"curies":[{"name":"wp","href":"https:\/\/api.w.org\/{rel}","templated":true}]}}