{"id":361,"date":"2014-11-24T07:30:25","date_gmt":"2014-11-24T06:30:25","guid":{"rendered":"http:\/\/wp.elmasove.com\/product\/ampolla-250ml-vinagre-modena-balsamic\/"},"modified":"2023-04-12T12:23:40","modified_gmt":"2023-04-12T10:23:40","slug":"vinagre-de-modena-balsamic-el-masove-250ml","status":"publish","type":"product","link":"https:\/\/tenda.elmasove.com\/es\/tienda\/olis-i-vinagres\/vinagre\/vinagre-de-modena-balsamic-el-masove-250ml\/","title":{"rendered":"Vinagre de M\u00f3dena Balsamico &quot;El Masove&quot; (250ml)"},"content":{"rendered":"<p>Vinagre de M\u00f3dena Bals\u00e1mico El Masove botella de 250 ml. Vinagre elaborado en M\u00f3dena con uva de la Regi\u00f3n de Emilia Romana. Vinagre envejecido en botas durante 4 meses, de aspecto oscuro y denso, con reflejos morados y un agradable equilibrio agridulce.<\/p>","protected":false},"excerpt":{"rendered":"<p>Vinagre de M\u00f3dena Bals\u00e1mico El Masove botella de 250 ml. Vinagre elaborado en M\u00f3dena con uva de la Regi\u00f3n de Emilia Romana. Vinagre envejecido en botas durante 4 meses, de aspecto oscuro y denso, con reflejos morados y un agradable equilibrio agridulce.<\/p>","protected":false},"featured_media":360,"template":"","meta":[],"pwb-brand":[191],"product_brand":[],"product_cat":[15,51],"product_tag":[],"class_list":{"0":"post-361","1":"product","2":"type-product","3":"status-publish","4":"has-post-thumbnail","6":"pwb-brand-el-masove","7":"product_cat-olis-i-vinagres","8":"product_cat-vinagre","10":"first","11":"instock","12":"taxable","13":"shipping-taxable","14":"purchasable","15":"product-type-simple"},"brands":[{"id":191,"name":"El Masove","slug":"el-masove"}],"_links":{"self":[{"href":"https:\/\/tenda.elmasove.com\/es\/wp-json\/wp\/v2\/product\/361","targetHints":{"allow":["GET"]}}],"collection":[{"href":"https:\/\/tenda.elmasove.com\/es\/wp-json\/wp\/v2\/product"}],"about":[{"href":"https:\/\/tenda.elmasove.com\/es\/wp-json\/wp\/v2\/types\/product"}],"wp:featuredmedia":[{"embeddable":true,"href":"https:\/\/tenda.elmasove.com\/es\/wp-json\/wp\/v2\/media\/360"}],"wp:attachment":[{"href":"https:\/\/tenda.elmasove.com\/es\/wp-json\/wp\/v2\/media?parent=361"}],"wp:term":[{"taxonomy":"pwb-brand","embeddable":true,"href":"https:\/\/tenda.elmasove.com\/es\/wp-json\/wp\/v2\/pwb-brand?post=361"},{"taxonomy":"product_brand","embeddable":true,"href":"https:\/\/tenda.elmasove.com\/es\/wp-json\/wp\/v2\/product_brand?post=361"},{"taxonomy":"product_cat","embeddable":true,"href":"https:\/\/tenda.elmasove.com\/es\/wp-json\/wp\/v2\/product_cat?post=361"},{"taxonomy":"product_tag","embeddable":true,"href":"https:\/\/tenda.elmasove.com\/es\/wp-json\/wp\/v2\/product_tag?post=361"}],"curies":[{"name":"wp","href":"https:\/\/api.w.org\/{rel}","templated":true}]}}