{"id":342,"date":"2014-11-24T07:30:25","date_gmt":"2014-11-24T06:30:25","guid":{"rendered":"http:\/\/wp.elmasove.com\/product\/ampolla-0-5l-oli-verge-extra-el-masove\/"},"modified":"2023-04-12T12:27:22","modified_gmt":"2023-04-12T10:27:22","slug":"ampolla-0-5l-oli-verge-extra-el-masove","status":"publish","type":"product","link":"https:\/\/tenda.elmasove.com\/es\/tienda\/olis-i-vinagres\/oli-verge-extra\/ampolla-0-5l-oli-verge-extra-el-masove\/","title":{"rendered":"Aceite Virgen Extra &quot;El Masove&quot; (0&#039;5L)"},"content":{"rendered":"<p>Aceite obtenido al realizar un cuidado coupage de diferentes variedades de aceites de oliva virgen extra donde la arbequina es la protagonista. Le acompa\u00f1amos con hojiblanca y cornicabra, en porcentajes que pueden variar durante el a\u00f1o seg\u00fan las caracter\u00edsticas organol\u00e9pticas del aceite en cada momento. La variedad arbequina es una variedad aut\u00f3ctona de las tierras catalanas y que se caracteriza por su suavidad y su aroma. Las variedades hojiblanca y cornicabra son propias de otros lugares de la geograf\u00eda peninsular y se caracterizan por su dulzura. Con este coupage de variedades, meramente seleccionadas, obtenemos un aceite realmente especial que combina las mejores caracter\u00edsticas de cada variedad, consiguiendo un aceite muy compensado en aroma y sabor \u00fanico en el mundo.<\/p>","protected":false},"excerpt":{"rendered":"<p>Aceite obtenido al realizar un cuidado coupage de diferentes variedades de aceites de oliva virgen extra donde la arbequina es la protagonista. Le acompa\u00f1amos con hojiblanca y cornicabra, en porcentajes que pueden variar durante el a\u00f1o seg\u00fan las caracter\u00edsticas organol\u00e9pticas del aceite en cada momento. La variedad arbequina es una variedad aut\u00f3ctona de las tierras catalanas y que se caracteriza por su suavidad y su aroma. Las variedades hojiblanca y cornicabra son propias de otros lugares de la geograf\u00eda peninsular y se caracterizan por su dulzura. Con este coupage de variedades, meramente seleccionadas, obtenemos un aceite realmente especial que combina las mejores caracter\u00edsticas de cada variedad, consiguiendo un aceite muy compensado en aroma y sabor \u00fanico en el mundo.<\/p>","protected":false},"featured_media":341,"template":"","meta":[],"pwb-brand":[191],"product_brand":[],"product_cat":[30,15],"product_tag":[],"class_list":{"0":"post-342","1":"product","2":"type-product","3":"status-publish","4":"has-post-thumbnail","6":"pwb-brand-el-masove","7":"product_cat-oli-verge-extra","8":"product_cat-olis-i-vinagres","10":"first","11":"instock","12":"taxable","13":"shipping-taxable","14":"purchasable","15":"product-type-simple"},"brands":[{"id":191,"name":"El Masove","slug":"el-masove"}],"_links":{"self":[{"href":"https:\/\/tenda.elmasove.com\/es\/wp-json\/wp\/v2\/product\/342","targetHints":{"allow":["GET"]}}],"collection":[{"href":"https:\/\/tenda.elmasove.com\/es\/wp-json\/wp\/v2\/product"}],"about":[{"href":"https:\/\/tenda.elmasove.com\/es\/wp-json\/wp\/v2\/types\/product"}],"wp:featuredmedia":[{"embeddable":true,"href":"https:\/\/tenda.elmasove.com\/es\/wp-json\/wp\/v2\/media\/341"}],"wp:attachment":[{"href":"https:\/\/tenda.elmasove.com\/es\/wp-json\/wp\/v2\/media?parent=342"}],"wp:term":[{"taxonomy":"pwb-brand","embeddable":true,"href":"https:\/\/tenda.elmasove.com\/es\/wp-json\/wp\/v2\/pwb-brand?post=342"},{"taxonomy":"product_brand","embeddable":true,"href":"https:\/\/tenda.elmasove.com\/es\/wp-json\/wp\/v2\/product_brand?post=342"},{"taxonomy":"product_cat","embeddable":true,"href":"https:\/\/tenda.elmasove.com\/es\/wp-json\/wp\/v2\/product_cat?post=342"},{"taxonomy":"product_tag","embeddable":true,"href":"https:\/\/tenda.elmasove.com\/es\/wp-json\/wp\/v2\/product_tag?post=342"}],"curies":[{"name":"wp","href":"https:\/\/api.w.org\/{rel}","templated":true}]}}