{"id":34,"date":"2014-11-24T07:30:20","date_gmt":"2014-11-24T06:30:20","guid":{"rendered":"http:\/\/wp.elmasove.com\/product\/garrafa-5l-pl-stic-vi-blanc-13\/"},"modified":"2023-03-27T09:42:22","modified_gmt":"2023-03-27T07:42:22","slug":"garrafa-5l-pl-stic-vi-blanc-13","status":"publish","type":"product","link":"https:\/\/tenda.elmasove.com\/es\/tienda\/begudes\/vins-i-caves\/vinos\/vins-a-granel\/vins-blancs\/garrafa-5l-pl-stic-vi-blanc-13\/","title":{"rendered":"Vino Blanco 13\u00ba \u201cEl Masove\u201d (5L)"},"content":{"rendered":"<p>Garrafa de 5 L. de pl\u00e1stico de vino blanco. Vino blanco seco de mesa superior, voluminoso y con mucho cuerpo. Vino joven que desprende una gama de aromas de nota afrutada y es caracter\u00edstico de las zonas vin\u00edcolas del Tarragon\u00e8s. Graduaci\u00f3n alcoh\u00f3lica 13\u00ba.<\/p>","protected":false},"excerpt":{"rendered":"<p>Garrafa de 5 L. de pl\u00e1stico de vino blanco. Vino blanco seco de mesa superior, voluminoso y con mucho cuerpo. Vino joven que desprende una gama de aromas de nota afrutada y es caracter\u00edstico de las zonas vin\u00edcolas del Tarragon\u00e8s. Graduaci\u00f3n alcoh\u00f3lica 13\u00ba.<\/p>","protected":false},"featured_media":33,"template":"","meta":[],"pwb-brand":[191],"product_brand":[],"product_cat":[33,85,124,17],"product_tag":[],"class_list":{"0":"post-34","1":"product","2":"type-product","3":"status-publish","4":"has-post-thumbnail","6":"pwb-brand-el-masove","7":"product_cat-vinos","8":"product_cat-vins-a-granel","9":"product_cat-vins-blancs","10":"product_cat-begudes","12":"first","13":"instock","14":"taxable","15":"shipping-taxable","16":"purchasable","17":"product-type-simple"},"brands":[{"id":191,"name":"El Masove","slug":"el-masove"}],"_links":{"self":[{"href":"https:\/\/tenda.elmasove.com\/es\/wp-json\/wp\/v2\/product\/34","targetHints":{"allow":["GET"]}}],"collection":[{"href":"https:\/\/tenda.elmasove.com\/es\/wp-json\/wp\/v2\/product"}],"about":[{"href":"https:\/\/tenda.elmasove.com\/es\/wp-json\/wp\/v2\/types\/product"}],"wp:featuredmedia":[{"embeddable":true,"href":"https:\/\/tenda.elmasove.com\/es\/wp-json\/wp\/v2\/media\/33"}],"wp:attachment":[{"href":"https:\/\/tenda.elmasove.com\/es\/wp-json\/wp\/v2\/media?parent=34"}],"wp:term":[{"taxonomy":"pwb-brand","embeddable":true,"href":"https:\/\/tenda.elmasove.com\/es\/wp-json\/wp\/v2\/pwb-brand?post=34"},{"taxonomy":"product_brand","embeddable":true,"href":"https:\/\/tenda.elmasove.com\/es\/wp-json\/wp\/v2\/product_brand?post=34"},{"taxonomy":"product_cat","embeddable":true,"href":"https:\/\/tenda.elmasove.com\/es\/wp-json\/wp\/v2\/product_cat?post=34"},{"taxonomy":"product_tag","embeddable":true,"href":"https:\/\/tenda.elmasove.com\/es\/wp-json\/wp\/v2\/product_tag?post=34"}],"curies":[{"name":"wp","href":"https:\/\/api.w.org\/{rel}","templated":true}]}}