{"id":336,"date":"2014-11-24T07:30:25","date_gmt":"2014-11-24T06:30:25","guid":{"rendered":"http:\/\/wp.elmasove.com\/product\/ampolla-2l-oli-verge-extra-jaen\/"},"modified":"2026-02-23T13:18:28","modified_gmt":"2026-02-23T12:18:28","slug":"ampolla-2l-oli-verge-extra-jaen","status":"publish","type":"product","link":"https:\/\/tenda.elmasove.com\/es\/tienda\/olis-i-vinagres\/oli-verge-extra\/ampolla-2l-oli-verge-extra-jaen\/","title":{"rendered":"Aceite Virgen Extra Jaen \u201cEl Masove\u201d (2L)"},"content":{"rendered":"<p>El aceite de oliva virgen extra sur, fruto obtenido de una depurada selecci\u00f3n y una exigente elecci\u00f3n de entre los mejores olivos centenarios de la zona sur, principalmente Jaen y C\u00f3rdoba en el que predomina y destaca la variedad; Picual. Nuestro aceite destaca por su color verde intenso. En nariz tiene matices de fruto de higuera, pl\u00e1tano y tomate. En boca presenta una sensaci\u00f3n compleja, pero fresca con intensidad media de picante y amargo tan caracter\u00edstico de la variedad. Tiene una gran concentraci\u00f3n de polifenoles (antioxidantes naturales) que aportan un gran valor nutricional y al mismo tiempo hacen que este producto sea el m\u00e1s estable que existe.<\/p>","protected":false},"excerpt":{"rendered":"<p>El aceite de oliva virgen extra sur, fruto obtenido de una depurada selecci\u00f3n y una exigente elecci\u00f3n de entre los mejores olivos centenarios de la zona sur, principalmente Jaen y C\u00f3rdoba en el que predomina y destaca la variedad; Picual. Nuestro aceite destaca por su color verde intenso. En nariz tiene matices de fruto de higuera, pl\u00e1tano y tomate. En boca presenta una sensaci\u00f3n compleja, pero fresca con intensidad media de picante y amargo tan caracter\u00edstico de la variedad. Tiene una gran concentraci\u00f3n de polifenoles (antioxidantes naturales) que aportan un gran valor nutricional y al mismo tiempo hacen que este producto sea el m\u00e1s estable que existe.<\/p>","protected":false},"featured_media":335,"template":"","meta":[],"pwb-brand":[191],"product_brand":[],"product_cat":[30,15],"product_tag":[],"class_list":{"0":"post-336","1":"product","2":"type-product","3":"status-publish","4":"has-post-thumbnail","6":"pwb-brand-el-masove","7":"product_cat-oli-verge-extra","8":"product_cat-olis-i-vinagres","10":"first","11":"instock","12":"taxable","13":"shipping-taxable","14":"purchasable","15":"product-type-simple"},"brands":[{"id":191,"name":"El Masove","slug":"el-masove"}],"_links":{"self":[{"href":"https:\/\/tenda.elmasove.com\/es\/wp-json\/wp\/v2\/product\/336","targetHints":{"allow":["GET"]}}],"collection":[{"href":"https:\/\/tenda.elmasove.com\/es\/wp-json\/wp\/v2\/product"}],"about":[{"href":"https:\/\/tenda.elmasove.com\/es\/wp-json\/wp\/v2\/types\/product"}],"wp:featuredmedia":[{"embeddable":true,"href":"https:\/\/tenda.elmasove.com\/es\/wp-json\/wp\/v2\/media\/335"}],"wp:attachment":[{"href":"https:\/\/tenda.elmasove.com\/es\/wp-json\/wp\/v2\/media?parent=336"}],"wp:term":[{"taxonomy":"pwb-brand","embeddable":true,"href":"https:\/\/tenda.elmasove.com\/es\/wp-json\/wp\/v2\/pwb-brand?post=336"},{"taxonomy":"product_brand","embeddable":true,"href":"https:\/\/tenda.elmasove.com\/es\/wp-json\/wp\/v2\/product_brand?post=336"},{"taxonomy":"product_cat","embeddable":true,"href":"https:\/\/tenda.elmasove.com\/es\/wp-json\/wp\/v2\/product_cat?post=336"},{"taxonomy":"product_tag","embeddable":true,"href":"https:\/\/tenda.elmasove.com\/es\/wp-json\/wp\/v2\/product_tag?post=336"}],"curies":[{"name":"wp","href":"https:\/\/api.w.org\/{rel}","templated":true}]}}