{"id":330,"date":"2014-11-24T07:30:25","date_gmt":"2014-11-24T06:30:25","guid":{"rendered":"http:\/\/wp.elmasove.com\/product\/caixa-3x5l-oli-de-tort-d-oliva\/"},"modified":"2024-02-19T11:11:12","modified_gmt":"2024-02-19T10:11:12","slug":"caixa-3x5l-oli-de-tort-d-oliva","status":"publish","type":"product","link":"https:\/\/tenda.elmasove.com\/es\/tienda\/olis-i-vinagres\/oli-d-oliva\/caixa-3x5l-oli-de-tort-d-oliva\/","title":{"rendered":"Aceite Oliva de Tort\u00f3 \u201cEl Masove\u201d (3x5L)"},"content":{"rendered":"<p>Aceite elaborado con aceite de turt\u00f3n de oliva refinado (refinado de segundas prensadas de la oliva) y aceite de oliva virgen extra. Aceite muy utilizado en el mundo de la hosteler\u00eda, ya que es v\u00e1lido para cualquier uso, tanto para cocinar en general, como para elaborar salsas y fre\u00edr.<\/p>","protected":false},"excerpt":{"rendered":"<p>Aceite elaborado con aceite de turt\u00f3n de oliva refinado (refinado de segundas prensadas de la oliva) y aceite de oliva virgen extra.<\/p>","protected":false},"featured_media":328,"template":"","meta":[],"pwb-brand":[191],"product_brand":[],"product_cat":[37,15],"product_tag":[],"class_list":{"0":"post-330","1":"product","2":"type-product","3":"status-publish","4":"has-post-thumbnail","6":"pwb-brand-el-masove","7":"product_cat-oli-d-oliva","8":"product_cat-olis-i-vinagres","10":"first","11":"instock","12":"taxable","13":"shipping-taxable","14":"purchasable","15":"product-type-simple"},"brands":[{"id":191,"name":"El Masove","slug":"el-masove"}],"_links":{"self":[{"href":"https:\/\/tenda.elmasove.com\/es\/wp-json\/wp\/v2\/product\/330","targetHints":{"allow":["GET"]}}],"collection":[{"href":"https:\/\/tenda.elmasove.com\/es\/wp-json\/wp\/v2\/product"}],"about":[{"href":"https:\/\/tenda.elmasove.com\/es\/wp-json\/wp\/v2\/types\/product"}],"wp:featuredmedia":[{"embeddable":true,"href":"https:\/\/tenda.elmasove.com\/es\/wp-json\/wp\/v2\/media\/328"}],"wp:attachment":[{"href":"https:\/\/tenda.elmasove.com\/es\/wp-json\/wp\/v2\/media?parent=330"}],"wp:term":[{"taxonomy":"pwb-brand","embeddable":true,"href":"https:\/\/tenda.elmasove.com\/es\/wp-json\/wp\/v2\/pwb-brand?post=330"},{"taxonomy":"product_brand","embeddable":true,"href":"https:\/\/tenda.elmasove.com\/es\/wp-json\/wp\/v2\/product_brand?post=330"},{"taxonomy":"product_cat","embeddable":true,"href":"https:\/\/tenda.elmasove.com\/es\/wp-json\/wp\/v2\/product_cat?post=330"},{"taxonomy":"product_tag","embeddable":true,"href":"https:\/\/tenda.elmasove.com\/es\/wp-json\/wp\/v2\/product_tag?post=330"}],"curies":[{"name":"wp","href":"https:\/\/api.w.org\/{rel}","templated":true}]}}