{"id":32,"date":"2014-11-24T07:30:20","date_gmt":"2014-11-24T06:30:20","guid":{"rendered":"http:\/\/wp.elmasove.com\/product\/garrafa-5l-pl-stic-vi-blanc-11\/"},"modified":"2023-03-27T09:55:13","modified_gmt":"2023-03-27T07:55:13","slug":"garrafa-5l-pl-stic-vi-blanc-11","status":"publish","type":"product","link":"https:\/\/tenda.elmasove.com\/es\/tienda\/begudes\/vins-i-caves\/vinos\/vins-a-granel\/vins-blancs\/garrafa-5l-pl-stic-vi-blanc-11\/","title":{"rendered":"Vino Blanco 11\u00ba \u201cEl Masove\u201d (5L)"},"content":{"rendered":"<p>Garrafa de 5 L. de pl\u00e1stico. Vino blanco seco de mesa extra, de sabor suave, fresco y ligero. Vino joven que desprende aromas a fruta blanca y es caracter\u00edstico de las zonas vin\u00edcolas del Pened\u00e8s. Graduaci\u00f3n alcoh\u00f3lica 11\u00ba.<\/p>","protected":false},"excerpt":{"rendered":"<p>Garrafa de 5 L. de pl\u00e1stico. Vino blanco seco de mesa extra, de sabor suave, fresco y ligero. Vino joven que desprende aromas a fruta blanca y es caracter\u00edstico de las zonas vin\u00edcolas del Pened\u00e8s. Graduaci\u00f3n alcoh\u00f3lica 11\u00ba.<\/p>","protected":false},"featured_media":31,"template":"","meta":[],"pwb-brand":[191],"product_brand":[],"product_cat":[33,85,124,17],"product_tag":[],"class_list":{"0":"post-32","1":"product","2":"type-product","3":"status-publish","4":"has-post-thumbnail","6":"pwb-brand-el-masove","7":"product_cat-vinos","8":"product_cat-vins-a-granel","9":"product_cat-vins-blancs","10":"product_cat-begudes","12":"first","13":"instock","14":"taxable","15":"shipping-taxable","16":"purchasable","17":"product-type-simple"},"brands":[{"id":191,"name":"El Masove","slug":"el-masove"}],"_links":{"self":[{"href":"https:\/\/tenda.elmasove.com\/es\/wp-json\/wp\/v2\/product\/32","targetHints":{"allow":["GET"]}}],"collection":[{"href":"https:\/\/tenda.elmasove.com\/es\/wp-json\/wp\/v2\/product"}],"about":[{"href":"https:\/\/tenda.elmasove.com\/es\/wp-json\/wp\/v2\/types\/product"}],"wp:featuredmedia":[{"embeddable":true,"href":"https:\/\/tenda.elmasove.com\/es\/wp-json\/wp\/v2\/media\/31"}],"wp:attachment":[{"href":"https:\/\/tenda.elmasove.com\/es\/wp-json\/wp\/v2\/media?parent=32"}],"wp:term":[{"taxonomy":"pwb-brand","embeddable":true,"href":"https:\/\/tenda.elmasove.com\/es\/wp-json\/wp\/v2\/pwb-brand?post=32"},{"taxonomy":"product_brand","embeddable":true,"href":"https:\/\/tenda.elmasove.com\/es\/wp-json\/wp\/v2\/product_brand?post=32"},{"taxonomy":"product_cat","embeddable":true,"href":"https:\/\/tenda.elmasove.com\/es\/wp-json\/wp\/v2\/product_cat?post=32"},{"taxonomy":"product_tag","embeddable":true,"href":"https:\/\/tenda.elmasove.com\/es\/wp-json\/wp\/v2\/product_tag?post=32"}],"curies":[{"name":"wp","href":"https:\/\/api.w.org\/{rel}","templated":true}]}}