{"id":319,"date":"2014-11-24T07:30:24","date_gmt":"2014-11-24T06:30:24","guid":{"rendered":"http:\/\/wp.elmasove.com\/product\/caixa-8x2l-oli-d-oliva-sabor-fruitat\/"},"modified":"2024-02-19T11:06:45","modified_gmt":"2024-02-19T10:06:45","slug":"caixa-8x2l-oli-d-oliva-sabor-fruitat","status":"publish","type":"product","link":"https:\/\/tenda.elmasove.com\/es\/tienda\/olis-i-vinagres\/oli-d-oliva\/caixa-8x2l-oli-d-oliva-sabor-fruitat\/","title":{"rendered":"Aceite de Oliva afrutado &quot;El Masove&quot; (8x2L)"},"content":{"rendered":"<p>Aceite elaborado con aceite de oliva refinado y aceite de oliva virgen extra. El aceite de oliva refinado se obtiene a partir del refinado de los aceites de oliva v\u00edrgenes que no alcanzan el nivel de calidad adecuado para ser considerados v\u00e1lidos para su comercializaci\u00f3n como aceites de oliva v\u00edrgenes o v\u00edrgenes extras. El aceite de oliva virgen extra se a\u00f1ade para darle cuerpo al aceite resultante, tanto a nivel de gusto como aroma. Con una determinada calidad de virgen extra, alrededor del 40%, obtenemos el aceite de oliva sabor afrutado, aceite muy equilibrado, compuesto todo de primeras y v\u00e1lido para cualquier uso.<\/p>","protected":false},"excerpt":{"rendered":"<p>Aceite elaborado con aceite de oliva refinado y aceite de oliva virgen extra. Caja de 8 botellas de 2 litros.<\/p>","protected":false},"featured_media":318,"template":"","meta":[],"pwb-brand":[191],"product_brand":[],"product_cat":[37,15],"product_tag":[],"class_list":{"0":"post-319","1":"product","2":"type-product","3":"status-publish","4":"has-post-thumbnail","6":"pwb-brand-el-masove","7":"product_cat-oli-d-oliva","8":"product_cat-olis-i-vinagres","10":"first","11":"instock","12":"taxable","13":"shipping-taxable","14":"purchasable","15":"product-type-simple"},"brands":[{"id":191,"name":"El Masove","slug":"el-masove"}],"_links":{"self":[{"href":"https:\/\/tenda.elmasove.com\/es\/wp-json\/wp\/v2\/product\/319","targetHints":{"allow":["GET"]}}],"collection":[{"href":"https:\/\/tenda.elmasove.com\/es\/wp-json\/wp\/v2\/product"}],"about":[{"href":"https:\/\/tenda.elmasove.com\/es\/wp-json\/wp\/v2\/types\/product"}],"wp:featuredmedia":[{"embeddable":true,"href":"https:\/\/tenda.elmasove.com\/es\/wp-json\/wp\/v2\/media\/318"}],"wp:attachment":[{"href":"https:\/\/tenda.elmasove.com\/es\/wp-json\/wp\/v2\/media?parent=319"}],"wp:term":[{"taxonomy":"pwb-brand","embeddable":true,"href":"https:\/\/tenda.elmasove.com\/es\/wp-json\/wp\/v2\/pwb-brand?post=319"},{"taxonomy":"product_brand","embeddable":true,"href":"https:\/\/tenda.elmasove.com\/es\/wp-json\/wp\/v2\/product_brand?post=319"},{"taxonomy":"product_cat","embeddable":true,"href":"https:\/\/tenda.elmasove.com\/es\/wp-json\/wp\/v2\/product_cat?post=319"},{"taxonomy":"product_tag","embeddable":true,"href":"https:\/\/tenda.elmasove.com\/es\/wp-json\/wp\/v2\/product_tag?post=319"}],"curies":[{"name":"wp","href":"https:\/\/api.w.org\/{rel}","templated":true}]}}