{"id":317,"date":"2014-11-24T07:30:24","date_gmt":"2014-11-24T06:30:24","guid":{"rendered":"http:\/\/wp.elmasove.com\/product\/ampolla-5l-oli-d-oliva-sabor-gust-s\/"},"modified":"2023-11-06T12:01:32","modified_gmt":"2023-11-06T11:01:32","slug":"ampolla-5l-oli-d-oliva-sabor-gust-s","status":"publish","type":"product","link":"https:\/\/tenda.elmasove.com\/es\/tienda\/olis-i-vinagres\/oli-d-oliva\/ampolla-5l-oli-d-oliva-sabor-gust-s\/","title":{"rendered":"ACEITE DE OLIVA GUSTOSO \u201cEl Masove\u201d (5L)"},"content":{"rendered":"<p>Aceite elaborado con aceite de oliva refinado y aceite de oliva virgen extra. El aceite de oliva refinado se obtiene a partir del refinado de los aceites de oliva v\u00edrgenes que no alcanzan el nivel de calidad adecuado para ser considerados v\u00e1lidos para su comercializaci\u00f3n como aceites de oliva v\u00edrgenes o v\u00edrgenes extras. El aceite de oliva virgen extra se a\u00f1ade para darle cuerpo al aceite resultante, tanto a nivel de gusto como aroma. Con una determinada calidad de virgen extra, alrededor del 60%, obtenemos el aceite de oliva sabor sabroso, aceite muy equilibrado, compuesto todo de primeras y v\u00e1lido para cualquier uso.<\/p>","protected":false},"excerpt":{"rendered":"<p>Aceite elaborado con aceite de oliva refinado y aceite de oliva virgen extra.<\/p>","protected":false},"featured_media":316,"template":"","meta":[],"pwb-brand":[191],"product_brand":[],"product_cat":[37,15],"product_tag":[],"class_list":{"0":"post-317","1":"product","2":"type-product","3":"status-publish","4":"has-post-thumbnail","6":"pwb-brand-el-masove","7":"product_cat-oli-d-oliva","8":"product_cat-olis-i-vinagres","10":"first","11":"instock","12":"taxable","13":"shipping-taxable","14":"purchasable","15":"product-type-simple"},"brands":[{"id":191,"name":"El Masove","slug":"el-masove"}],"_links":{"self":[{"href":"https:\/\/tenda.elmasove.com\/es\/wp-json\/wp\/v2\/product\/317","targetHints":{"allow":["GET"]}}],"collection":[{"href":"https:\/\/tenda.elmasove.com\/es\/wp-json\/wp\/v2\/product"}],"about":[{"href":"https:\/\/tenda.elmasove.com\/es\/wp-json\/wp\/v2\/types\/product"}],"wp:featuredmedia":[{"embeddable":true,"href":"https:\/\/tenda.elmasove.com\/es\/wp-json\/wp\/v2\/media\/316"}],"wp:attachment":[{"href":"https:\/\/tenda.elmasove.com\/es\/wp-json\/wp\/v2\/media?parent=317"}],"wp:term":[{"taxonomy":"pwb-brand","embeddable":true,"href":"https:\/\/tenda.elmasove.com\/es\/wp-json\/wp\/v2\/pwb-brand?post=317"},{"taxonomy":"product_brand","embeddable":true,"href":"https:\/\/tenda.elmasove.com\/es\/wp-json\/wp\/v2\/product_brand?post=317"},{"taxonomy":"product_cat","embeddable":true,"href":"https:\/\/tenda.elmasove.com\/es\/wp-json\/wp\/v2\/product_cat?post=317"},{"taxonomy":"product_tag","embeddable":true,"href":"https:\/\/tenda.elmasove.com\/es\/wp-json\/wp\/v2\/product_tag?post=317"}],"curies":[{"name":"wp","href":"https:\/\/api.w.org\/{rel}","templated":true}]}}