{"id":305,"date":"2014-11-24T07:30:24","date_gmt":"2014-11-24T06:30:24","guid":{"rendered":"http:\/\/wp.elmasove.com\/product\/ampolla-2l-oli-de-llavors-la-masovera\/"},"modified":"2026-02-23T12:59:04","modified_gmt":"2026-02-23T11:59:04","slug":"ampolla-2l-oli-de-llavors-la-masovera","status":"publish","type":"product","link":"https:\/\/tenda.elmasove.com\/es\/tienda\/olis-i-vinagres\/oli-vegetal\/ampolla-2l-oli-de-llavors-la-masovera\/","title":{"rendered":"Aceite de Semillas &quot;La Masovera&quot; (2L)"},"content":{"rendered":"<p>El aceite de semillas es un tipo de aceite especialmente recomendado para fre\u00edr y para la elaboraci\u00f3n de salsas como pueden ser mayonesas, ajos y aceite, etc. Est\u00e1 compuesto de diferentes vegetales, como pueden ser girasol, ma\u00edz, soja y granito de uva, principalmente. Este tipo de aceite es rico en \u00e1cidos grasos mono o poliinsaturados, y se caracteriza por su sabor neutro.<\/p>","protected":false},"excerpt":{"rendered":"<p>El aceite de semillas es un tipo de aceite especialmente recomendado para fre\u00edr y para la elaboraci\u00f3n de salsas como mayonesas, ajos y aceite, etc. Botella de 2 litros.<\/p>","protected":false},"featured_media":304,"template":"","meta":[],"pwb-brand":[],"product_brand":[],"product_cat":[15,46],"product_tag":[],"class_list":{"0":"post-305","1":"product","2":"type-product","3":"status-publish","4":"has-post-thumbnail","6":"product_cat-olis-i-vinagres","7":"product_cat-oli-vegetal","9":"first","10":"instock","11":"taxable","12":"shipping-taxable","13":"purchasable","14":"product-type-simple"},"brands":[],"_links":{"self":[{"href":"https:\/\/tenda.elmasove.com\/es\/wp-json\/wp\/v2\/product\/305","targetHints":{"allow":["GET"]}}],"collection":[{"href":"https:\/\/tenda.elmasove.com\/es\/wp-json\/wp\/v2\/product"}],"about":[{"href":"https:\/\/tenda.elmasove.com\/es\/wp-json\/wp\/v2\/types\/product"}],"wp:featuredmedia":[{"embeddable":true,"href":"https:\/\/tenda.elmasove.com\/es\/wp-json\/wp\/v2\/media\/304"}],"wp:attachment":[{"href":"https:\/\/tenda.elmasove.com\/es\/wp-json\/wp\/v2\/media?parent=305"}],"wp:term":[{"taxonomy":"pwb-brand","embeddable":true,"href":"https:\/\/tenda.elmasove.com\/es\/wp-json\/wp\/v2\/pwb-brand?post=305"},{"taxonomy":"product_brand","embeddable":true,"href":"https:\/\/tenda.elmasove.com\/es\/wp-json\/wp\/v2\/product_brand?post=305"},{"taxonomy":"product_cat","embeddable":true,"href":"https:\/\/tenda.elmasove.com\/es\/wp-json\/wp\/v2\/product_cat?post=305"},{"taxonomy":"product_tag","embeddable":true,"href":"https:\/\/tenda.elmasove.com\/es\/wp-json\/wp\/v2\/product_tag?post=305"}],"curies":[{"name":"wp","href":"https:\/\/api.w.org\/{rel}","templated":true}]}}