{"id":285,"date":"2014-11-24T07:30:24","date_gmt":"2014-11-24T06:30:24","guid":{"rendered":"http:\/\/wp.elmasove.com\/product\/caixa-3x5l-oli-de-girasol\/"},"modified":"2023-04-12T12:00:33","modified_gmt":"2023-04-12T10:00:33","slug":"caixa-3x5l-oli-de-girasol","status":"publish","type":"product","link":"https:\/\/tenda.elmasove.com\/es\/tienda\/olis-i-vinagres\/oli-vegetal\/caixa-3x5l-oli-de-girasol\/","title":{"rendered":"Aceite de Girasol &quot;La Masovera&quot; (3x5L)"},"content":{"rendered":"<p>El aceite de girasol es un aceite vegetal que se obtiene del prensado de las semillas de la planta del girasol y de su posterior refinado. Se trata de un aceite de color amarillento y de sabor neutro. Tiene un nivel de \u00e1cido oleico similar al de aceite de oliva. Se considera tambi\u00e9n un potente antioxidante. Se utiliza, principalmente, para fre\u00edr.<\/p>","protected":false},"excerpt":{"rendered":"<p>El aceite de girasol es un aceite vegetal que se obtiene del prensado de las semillas de la planta del girasol y de su posterior refinado.<\/p>","protected":false},"featured_media":284,"template":"","meta":[],"pwb-brand":[],"product_brand":[],"product_cat":[15,46],"product_tag":[],"class_list":{"0":"post-285","1":"product","2":"type-product","3":"status-publish","4":"has-post-thumbnail","6":"product_cat-olis-i-vinagres","7":"product_cat-oli-vegetal","9":"first","10":"instock","11":"taxable","12":"shipping-taxable","13":"purchasable","14":"product-type-simple"},"brands":[],"_links":{"self":[{"href":"https:\/\/tenda.elmasove.com\/es\/wp-json\/wp\/v2\/product\/285","targetHints":{"allow":["GET"]}}],"collection":[{"href":"https:\/\/tenda.elmasove.com\/es\/wp-json\/wp\/v2\/product"}],"about":[{"href":"https:\/\/tenda.elmasove.com\/es\/wp-json\/wp\/v2\/types\/product"}],"wp:featuredmedia":[{"embeddable":true,"href":"https:\/\/tenda.elmasove.com\/es\/wp-json\/wp\/v2\/media\/284"}],"wp:attachment":[{"href":"https:\/\/tenda.elmasove.com\/es\/wp-json\/wp\/v2\/media?parent=285"}],"wp:term":[{"taxonomy":"pwb-brand","embeddable":true,"href":"https:\/\/tenda.elmasove.com\/es\/wp-json\/wp\/v2\/pwb-brand?post=285"},{"taxonomy":"product_brand","embeddable":true,"href":"https:\/\/tenda.elmasove.com\/es\/wp-json\/wp\/v2\/product_brand?post=285"},{"taxonomy":"product_cat","embeddable":true,"href":"https:\/\/tenda.elmasove.com\/es\/wp-json\/wp\/v2\/product_cat?post=285"},{"taxonomy":"product_tag","embeddable":true,"href":"https:\/\/tenda.elmasove.com\/es\/wp-json\/wp\/v2\/product_tag?post=285"}],"curies":[{"name":"wp","href":"https:\/\/api.w.org\/{rel}","templated":true}]}}