{"id":283,"date":"2014-11-24T07:30:24","date_gmt":"2014-11-24T06:30:24","guid":{"rendered":"http:\/\/wp.elmasove.com\/product\/ampolla-2l-oli-de-llavors-montagut\/"},"modified":"2023-10-05T12:52:55","modified_gmt":"2023-10-05T10:52:55","slug":"oli-de-llavors-montagut-2l","status":"publish","type":"product","link":"https:\/\/tenda.elmasove.com\/es\/tienda\/olis-i-vinagres\/oli-vegetal\/oli-de-llavors-montagut-2l\/","title":{"rendered":"Aceite de Semillas \u201cMontagut\u201d (2L)"},"content":{"rendered":"<p>El Aceite de Semillas \u201cMontagut\u201d (2L) es un tipo de aceite especialmente recomendado para fre\u00edr y para la elaboraci\u00f3n de salsas como pueden ser mayonesas, ajos y aceite, etc. Est\u00e1 compuesto de diferentes vegetales, como pueden ser girasol, ma\u00edz, soja y granito de uva, principalmente. Este tipo de aceite es rico en \u00e1cidos grasos mono o poliinsaturados, y se caracteriza por su sabor neutro.<\/p>","protected":false},"excerpt":{"rendered":"<p>El Aceite de Semillas \u201cMontagut\u201d (2L) es un tipo de aceite especialmente recomendado para fre\u00edr y para la elaboraci\u00f3n de salsas como pueden ser mayonesas, ajos y aceite, etc.<\/p>","protected":false},"featured_media":282,"template":"","meta":[],"pwb-brand":[374],"product_brand":[],"product_cat":[15,46],"product_tag":[],"class_list":{"0":"post-283","1":"product","2":"type-product","3":"status-publish","4":"has-post-thumbnail","6":"pwb-brand-montagut","7":"product_cat-olis-i-vinagres","8":"product_cat-oli-vegetal","10":"first","11":"instock","12":"taxable","13":"shipping-taxable","14":"purchasable","15":"product-type-simple"},"brands":[{"id":374,"name":"Montagut","slug":"montagut"}],"_links":{"self":[{"href":"https:\/\/tenda.elmasove.com\/es\/wp-json\/wp\/v2\/product\/283","targetHints":{"allow":["GET"]}}],"collection":[{"href":"https:\/\/tenda.elmasove.com\/es\/wp-json\/wp\/v2\/product"}],"about":[{"href":"https:\/\/tenda.elmasove.com\/es\/wp-json\/wp\/v2\/types\/product"}],"wp:featuredmedia":[{"embeddable":true,"href":"https:\/\/tenda.elmasove.com\/es\/wp-json\/wp\/v2\/media\/282"}],"wp:attachment":[{"href":"https:\/\/tenda.elmasove.com\/es\/wp-json\/wp\/v2\/media?parent=283"}],"wp:term":[{"taxonomy":"pwb-brand","embeddable":true,"href":"https:\/\/tenda.elmasove.com\/es\/wp-json\/wp\/v2\/pwb-brand?post=283"},{"taxonomy":"product_brand","embeddable":true,"href":"https:\/\/tenda.elmasove.com\/es\/wp-json\/wp\/v2\/product_brand?post=283"},{"taxonomy":"product_cat","embeddable":true,"href":"https:\/\/tenda.elmasove.com\/es\/wp-json\/wp\/v2\/product_cat?post=283"},{"taxonomy":"product_tag","embeddable":true,"href":"https:\/\/tenda.elmasove.com\/es\/wp-json\/wp\/v2\/product_tag?post=283"}],"curies":[{"name":"wp","href":"https:\/\/api.w.org\/{rel}","templated":true}]}}