{"id":28,"date":"2014-11-24T07:30:19","date_gmt":"2014-11-24T06:30:19","guid":{"rendered":"http:\/\/wp.elmasove.com\/product\/garrafa-4l-vi-dorat-especial-devoluci-2-al-retornar-l-env-s\/"},"modified":"2023-04-12T11:51:10","modified_gmt":"2023-04-12T09:51:10","slug":"vi-daurat-especial-avi-el-masove-4l","status":"publish","type":"product","link":"https:\/\/tenda.elmasove.com\/es\/tienda\/begudes\/vins-i-caves\/vinos\/vins-a-granel\/vins-blancs\/vi-daurat-especial-avi-el-masove-4l\/","title":{"rendered":"Vino Dorado Especial Avi \u201cEl Masove\u201d (4L) \u2013 incluido 2\u20ac envase retornable."},"content":{"rendered":"<p>Garrafa de 4 L. retornable de vino blanco. Vino blanco arranciado que de manera com\u00fan se le llama el \u201cVino del abuelo\u201d, debido a la tradici\u00f3n que antiguamente ten\u00eda mucha gente que a\u00f1adir en el momento de la fermentaci\u00f3n del vino, higos secos en \u00e9l. Este vino blanco de 13\u00ba que ten\u00eda color m\u00e1s amarillento, pasa a ser de un color m\u00e1s oscuro, echando a marr\u00f3n\/ocre. Al ser un vino de 13\u00ba tiene m\u00e1s cuerpo que el de 11\u00ba, la dulzura del higo no se nota tanto y queda un vino m\u00e1s seco y arranciado. Vino muy especial y exigente, que llena mucho en boca y parece un vino blanco que llevara un tono de vino rancio mezclado.<\/p>\n<p>Graduaci\u00f3n alcoh\u00f3lica 13-14 \u00ba.<\/p>","protected":false},"excerpt":{"rendered":"<p>Garrafa de 4 L. retornable de vino blanco. Vino blanco arranciado que de manera com\u00fan se le llama el \u201cVino del abuelo\u201d, debido a la tradici\u00f3n que antiguamente ten\u00eda mucha gente que a\u00f1adir en el momento de la fermentaci\u00f3n del vino, higos secos en \u00e9l. Este vino blanco de 13\u00ba que ten\u00eda color m\u00e1s amarillento, pasa a ser de un color m\u00e1s oscuro, echando a marr\u00f3n\/ocre. Al ser un vino de 13\u00ba tiene m\u00e1s cuerpo que el de 11\u00ba, la dulzura del higo no se nota tanto y queda un vino m\u00e1s seco y arranciado. Vino muy especial y exigente, que llena mucho en boca y parece un vino blanco que llevara un tono de vino rancio mezclado. Graduaci\u00f3n alcoh\u00f3lica 13-14 \u00ba.<\/p>","protected":false},"featured_media":27,"template":"","meta":[],"pwb-brand":[191],"product_brand":[],"product_cat":[33,85,124,17],"product_tag":[],"class_list":{"0":"post-28","1":"product","2":"type-product","3":"status-publish","4":"has-post-thumbnail","6":"pwb-brand-el-masove","7":"product_cat-vinos","8":"product_cat-vins-a-granel","9":"product_cat-vins-blancs","10":"product_cat-begudes","12":"first","13":"instock","14":"taxable","15":"shipping-taxable","16":"purchasable","17":"product-type-simple"},"brands":[{"id":191,"name":"El Masove","slug":"el-masove"}],"_links":{"self":[{"href":"https:\/\/tenda.elmasove.com\/es\/wp-json\/wp\/v2\/product\/28","targetHints":{"allow":["GET"]}}],"collection":[{"href":"https:\/\/tenda.elmasove.com\/es\/wp-json\/wp\/v2\/product"}],"about":[{"href":"https:\/\/tenda.elmasove.com\/es\/wp-json\/wp\/v2\/types\/product"}],"wp:featuredmedia":[{"embeddable":true,"href":"https:\/\/tenda.elmasove.com\/es\/wp-json\/wp\/v2\/media\/27"}],"wp:attachment":[{"href":"https:\/\/tenda.elmasove.com\/es\/wp-json\/wp\/v2\/media?parent=28"}],"wp:term":[{"taxonomy":"pwb-brand","embeddable":true,"href":"https:\/\/tenda.elmasove.com\/es\/wp-json\/wp\/v2\/pwb-brand?post=28"},{"taxonomy":"product_brand","embeddable":true,"href":"https:\/\/tenda.elmasove.com\/es\/wp-json\/wp\/v2\/product_brand?post=28"},{"taxonomy":"product_cat","embeddable":true,"href":"https:\/\/tenda.elmasove.com\/es\/wp-json\/wp\/v2\/product_cat?post=28"},{"taxonomy":"product_tag","embeddable":true,"href":"https:\/\/tenda.elmasove.com\/es\/wp-json\/wp\/v2\/product_tag?post=28"}],"curies":[{"name":"wp","href":"https:\/\/api.w.org\/{rel}","templated":true}]}}