{"id":267,"date":"2014-11-24T07:30:24","date_gmt":"2014-11-24T06:30:24","guid":{"rendered":"http:\/\/wp.elmasove.com\/product\/ampolla-1l-anis-sec-cazalla\/"},"modified":"2023-04-11T08:42:12","modified_gmt":"2023-04-11T06:42:12","slug":"anis-sec-cazalla-la-manresana-1l","status":"publish","type":"product","link":"https:\/\/tenda.elmasove.com\/es\/tienda\/begudes\/licors\/anis\/anis-sec-cazalla-la-manresana-1l\/","title":{"rendered":"An\u00eds Seco Cazalla La Manresana (1L)"},"content":{"rendered":"<p>El an\u00eds seco fue uno de los primeros productos que desarroll\u00f3 La Manresana. M\u00e1s de cincuenta a\u00f1os fabricante es su garant\u00eda de calidad.<\/p>\n<p>El an\u00eds es una bebida espirituosa de alta graduaci\u00f3n que recibe su nombre del fruto de la planta con la que suele estar hecho.<\/p>\n<p><em>An\u00eds Seco Cazalla La Manresana (1 L)<\/em><\/p>\n<p>Bebida alcoh\u00f3lica<\/p>","protected":false},"excerpt":{"rendered":"<p><em>El an\u00eds es una bebida espirituosa de alta graduaci\u00f3n que recibe su nombre del fruto de la planta con la que suele estar hecho.<\/em><\/p>\n<p><em>An\u00eds Seco Cazalla La Manresana (1 L)<\/em><\/p>\n<p>Bebida alcoh\u00f3lica<\/p>","protected":false},"featured_media":2289,"template":"","meta":[],"pwb-brand":[376],"product_brand":[],"product_cat":[111,17,52],"product_tag":[],"class_list":{"0":"post-267","1":"product","2":"type-product","3":"status-publish","4":"has-post-thumbnail","6":"pwb-brand-la-manresana","7":"product_cat-anis","8":"product_cat-begudes","9":"product_cat-licors","11":"first","12":"instock","13":"taxable","14":"shipping-taxable","15":"purchasable","16":"product-type-simple"},"brands":[{"id":376,"name":"La Manresana","slug":"la-manresana"}],"_links":{"self":[{"href":"https:\/\/tenda.elmasove.com\/es\/wp-json\/wp\/v2\/product\/267","targetHints":{"allow":["GET"]}}],"collection":[{"href":"https:\/\/tenda.elmasove.com\/es\/wp-json\/wp\/v2\/product"}],"about":[{"href":"https:\/\/tenda.elmasove.com\/es\/wp-json\/wp\/v2\/types\/product"}],"wp:featuredmedia":[{"embeddable":true,"href":"https:\/\/tenda.elmasove.com\/es\/wp-json\/wp\/v2\/media\/2289"}],"wp:attachment":[{"href":"https:\/\/tenda.elmasove.com\/es\/wp-json\/wp\/v2\/media?parent=267"}],"wp:term":[{"taxonomy":"pwb-brand","embeddable":true,"href":"https:\/\/tenda.elmasove.com\/es\/wp-json\/wp\/v2\/pwb-brand?post=267"},{"taxonomy":"product_brand","embeddable":true,"href":"https:\/\/tenda.elmasove.com\/es\/wp-json\/wp\/v2\/product_brand?post=267"},{"taxonomy":"product_cat","embeddable":true,"href":"https:\/\/tenda.elmasove.com\/es\/wp-json\/wp\/v2\/product_cat?post=267"},{"taxonomy":"product_tag","embeddable":true,"href":"https:\/\/tenda.elmasove.com\/es\/wp-json\/wp\/v2\/product_tag?post=267"}],"curies":[{"name":"wp","href":"https:\/\/api.w.org\/{rel}","templated":true}]}}