{"id":265,"date":"2014-11-24T07:30:24","date_gmt":"2014-11-24T06:30:24","guid":{"rendered":"http:\/\/wp.elmasove.com\/product\/ampolla-70cl-pacharan\/"},"modified":"2023-04-11T08:38:37","modified_gmt":"2023-04-11T06:38:37","slug":"pacharan-bideberri-70","status":"publish","type":"product","link":"https:\/\/tenda.elmasove.com\/es\/tienda\/begudes\/licors\/anis\/pacharan-bideberri-70\/","title":{"rendered":"Pacharan &quot;Bideberri&quot; (70cl)"},"content":{"rendered":"<p>Pacharan Bideberri es un pachar\u00e1n elaborado a partir de la destilaci\u00f3n de endrinos de origen vasco, an\u00eds y az\u00facar.<\/p>\n<p>Elaborado por destiler\u00edas Panizo, una empresa familiar con una larga tradici\u00f3n en el sector de bebidas alcoh\u00f3licas (licores y brisas). Su ense\u00f1a es la innovaci\u00f3n y la apuesta por nuevos productos, siempre de la m\u00e1xima calidad.<\/p>","protected":false},"excerpt":{"rendered":"<p>Pacharan Bideberri es un pachar\u00e1n elaborado a partir de la destilaci\u00f3n de endrinos de origen vasco, an\u00eds y az\u00facar.<\/p>","protected":false},"featured_media":264,"template":"","meta":[],"pwb-brand":[371],"product_brand":[],"product_cat":[111,17,52],"product_tag":[],"class_list":{"0":"post-265","1":"product","2":"type-product","3":"status-publish","4":"has-post-thumbnail","6":"pwb-brand-orujos-panizo","7":"product_cat-anis","8":"product_cat-begudes","9":"product_cat-licors","11":"first","12":"instock","13":"taxable","14":"shipping-taxable","15":"purchasable","16":"product-type-simple"},"brands":[{"id":371,"name":"Orujos Panizo","slug":"orujos-panizo"}],"_links":{"self":[{"href":"https:\/\/tenda.elmasove.com\/es\/wp-json\/wp\/v2\/product\/265","targetHints":{"allow":["GET"]}}],"collection":[{"href":"https:\/\/tenda.elmasove.com\/es\/wp-json\/wp\/v2\/product"}],"about":[{"href":"https:\/\/tenda.elmasove.com\/es\/wp-json\/wp\/v2\/types\/product"}],"wp:featuredmedia":[{"embeddable":true,"href":"https:\/\/tenda.elmasove.com\/es\/wp-json\/wp\/v2\/media\/264"}],"wp:attachment":[{"href":"https:\/\/tenda.elmasove.com\/es\/wp-json\/wp\/v2\/media?parent=265"}],"wp:term":[{"taxonomy":"pwb-brand","embeddable":true,"href":"https:\/\/tenda.elmasove.com\/es\/wp-json\/wp\/v2\/pwb-brand?post=265"},{"taxonomy":"product_brand","embeddable":true,"href":"https:\/\/tenda.elmasove.com\/es\/wp-json\/wp\/v2\/product_brand?post=265"},{"taxonomy":"product_cat","embeddable":true,"href":"https:\/\/tenda.elmasove.com\/es\/wp-json\/wp\/v2\/product_cat?post=265"},{"taxonomy":"product_tag","embeddable":true,"href":"https:\/\/tenda.elmasove.com\/es\/wp-json\/wp\/v2\/product_tag?post=265"}],"curies":[{"name":"wp","href":"https:\/\/api.w.org\/{rel}","templated":true}]}}